{"id":13,"date":"2017-02-08T17:17:17","date_gmt":"2017-02-08T16:17:17","guid":{"rendered":"http:\/\/balioenhiria.bilbao.eus\/?page_id=13"},"modified":"2020-11-02T10:39:11","modified_gmt":"2020-11-02T09:39:11","slug":"por-que-para-que","status":"publish","type":"page","link":"https:\/\/balioenhiria.bilbao.eus\/eu\/por-que-para-que\/","title":{"rendered":"Zergatik?  Zertarako?  Aurrekariak"},"content":{"rendered":"<div id=\"pl-13\"  class=\"panel-layout\" ><div id=\"pg-13-0\"  class=\"panel-grid panel-no-style\" ><div id=\"pgc-13-0-0\"  class=\"panel-grid-cell\" ><div id=\"panel-13-0-0-0\" class=\"so-panel widget widget_text panel-first-child panel-last-child\" data-index=\"0\" >\t\t\t<div class=\"textwidget\"><p><strong>Bilbao  Balioen  Hiria<\/strong>  proiektuaren  helburua  da  instituzioen,  gizarte  erakundeen,  enpresen,  hedabideen,  ikastetxeen  eta  hiritarren  arteko  analisia,  eztabaida,  hausnarketa  eta  elkarlanerako  gune  bat  sortzea,  Bilboko  balio  partekatuen  esparru  bat  sustatzeko.<\/p>\n<\/div>\n\t\t<\/div><\/div><\/div><div id=\"pg-13-1\"  class=\"panel-grid panel-no-style\" ><div id=\"pgc-13-1-0\"  class=\"panel-grid-cell panel-grid-cell-empty\" ><\/div><div id=\"pgc-13-1-1\"  class=\"panel-grid-cell panel-grid-cell-mobile-last\" ><div id=\"panel-13-1-1-0\" class=\"so-panel widget widget_text panel-first-child panel-last-child\" data-index=\"1\" >\t\t\t<div class=\"textwidget\"><img loading=\"lazy\" decoding=\"async\" src=\"http:\/\/balioenhiria.bilbao.eus\/wp-content\/uploads\/2017\/02\/presentacion.png\" alt=\"\" width=\"70\" height=\"70\" class=\"alignleft size-full wp-image-172\" srcset=\"https:\/\/balioenhiria.bilbao.eus\/wp-content\/uploads\/2017\/02\/presentacion.png 128w, https:\/\/balioenhiria.bilbao.eus\/wp-content\/uploads\/2017\/02\/presentacion-100x100.png 100w\" sizes=\"(max-width: 70px) 100vw, 70px\" \/><p style=\"font-weight: bold;font-size:35px;\"><a href=\"http:\/\/balioenhiria.bilbao.eus\/wp-content\/uploads\/2017\/02\/BilbaoBalioenHiriaAurkezpena.pdf\">Aurkezpena ikusi<\/a><\/p>><\/div>\n\t\t<\/div><\/div><div id=\"pgc-13-1-2\"  class=\"panel-grid-cell panel-grid-cell-empty\" ><\/div><\/div><div id=\"pg-13-2\"  class=\"panel-grid panel-no-style\" ><div id=\"pgc-13-2-0\"  class=\"panel-grid-cell panel-grid-cell-empty\" ><\/div><div id=\"pgc-13-2-1\"  class=\"panel-grid-cell panel-grid-cell-mobile-last\" ><div id=\"panel-13-2-1-0\" class=\"so-panel widget widget_text panel-first-child panel-last-child\" data-index=\"2\" >\t\t\t<div class=\"textwidget\"><img loading=\"lazy\" decoding=\"async\" src=\"http:\/\/balioenhiria.bilbao.eus\/wp-content\/uploads\/2017\/02\/presentacion.png\" alt=\"\" width=\"70\" height=\"70\" class=\"alignleft size-full wp-image-172\" srcset=\"https:\/\/balioenhiria.bilbao.eus\/wp-content\/uploads\/2017\/02\/presentacion.png 128w, https:\/\/balioenhiria.bilbao.eus\/wp-content\/uploads\/2017\/02\/presentacion-100x100.png 100w\" sizes=\"(max-width: 70px) 100vw, 70px\" \/><p style=\"font-weight: bold;font-size:35px;\"><a href=\"http:\/\/balioenhiria.bilbao.eus\/wp-content\/uploads\/2017\/12\/INFORME-JULIO-2017ko-UZTAILAK.-Bilbao-Balioen-Hiria.pdf\">Txostena (2017ko uztaila)<\/a><\/p><\/div>\n\t\t<\/div><\/div><div id=\"pgc-13-2-2\"  class=\"panel-grid-cell panel-grid-cell-empty\" ><\/div><\/div><div id=\"pg-13-3\"  class=\"panel-grid panel-no-style\" ><div id=\"pgc-13-3-0\"  class=\"panel-grid-cell\" ><div id=\"panel-13-3-0-0\" class=\"so-panel widget widget_text panel-first-child panel-last-child\" data-index=\"3\" >\t\t\t<div class=\"textwidget\"><h1>Zer  balio  ditu  Bilbok?<small>Inkesta<\/small><\/h1>\n<p>Como punto de partida del di\u00e1logo y reflexi\u00f3n hemos realizado una encuesta sobre los atributos que la ciudadan\u00eda considera representa a la villa de Bilbao en la actualidad, junto a aquellos que considera deber\u00edan ser sus atributos. Y, por otro lado, se han analizado los valores que se derivan de lo que la ciudadan\u00eda de Bilbao piensa, siente y hace.<\/p>\n<p>Una veintena de preguntas planteadas a partir de 1.200 encuestas administradas telef\u00f3nicamente en julio de 2016, teniendo en cuenta las variables de sexo, edad, distrito y clase social, con un error muestral del 95,45% y +2,89%.<\/p>\n<ul>\n<li><strong>Encuesta de valores de la villa de Bilbao. <a href=\"http:\/\/balioenhiria.bilbao.eus\/wp-content\/uploads\/2017\/02\/EncuestaResumenEjecutivo.pdf\">Resumen ejecutivo<\/a>.<\/strong><\/li>\n<li><strong>Encuesta de valores de la villa de Bilbao. <a href=\"http:\/\/balioenhiria.bilbao.eus\/wp-content\/uploads\/2017\/02\/EncuestaValoresInforme.pdf\">Informe: an\u00e1lisis descriptivo y explicativo<\/a>.<\/strong><\/li>\n<\/ul><\/div>\n\t\t<\/div><\/div><\/div><div id=\"pg-13-4\"  class=\"panel-grid panel-no-style\" ><div id=\"pgc-13-4-0\"  class=\"panel-grid-cell\" ><div id=\"panel-13-4-0-0\" class=\"so-panel widget widget_text panel-first-child panel-last-child\" data-index=\"4\" >\t\t\t<div class=\"textwidget\"><h1>BALIOEN VADEMECUM-A<\/h1>Gure hiriaren balioen osasunaren inguruko analisia, eztabaida eta hausnarketa errazteko eta munduko beste toki batzuetako antzerako proiektuekin konparatzeko, balioen zerrenda amaigabea <a href=\"http:\/\/balioenhiria.bilbao.eus\/wp-content\/uploads\/2017\/02\/VademecumBilbaoBalioenHiriaEU.pdf\">dekalogo<\/a> batera ekarri dugu: Giza Eskubideak errespetatzea, elkartasuna, partaidetza, konfiantza, sormena, emakumeen eta gizonen arteko berdintasuna, jasangarritasuna, konpromisoa, justizia soziala eta aniztasuna.\n\nBalio bakoitza labur-labur definitu da, helburu didaktiko eta pedagogiko batekin, eta hiritarren, gizarte erakundeen eta Udalaren eguneroko jokabideekin lotu dira.<\/div>\n\t\t<\/div><\/div><\/div><div id=\"pg-13-5\"  class=\"panel-grid panel-no-style\" ><div id=\"pgc-13-5-0\"  class=\"panel-grid-cell panel-grid-cell-empty\" ><\/div><div id=\"pgc-13-5-1\"  class=\"panel-grid-cell\" ><div id=\"panel-13-5-1-0\" class=\"so-panel widget widget_text panel-first-child panel-last-child\" data-index=\"5\" >\t\t\t<div class=\"textwidget\"><a href=\"http:\/\/balioenhiria.bilbao.eus\/eu\/vademecum-de-valores\/respeto-a-los-derechos-humanos\/\"><img loading=\"lazy\" decoding=\"async\" src=\"http:\/\/balioenhiria.bilbao.eus\/wp-content\/uploads\/2017\/02\/Giza_eskubideekiko_errespetua-300x213.jpg\" alt=\"\" width=\"300\" height=\"213\" class=\"alignnone size-medium wp-image-154\" srcset=\"https:\/\/balioenhiria.bilbao.eus\/wp-content\/uploads\/2017\/02\/Giza_eskubideekiko_errespetua-300x213.jpg 300w, https:\/\/balioenhiria.bilbao.eus\/wp-content\/uploads\/2017\/02\/Giza_eskubideekiko_errespetua-768x544.jpg 768w, https:\/\/balioenhiria.bilbao.eus\/wp-content\/uploads\/2017\/02\/Giza_eskubideekiko_errespetua-1024x725.jpg 1024w, https:\/\/balioenhiria.bilbao.eus\/wp-content\/uploads\/2017\/02\/Giza_eskubideekiko_errespetua-624x442.jpg 624w, https:\/\/balioenhiria.bilbao.eus\/wp-content\/uploads\/2017\/02\/Giza_eskubideekiko_errespetua-350x250.jpg 350w\" sizes=\"(max-width: 300px) 100vw, 300px\" \/><\/a><\/div>\n\t\t<\/div><\/div><div id=\"pgc-13-5-2\"  class=\"panel-grid-cell\" ><div id=\"panel-13-5-2-0\" class=\"so-panel widget widget_text panel-first-child panel-last-child\" data-index=\"6\" >\t\t\t<div class=\"textwidget\"><a href=\"http:\/\/balioenhiria.bilbao.eus\/eu\/vademecum-de-valores\/justicia-social\/\"><img loading=\"lazy\" decoding=\"async\" src=\"http:\/\/balioenhiria.bilbao.eus\/wp-content\/uploads\/2017\/02\/Justizia_soziala-300x213.jpg\" alt=\"\" width=\"300\" height=\"213\" class=\"alignnone size-medium wp-image-155\" srcset=\"https:\/\/balioenhiria.bilbao.eus\/wp-content\/uploads\/2017\/02\/Justizia_soziala-300x213.jpg 300w, https:\/\/balioenhiria.bilbao.eus\/wp-content\/uploads\/2017\/02\/Justizia_soziala-768x544.jpg 768w, https:\/\/balioenhiria.bilbao.eus\/wp-content\/uploads\/2017\/02\/Justizia_soziala-1024x725.jpg 1024w, https:\/\/balioenhiria.bilbao.eus\/wp-content\/uploads\/2017\/02\/Justizia_soziala-624x442.jpg 624w, https:\/\/balioenhiria.bilbao.eus\/wp-content\/uploads\/2017\/02\/Justizia_soziala-350x250.jpg 350w\" sizes=\"(max-width: 300px) 100vw, 300px\" \/><\/a><\/div>\n\t\t<\/div><\/div><div id=\"pgc-13-5-3\"  class=\"panel-grid-cell panel-grid-cell-mobile-last\" ><div id=\"panel-13-5-3-0\" class=\"so-panel widget widget_text panel-first-child panel-last-child\" data-index=\"7\" >\t\t\t<div class=\"textwidget\"><a href=\"http:\/\/balioenhiria.bilbao.eus\/eu\/vademecum-de-valores\/igualdad-entre-hombres-y-mujeres\/\"><img loading=\"lazy\" decoding=\"async\" src=\"http:\/\/balioenhiria.bilbao.eus\/wp-content\/uploads\/2017\/02\/Berdintasuna-300x213.jpg\" alt=\"\" width=\"300\" height=\"213\" class=\"alignnone size-medium wp-image-157\" srcset=\"https:\/\/balioenhiria.bilbao.eus\/wp-content\/uploads\/2017\/02\/Berdintasuna-300x213.jpg 300w, https:\/\/balioenhiria.bilbao.eus\/wp-content\/uploads\/2017\/02\/Berdintasuna-768x544.jpg 768w, https:\/\/balioenhiria.bilbao.eus\/wp-content\/uploads\/2017\/02\/Berdintasuna-1024x725.jpg 1024w, https:\/\/balioenhiria.bilbao.eus\/wp-content\/uploads\/2017\/02\/Berdintasuna-624x442.jpg 624w, https:\/\/balioenhiria.bilbao.eus\/wp-content\/uploads\/2017\/02\/Berdintasuna-350x250.jpg 350w\" sizes=\"(max-width: 300px) 100vw, 300px\" \/><\/a><\/div>\n\t\t<\/div><\/div><div id=\"pgc-13-5-4\"  class=\"panel-grid-cell panel-grid-cell-empty\" ><\/div><\/div><div id=\"pg-13-6\"  class=\"panel-grid panel-no-style\" ><div id=\"pgc-13-6-0\"  class=\"panel-grid-cell\" ><div id=\"panel-13-6-0-0\" class=\"so-panel widget widget_text panel-first-child panel-last-child\" data-index=\"8\" >\t\t\t<div class=\"textwidget\"><a href=\"http:\/\/balioenhiria.bilbao.eus\/eu\/vademecum-de-valores\/diversidad\/\"><img loading=\"lazy\" decoding=\"async\" src=\"http:\/\/balioenhiria.bilbao.eus\/wp-content\/uploads\/2017\/02\/Aniztasuna-300x213.jpg\" alt=\"\" width=\"300\" height=\"213\" class=\"alignnone size-medium wp-image-159\" srcset=\"https:\/\/balioenhiria.bilbao.eus\/wp-content\/uploads\/2017\/02\/Aniztasuna-300x213.jpg 300w, https:\/\/balioenhiria.bilbao.eus\/wp-content\/uploads\/2017\/02\/Aniztasuna-768x544.jpg 768w, https:\/\/balioenhiria.bilbao.eus\/wp-content\/uploads\/2017\/02\/Aniztasuna-1024x725.jpg 1024w, https:\/\/balioenhiria.bilbao.eus\/wp-content\/uploads\/2017\/02\/Aniztasuna-624x442.jpg 624w, https:\/\/balioenhiria.bilbao.eus\/wp-content\/uploads\/2017\/02\/Aniztasuna-350x250.jpg 350w\" sizes=\"(max-width: 300px) 100vw, 300px\" \/><\/a><\/div>\n\t\t<\/div><\/div><div id=\"pgc-13-6-1\"  class=\"panel-grid-cell\" ><div id=\"panel-13-6-1-0\" class=\"so-panel widget widget_text panel-first-child panel-last-child\" data-index=\"9\" >\t\t\t<div class=\"textwidget\"><a href=\"http:\/\/balioenhiria.bilbao.eus\/eu\/vademecum-de-valores\/solidaridad\/\"><img loading=\"lazy\" decoding=\"async\" src=\"http:\/\/balioenhiria.bilbao.eus\/wp-content\/uploads\/2017\/02\/Elkartasuna-300x213.jpg\" alt=\"\" width=\"300\" height=\"213\" class=\"alignnone size-medium wp-image-160\" srcset=\"https:\/\/balioenhiria.bilbao.eus\/wp-content\/uploads\/2017\/02\/Elkartasuna-300x213.jpg 300w, https:\/\/balioenhiria.bilbao.eus\/wp-content\/uploads\/2017\/02\/Elkartasuna-768x544.jpg 768w, https:\/\/balioenhiria.bilbao.eus\/wp-content\/uploads\/2017\/02\/Elkartasuna-1024x725.jpg 1024w, https:\/\/balioenhiria.bilbao.eus\/wp-content\/uploads\/2017\/02\/Elkartasuna-624x442.jpg 624w, https:\/\/balioenhiria.bilbao.eus\/wp-content\/uploads\/2017\/02\/Elkartasuna-350x250.jpg 350w\" sizes=\"(max-width: 300px) 100vw, 300px\" \/><\/a><\/div>\n\t\t<\/div><\/div><div id=\"pgc-13-6-2\"  class=\"panel-grid-cell\" ><div id=\"panel-13-6-2-0\" class=\"so-panel widget widget_text panel-first-child panel-last-child\" data-index=\"10\" >\t\t\t<div class=\"textwidget\"><center><p style=\"font-size: 22px;  text-transform: uppercase;\">Balioen vademecum-a<\/p>\n<a href=\"http:\/\/balioenhiria.bilbao.eus\/wp-content\/uploads\/2017\/02\/VademecumBilbaoBalioenHiriaEU.pdf\"><img decoding=\"async\" src=\"http:\/\/balioenhiria.bilbao.eus\/wp-content\/uploads\/2017\/02\/pdfGris.png\" width=\"100px\" \/><\/a><\/center><\/div>\n\t\t<\/div><\/div><div id=\"pgc-13-6-3\"  class=\"panel-grid-cell\" ><div id=\"panel-13-6-3-0\" class=\"so-panel widget widget_text panel-first-child panel-last-child\" data-index=\"11\" >\t\t\t<div class=\"textwidget\"><a href=\"http:\/\/balioenhiria.bilbao.eus\/eu\/vademecum-de-valores\/participacion\/\"><img loading=\"lazy\" decoding=\"async\" src=\"http:\/\/balioenhiria.bilbao.eus\/wp-content\/uploads\/2017\/02\/Parte_hartzea-300x213.jpg\" alt=\"\" width=\"300\" height=\"213\" class=\"alignnone size-medium wp-image-161\" srcset=\"https:\/\/balioenhiria.bilbao.eus\/wp-content\/uploads\/2017\/02\/Parte_hartzea-300x213.jpg 300w, https:\/\/balioenhiria.bilbao.eus\/wp-content\/uploads\/2017\/02\/Parte_hartzea-768x544.jpg 768w, https:\/\/balioenhiria.bilbao.eus\/wp-content\/uploads\/2017\/02\/Parte_hartzea-1024x725.jpg 1024w, https:\/\/balioenhiria.bilbao.eus\/wp-content\/uploads\/2017\/02\/Parte_hartzea-624x442.jpg 624w, https:\/\/balioenhiria.bilbao.eus\/wp-content\/uploads\/2017\/02\/Parte_hartzea-350x250.jpg 350w\" sizes=\"(max-width: 300px) 100vw, 300px\" \/><\/a><\/div>\n\t\t<\/div><\/div><div id=\"pgc-13-6-4\"  class=\"panel-grid-cell\" ><div id=\"panel-13-6-4-0\" class=\"so-panel widget widget_text panel-first-child panel-last-child\" data-index=\"12\" >\t\t\t<div class=\"textwidget\"><a href=\"http:\/\/balioenhiria.bilbao.eus\/eu\/vademecum-de-valores\/creatividad\/\"><img loading=\"lazy\" decoding=\"async\" src=\"http:\/\/balioenhiria.bilbao.eus\/wp-content\/uploads\/2017\/02\/Sormena-300x213.jpg\" alt=\"\" width=\"300\" height=\"213\" class=\"alignnone size-medium wp-image-162\" srcset=\"https:\/\/balioenhiria.bilbao.eus\/wp-content\/uploads\/2017\/02\/Sormena-300x213.jpg 300w, https:\/\/balioenhiria.bilbao.eus\/wp-content\/uploads\/2017\/02\/Sormena-768x544.jpg 768w, https:\/\/balioenhiria.bilbao.eus\/wp-content\/uploads\/2017\/02\/Sormena-1024x725.jpg 1024w, https:\/\/balioenhiria.bilbao.eus\/wp-content\/uploads\/2017\/02\/Sormena-624x442.jpg 624w, https:\/\/balioenhiria.bilbao.eus\/wp-content\/uploads\/2017\/02\/Sormena-350x250.jpg 350w\" sizes=\"(max-width: 300px) 100vw, 300px\" \/><\/a><\/div>\n\t\t<\/div><\/div><\/div><div id=\"pg-13-7\"  class=\"panel-grid panel-no-style\" ><div id=\"pgc-13-7-0\"  class=\"panel-grid-cell panel-grid-cell-empty\" ><\/div><div id=\"pgc-13-7-1\"  class=\"panel-grid-cell\" ><div id=\"panel-13-7-1-0\" class=\"so-panel widget widget_text panel-first-child panel-last-child\" data-index=\"13\" >\t\t\t<div class=\"textwidget\"><a href=\"http:\/\/balioenhiria.bilbao.eus\/eu\/vademecum-de-valores\/confianza\/\"><img loading=\"lazy\" decoding=\"async\" src=\"http:\/\/balioenhiria.bilbao.eus\/wp-content\/uploads\/2017\/02\/Konfiantza-300x213.jpg\" alt=\"\" width=\"300\" height=\"213\" class=\"alignnone size-medium wp-image-163\" srcset=\"https:\/\/balioenhiria.bilbao.eus\/wp-content\/uploads\/2017\/02\/Konfiantza-300x213.jpg 300w, https:\/\/balioenhiria.bilbao.eus\/wp-content\/uploads\/2017\/02\/Konfiantza-768x544.jpg 768w, https:\/\/balioenhiria.bilbao.eus\/wp-content\/uploads\/2017\/02\/Konfiantza-1024x725.jpg 1024w, https:\/\/balioenhiria.bilbao.eus\/wp-content\/uploads\/2017\/02\/Konfiantza-624x442.jpg 624w, https:\/\/balioenhiria.bilbao.eus\/wp-content\/uploads\/2017\/02\/Konfiantza-350x250.jpg 350w\" sizes=\"(max-width: 300px) 100vw, 300px\" \/><\/a><\/div>\n\t\t<\/div><\/div><div id=\"pgc-13-7-2\"  class=\"panel-grid-cell\" ><div id=\"panel-13-7-2-0\" class=\"so-panel widget widget_text panel-first-child panel-last-child\" data-index=\"14\" >\t\t\t<div class=\"textwidget\"><a href=\"http:\/\/balioenhiria.bilbao.eus\/eu\/vademecum-de-valores\/compromiso\/\"><img loading=\"lazy\" decoding=\"async\" src=\"http:\/\/balioenhiria.bilbao.eus\/wp-content\/uploads\/2017\/02\/Konpromisoa-300x213.jpg\" alt=\"\" width=\"300\" height=\"213\" class=\"alignnone size-medium wp-image-165\" srcset=\"https:\/\/balioenhiria.bilbao.eus\/wp-content\/uploads\/2017\/02\/Konpromisoa-300x213.jpg 300w, https:\/\/balioenhiria.bilbao.eus\/wp-content\/uploads\/2017\/02\/Konpromisoa-768x544.jpg 768w, https:\/\/balioenhiria.bilbao.eus\/wp-content\/uploads\/2017\/02\/Konpromisoa-1024x725.jpg 1024w, https:\/\/balioenhiria.bilbao.eus\/wp-content\/uploads\/2017\/02\/Konpromisoa-624x442.jpg 624w, https:\/\/balioenhiria.bilbao.eus\/wp-content\/uploads\/2017\/02\/Konpromisoa-350x250.jpg 350w\" sizes=\"(max-width: 300px) 100vw, 300px\" \/><\/a><\/div>\n\t\t<\/div><\/div><div id=\"pgc-13-7-3\"  class=\"panel-grid-cell panel-grid-cell-mobile-last\" ><div id=\"panel-13-7-3-0\" class=\"so-panel widget widget_text panel-first-child panel-last-child\" data-index=\"15\" >\t\t\t<div class=\"textwidget\"><a href=\"http:\/\/balioenhiria.bilbao.eus\/eu\/vademecum-de-valores\/sostenibilidad-medioambiental\/\"><img loading=\"lazy\" decoding=\"async\" src=\"http:\/\/balioenhiria.bilbao.eus\/wp-content\/uploads\/2017\/02\/Ingurumenaren_iraunkortasuna-300x213.jpg\" alt=\"\" width=\"300\" height=\"213\" class=\"alignnone size-medium wp-image-153\" srcset=\"https:\/\/balioenhiria.bilbao.eus\/wp-content\/uploads\/2017\/02\/Ingurumenaren_iraunkortasuna-300x213.jpg 300w, https:\/\/balioenhiria.bilbao.eus\/wp-content\/uploads\/2017\/02\/Ingurumenaren_iraunkortasuna-768x544.jpg 768w, https:\/\/balioenhiria.bilbao.eus\/wp-content\/uploads\/2017\/02\/Ingurumenaren_iraunkortasuna-1024x725.jpg 1024w, https:\/\/balioenhiria.bilbao.eus\/wp-content\/uploads\/2017\/02\/Ingurumenaren_iraunkortasuna-624x442.jpg 624w, https:\/\/balioenhiria.bilbao.eus\/wp-content\/uploads\/2017\/02\/Ingurumenaren_iraunkortasuna-350x250.jpg 350w\" sizes=\"(max-width: 300px) 100vw, 300px\" \/><\/a><\/div>\n\t\t<\/div><\/div><div id=\"pgc-13-7-4\"  class=\"panel-grid-cell panel-grid-cell-empty\" ><\/div><\/div><\/div>","protected":false},"excerpt":{"rendered":"<p>Bilbao  Balioen  Hiria  proiektuaren  helburua  da  instituzioen,  gizarte  erakundeen,  enpresen,  hedabideen,  ikastetxeen  eta  hiritarren  arteko  analisia,  eztabaida,  hausnarketa  eta  elkarlanerako  gune  bat  sortzea,  Bilboko  balio  partekatuen  esparru  bat  sustatzeko.  Aurkezpena  ikusi><\/p>\n","protected":false},"author":2,"featured_media":0,"parent":0,"menu_order":0,"comment_status":"closed","ping_status":"closed","template":"","meta":{"footnotes":""},"_links":{"self":[{"href":"https:\/\/balioenhiria.bilbao.eus\/eu\/wp-json\/wp\/v2\/pages\/13"}],"collection":[{"href":"https:\/\/balioenhiria.bilbao.eus\/eu\/wp-json\/wp\/v2\/pages"}],"about":[{"href":"https:\/\/balioenhiria.bilbao.eus\/eu\/wp-json\/wp\/v2\/types\/page"}],"author":[{"embeddable":true,"href":"https:\/\/balioenhiria.bilbao.eus\/eu\/wp-json\/wp\/v2\/users\/2"}],"replies":[{"embeddable":true,"href":"https:\/\/balioenhiria.bilbao.eus\/eu\/wp-json\/wp\/v2\/comments?post=13"}],"version-history":[{"count":16,"href":"https:\/\/balioenhiria.bilbao.eus\/eu\/wp-json\/wp\/v2\/pages\/13\/revisions"}],"predecessor-version":[{"id":990,"href":"https:\/\/balioenhiria.bilbao.eus\/eu\/wp-json\/wp\/v2\/pages\/13\/revisions\/990"}],"wp:attachment":[{"href":"https:\/\/balioenhiria.bilbao.eus\/eu\/wp-json\/wp\/v2\/media?parent=13"}],"curies":[{"name":"wp","href":"https:\/\/api.w.org\/{rel}","templated":true}]}}