{"id":97,"date":"2017-02-15T18:39:31","date_gmt":"2017-02-15T17:39:31","guid":{"rendered":"http:\/\/balioenhiria.bilbao.eus\/?page_id=97"},"modified":"2020-10-28T16:51:04","modified_gmt":"2020-10-28T15:51:04","slug":"sostenibilidad-medioambiental","status":"publish","type":"page","link":"https:\/\/balioenhiria.bilbao.eus\/es\/vademecum-de-valores\/sostenibilidad-medioambiental\/","title":{"rendered":"Sostenibilidad medioambiental"},"content":{"rendered":"<span style=\"color: #0070c0;\"><span style=\"font-family: Arial,serif;\"><span style=\"font-size: x-large;\"><span lang=\"es-ES\">Definici\u00f3n<\/span><\/span><\/span><\/span><\/p>\n<p align=\"justify\"><span style=\"font-family: Arial,serif;\"><span style=\"font-size: small;\"><span lang=\"es-ES\"><img loading=\"lazy\" decoding=\"async\" class=\"alignright size-medium wp-image-98\" src=\"http:\/\/balioenhiria.bilbao.eus\/wp-content\/uploads\/2017\/02\/B_sostenibilidad-282x300.jpg\" alt=\"\" width=\"282\" height=\"300\" srcset=\"https:\/\/balioenhiria.bilbao.eus\/wp-content\/uploads\/2017\/02\/B_sostenibilidad-282x300.jpg 282w, https:\/\/balioenhiria.bilbao.eus\/wp-content\/uploads\/2017\/02\/B_sostenibilidad-768x816.jpg 768w, https:\/\/balioenhiria.bilbao.eus\/wp-content\/uploads\/2017\/02\/B_sostenibilidad-963x1024.jpg 963w, https:\/\/balioenhiria.bilbao.eus\/wp-content\/uploads\/2017\/02\/B_sostenibilidad-624x663.jpg 624w\" sizes=\"(max-width: 282px) 100vw, 282px\" \/><span style=\"color: #000000;\">La sostenibilidad medioambiental hace referencia a formas de estructurar las actividades humanas que garantizan la preservaci\u00f3n de los recursos de la biosfera y su calidad a lo largo del tiempo. En un contexto urbano, la sostenibilidad medioambiental se vincula a pol\u00edticas de desarrollo local que garantizan el acceso equitativo a servicios p\u00fablicos mientras se minimiza el impacto sobre el entorno ecol\u00f3gico. La sostenibilidad medioambiental local se obtiene a trav\u00e9s del uso eficiente de recursos, la gesti\u00f3n adecuada de residuos y la promoci\u00f3n de conductas ciudadanas respetuosas con el medio ambiente.<\/span><\/span><\/span><\/span><\/p>\n<p align=\"justify\"><span style=\"font-family: Arial,serif; color: #000000;\"><span style=\"font-size: small;\"><span lang=\"es-ES\">El concepto de sostenibilidad medioambiental emana de las relaciones entre los humanos y su entorno natural. Inicialmente el enfoque de la sostenibilidad fue fundamentalmente econ\u00f3mico y antropoc\u00e9ntrico. Se trataba de conservar los recursos necesarios para el mantenimiento en el largo plazo de la vida humana, seg\u00fan los criterios econ\u00f3micos de cada momento hist\u00f3rico. En esa perspectiva, la estrategia fundamental era la puesta a punto de soluciones t\u00e9cnicas para usar m\u00e1s eficientemente los recursos y minimizar los efectos de la actividad humana. En los \u00faltimos a\u00f1os se ha abierto camino una perspectiva que otorga un valor propio a la naturaleza y a cada uno de los seres vivos, m\u00e1s all\u00e1 de su utilidad para el ser humano. Ese enfoque evidencia que la sostenibilidad medioambiental no es un asunto meramente t\u00e9cnico, sino que demanda un cambio de valores que asuma una actitud de respeto hacia la naturaleza. <\/span><\/span><\/span><\/p>\n<p align=\"justify\"><span style=\"font-family: Arial,serif;\"><span style=\"font-size: small;\"><span lang=\"es-ES\"><span style=\"color: #000000;\">Hay tres dimensiones importantes para entender el significado de la sostenibilidad medioambiental. En primer lugar, la sostenibilidad medioambiental se debe pensar globalmente, m\u00e1s all\u00e1 del espacio local, ya que los diferentes ecosistemas planetarios est\u00e1n interconectados. En segundo lugar, se trata de una cuesti\u00f3n a largo plazo, ya que los ecosistemas se deben gestionar para futuras generaciones. En tercer lugar, la sostenibilidad medioambiental debe concebirse de forma integral, armonizando factores ecol\u00f3gicos, econ\u00f3micos y sociales de forma respetuosa y efectiva.<\/span> <\/span><\/span><\/span><\/p>\n<p align=\"justify\"><span style=\"color: #0070c0;\"><span style=\"font-family: Arial,serif;\"><span style=\"font-size: x-large;\"><span lang=\"es-ES\">Comportamientos asociados<\/span><\/span><\/span><\/span><\/p>\n<p align=\"justify\"><span style=\"font-family: Arial,serif; color: #000000;\"><span style=\"font-size: small;\"><span lang=\"es-ES\">La promoci\u00f3n de la sostenibilidad medioambiental tiene las siguientes implicaciones para los comportamientos de las personas individuales, las organizaciones de la sociedad civil y las instituciones p\u00fablicas.<\/span><\/span><\/span><\/p>\n<p align=\"justify\"><span style=\"color: #0070c0;\"><span style=\"font-family: Arial,serif;\"><span style=\"font-size: large;\"><span lang=\"es-ES\">Ciudadan\u00eda<\/span><\/span><\/span><\/span><\/p>\n<p align=\"justify\"><span style=\"font-family: Arial,serif; color: #000000;\"><span style=\"font-size: small;\"><span lang=\"es-ES\">Para apoyar la sostenibilidad medioambiental, los ciudadanos pueden tomar conciencia de los problemas medioambientales tanto locales como globales, cambiar sus patrones de consumo y estilos de vida (por ejemplo, reduciendo, reciclando y reutilizando desechos), y observar una actitud m\u00e1s responsable, comprometida y solidaria hacia la naturaleza y los ecosistemas urbanos. Tambi\u00e9n deber\u00edan tomar en cuenta el impacto acumulativo de actitudes individuales poco sostenibles que, al sumarse, provocan un perjuicio significativo que afecta a la colectividad. Las personas y las familias tambi\u00e9n pueden transmitir valores y conductas de sostenibilidad, justicia social y responsabilidad a las futuras generaciones.<\/span><\/span><\/span><\/p>\n<p align=\"justify\"><span style=\"color: #0070c0;\"><span style=\"font-family: Arial,serif;\"><span style=\"font-size: large;\"><span lang=\"es-ES\">Organizaciones sociales<\/span><\/span><\/span><\/span><\/p>\n<p align=\"justify\"><span style=\"color: #000000;\"><span style=\"font-family: Arial,serif;\"><span style=\"font-size: large;\"><span style=\"font-size: small;\"><span lang=\"es-ES\">Las organizaciones sociales juegan un papel muy importante a la hora de concienciar a la poblaci\u00f3n sobre sostenibilidad y problemas medioambientales, de consensuar y proponer soluciones participativas, y de cuestionar pol\u00edticas ambientales y evidenciar los aspectos estructurales (pol\u00edticos y econ\u00f3micos) que est\u00e1n detr\u00e1s de los problemas ecol\u00f3gicos. Al mismo tiempo, las organizaciones sociales son agentes fundamentales en la comunicaci\u00f3n y promoci\u00f3n de aprendizaje social con respecto a comportamientos sostenibles para la ciudadan\u00eda, facilitando as\u00ed un genuino cambio social y \u00e9tico hacia una cultura local de la sostenibilidad medioambiental.<\/span><\/span><\/span><\/span><\/span><\/p>\n<p align=\"justify\"><span style=\"color: #0070c0;\"><span style=\"font-family: Arial,serif;\"><span style=\"font-size: large;\"><span lang=\"es-ES\">Ayuntamiento<\/span><\/span><\/span><\/span><\/p>\n<p align=\"justify\"><span style=\"font-family: Arial,serif; color: #000000;\"><span style=\"font-size: small;\"><span lang=\"es-ES\">El Ayuntamiento, como autoridad local m\u00e1s cercana a la ciudadan\u00eda, tiene el mandato de crear y mantener infraestructuras, y de poner en marcha pol\u00edticas econ\u00f3micas y sociales que promuevan el bienestar de la poblaci\u00f3n respetando los principios de sostenibilidad medioambiental. El Ayuntamiento debe, por tanto, integrar la sostenibilidad medioambiental en su gesti\u00f3n, estableciendo una serie de normas municipales prescriptivas que regulen aspectos tales como la protecci\u00f3n de los espacios naturales urbanos, la gesti\u00f3n de desechos, el mantenimiento de la calidad del aire, o el desarrollo urban\u00edstico sostenible. Al mismo tiempo, debe favorecer conductas ciudadanas respetuosas con el medio ambiente, como el reciclaje, el consumo responsable, o la utilizaci\u00f3n de un transporte p\u00fablico menos contaminante. El mismo Ayuntamiento debe realizar un cambio reflexivo hacia conductas institucionales, pol\u00edticas y t\u00e9cnicas sostenibles. <\/span><\/span><\/span><\/p>","protected":false},"excerpt":{"rendered":"<p>Definici\u00f3n La sostenibilidad medioambiental hace referencia a formas de estructurar las actividades humanas que garantizan la preservaci\u00f3n de los recursos de la biosfera y su calidad a lo largo del tiempo. En un contexto urbano, la sostenibilidad medioambiental se vincula a pol\u00edticas de desarrollo local que garantizan el acceso equitativo a servicios p\u00fablicos mientras se [&hellip;]<\/p>\n","protected":false},"author":2,"featured_media":0,"parent":17,"menu_order":0,"comment_status":"closed","ping_status":"closed","template":"","meta":{"footnotes":""},"_links":{"self":[{"href":"https:\/\/balioenhiria.bilbao.eus\/es\/wp-json\/wp\/v2\/pages\/97"}],"collection":[{"href":"https:\/\/balioenhiria.bilbao.eus\/es\/wp-json\/wp\/v2\/pages"}],"about":[{"href":"https:\/\/balioenhiria.bilbao.eus\/es\/wp-json\/wp\/v2\/types\/page"}],"author":[{"embeddable":true,"href":"https:\/\/balioenhiria.bilbao.eus\/es\/wp-json\/wp\/v2\/users\/2"}],"replies":[{"embeddable":true,"href":"https:\/\/balioenhiria.bilbao.eus\/es\/wp-json\/wp\/v2\/comments?post=97"}],"version-history":[{"count":4,"href":"https:\/\/balioenhiria.bilbao.eus\/es\/wp-json\/wp\/v2\/pages\/97\/revisions"}],"predecessor-version":[{"id":976,"href":"https:\/\/balioenhiria.bilbao.eus\/es\/wp-json\/wp\/v2\/pages\/97\/revisions\/976"}],"up":[{"embeddable":true,"href":"https:\/\/balioenhiria.bilbao.eus\/es\/wp-json\/wp\/v2\/pages\/17"}],"wp:attachment":[{"href":"https:\/\/balioenhiria.bilbao.eus\/es\/wp-json\/wp\/v2\/media?parent=97"}],"curies":[{"name":"wp","href":"https:\/\/api.w.org\/{rel}","templated":true}]}}