{"id":89,"date":"2017-02-15T18:34:57","date_gmt":"2017-02-15T17:34:57","guid":{"rendered":"http:\/\/balioenhiria.bilbao.eus\/?page_id=89"},"modified":"2020-10-28T16:43:27","modified_gmt":"2020-10-28T15:43:27","slug":"creatividad","status":"publish","type":"page","link":"https:\/\/balioenhiria.bilbao.eus\/es\/vademecum-de-valores\/creatividad\/","title":{"rendered":"Creatividad"},"content":{"rendered":"<span style=\"color: #0070c0;\"><span style=\"font-family: Arial,serif;\"><span style=\"font-size: x-large;\"><span lang=\"es-ES\">Definici\u00f3n<\/span><\/span><\/span><\/span><\/p>\n<p align=\"justify\"><span style=\"font-family: Arial,serif;\"><span style=\"font-size: small;\"><span lang=\"es-ES\"><img loading=\"lazy\" decoding=\"async\" class=\"alignright size-medium wp-image-90\" src=\"http:\/\/balioenhiria.bilbao.eus\/wp-content\/uploads\/2017\/02\/B_creatividad-282x300.jpg\" alt=\"\" width=\"282\" height=\"300\" srcset=\"https:\/\/balioenhiria.bilbao.eus\/wp-content\/uploads\/2017\/02\/B_creatividad-282x300.jpg 282w, https:\/\/balioenhiria.bilbao.eus\/wp-content\/uploads\/2017\/02\/B_creatividad-768x816.jpg 768w, https:\/\/balioenhiria.bilbao.eus\/wp-content\/uploads\/2017\/02\/B_creatividad-963x1024.jpg 963w, https:\/\/balioenhiria.bilbao.eus\/wp-content\/uploads\/2017\/02\/B_creatividad-624x663.jpg 624w\" sizes=\"(max-width: 282px) 100vw, 282px\" \/><span style=\"color: #000000;\">Se define la creatividad como la capacidad de concebir algo original e inusual. En cierto sentido, la creatividad precede a la innovaci\u00f3n, en la medida en que \u00e9sta supone la implementaci\u00f3n pr\u00e1ctica de las ideas concebidas en el proceso creativo. Aunque es cierto que se puede hablar de creatividad sin innovaci\u00f3n, y as\u00ed ocurre habitualmente en los procesos de gesti\u00f3n de la innovaci\u00f3n que se nutren de din\u00e1micas de generaci\u00f3n de propuestas creativas, muchas de las cuales no pasar\u00e1n las pruebas necesarias para su puesta en pr\u00e1ctica. En otros \u00e1mbitos, como los art\u00edsticos y culturales, el proceso de creaci\u00f3n incorpora lo creado (innovaci\u00f3n) como un producto que se genera de forma simult\u00e1nea a su ideaci\u00f3n, o que al menos dota de un componente \u00edntimamente ligado al hecho creativo.<\/span><\/span><\/span><\/span><\/p>\n<p align=\"justify\"><span style=\"font-family: Arial,serif; color: #000000;\"><span style=\"font-size: small;\"><span lang=\"es-ES\">El proceso creativo se reconoce como valor en la medida en que constituye uno de los dinamismos que nos permite evolucionar individual y colectivamente. En nuestras sociedades, tan din\u00e1micas y cambiantes, la b\u00fasqueda de lo nuevo o la indagaci\u00f3n en lo desconocido, que se puede reconocer como impulso inherente a nuestra naturaleza humana, se ha convertido asimismo en un valor social. Una disposici\u00f3n individual y colectiva que es necesario promover, pero tambi\u00e9n valorar en su justa medida, huyendo de identificaciones superficiales entre novedad y valor.<\/span><\/span><\/span><\/p>\n<p align=\"justify\"><span style=\"font-family: Arial,serif; color: #000000;\"><span style=\"font-size: small;\"><span lang=\"es-ES\">En este sentido, es importante resaltar que la consideraci\u00f3n de la actitud y pr\u00e1ctica creativa e innovadora como valor moral debe incorporar la pregunta por el valor social de lo creado. Desde esta perspectiva \u00e9tica, la creatividad-innovaci\u00f3n, a la que muchas veces se le a\u00f1ade el adjetivo \u201csocial\u201d, refuerza su naturaleza de valor-medio al servicio de un bien mayor, en la medida que se ocupa de que lo realizado no solo no genere impactos negativos directos o colaterales, sino que pueda contribuir a la construcci\u00f3n de sociedades m\u00e1s justas.<\/span><\/span><\/span><\/p>\n<p align=\"justify\"><span style=\"color: #0070c0;\"><span style=\"font-family: Arial,serif;\"><span style=\"font-size: x-large;\"><span lang=\"es-ES\">Comportamientos asociados<\/span><\/span><\/span><\/span><\/p>\n<p align=\"justify\"><span style=\"font-family: Arial,serif; color: #000000;\"><span style=\"font-size: small;\"><span lang=\"es-ES\">La promoci\u00f3n de la creatividad\/innovaci\u00f3n tiene las siguientes implicaciones para los comportamientos de las personas individuales, las organizaciones de la sociedad civil y las instituciones p\u00fablicas.<\/span><\/span><\/span><\/p>\n<p align=\"justify\"><span style=\"color: #0070c0;\"><span style=\"font-family: Arial,serif;\"><span style=\"font-size: large;\"><span lang=\"es-ES\">Ciudadan\u00eda<\/span><\/span><\/span><\/span><\/p>\n<p align=\"justify\"><span style=\"font-family: Arial,serif; color: #000000;\"><span style=\"font-size: small;\"><span lang=\"es-ES\">La creatividad es un valor vinculado estrechamente con diversas competencias como la curiosidad o el pensamiento cr\u00edtico. Una ciudadan\u00eda creativa requiere una voluntad de interaccionar con el entorno, de entender y asumir como propios los retos que \u00e9ste le plantea. En este sentido, creatividad y responsabilidad se encuentran en ese espacio moral que se configura en nuestra relaci\u00f3n con los dem\u00e1s y con el entorno en que vivimos y que nos impulsa a hacernos cargo de aquello que debe ser transformado. En esta din\u00e1mica, la ciudadan\u00eda se constituye no solo en agente de creatividad, sino tambi\u00e9n en demandante de \u00e9sta, en la medida en que sea capaz de poner de manifiesto aquello que debe ser recreado o superado, reclamando su transformaci\u00f3n. <\/span><\/span><\/span><\/p>\n<p align=\"justify\"><span style=\"color: #0070c0;\"><span style=\"font-family: Arial,serif;\"><span style=\"font-size: large;\"><span lang=\"es-ES\">Organizaciones sociales<\/span><\/span><\/span><\/span><\/p>\n<p align=\"justify\"><span style=\"font-family: Arial,serif; color: #000000;\"><span style=\"font-size: small;\"><span lang=\"es-ES\">Las organizaciones sociales juegan un papel fundamental en el reconocimiento de los problemas que sufren nuestras sociedades, tanto nuevos como otros que llevan tiempo esperando respuesta. Este rol las sit\u00faa ante la responsabilidad de constituirse en aut\u00e9nticas palancas de innovaci\u00f3n, identificando, proponiendo y experimentando alternativas creativas orientadas al bien com\u00fan. De la misma forma, las organizaciones sociales juegan un papel fundamental en la valoraci\u00f3n de los procesos innovadores y su impacto en nuestras sociedades en \u00e1mbitos como la sostenibilidad, la igualdad, etc. <\/span><\/span><\/span><\/p>\n<p align=\"justify\"><span style=\"color: #0070c0;\"><span style=\"font-family: Arial,serif;\"><span style=\"font-size: large;\"><span lang=\"es-ES\">Ayuntamiento<\/span><\/span><\/span><\/span><\/p>\n<p lang=\"es-ES\" align=\"justify\"><span style=\"font-family: Times New Roman,serif; color: #000000;\"><span style=\"font-size: medium;\"><span style=\"font-family: Arial,serif;\"><span style=\"font-size: small;\">Si bien hay una dimensi\u00f3n individual en el desarrollo de la capacidad creativa, el proceso creativo-innovador requiere un entorno propicio capaz de estimularla y orientarla adecuadamente. Tambi\u00e9n se enriquece con el intercambio de saberes y experiencias, con el debate, la deliberaci\u00f3n y la experimentaci\u00f3n. Estos procesos no pueden ser estimulados \u00fanicamente por la l\u00f3gica del mercado porque tienen un ineludible componente de riesgo y, en muchos casos, responden a problemas que no se valoran adecuadamente desde una perspectiva estrictamente econ\u00f3mica. Las Administraciones P\u00fablicas tienen un papel clave en el impulso de entornos creativos e innovaciones orientadas al bien com\u00fan. Asimismo, como indic\u00e1bamos al hablar de las organizaciones sociales, tienen tambi\u00e9n responsabilidad, compartida con otros agentes sociales, en la valoraci\u00f3n de los impactos de los procesos innovadores.<\/span><\/span><\/span><\/span><\/p>","protected":false},"excerpt":{"rendered":"<p>Definici\u00f3n Se define la creatividad como la capacidad de concebir algo original e inusual. En cierto sentido, la creatividad precede a la innovaci\u00f3n, en la medida en que \u00e9sta supone la implementaci\u00f3n pr\u00e1ctica de las ideas concebidas en el proceso creativo. Aunque es cierto que se puede hablar de creatividad sin innovaci\u00f3n, y as\u00ed ocurre [&hellip;]<\/p>\n","protected":false},"author":2,"featured_media":0,"parent":17,"menu_order":0,"comment_status":"closed","ping_status":"closed","template":"","meta":{"footnotes":""},"_links":{"self":[{"href":"https:\/\/balioenhiria.bilbao.eus\/es\/wp-json\/wp\/v2\/pages\/89"}],"collection":[{"href":"https:\/\/balioenhiria.bilbao.eus\/es\/wp-json\/wp\/v2\/pages"}],"about":[{"href":"https:\/\/balioenhiria.bilbao.eus\/es\/wp-json\/wp\/v2\/types\/page"}],"author":[{"embeddable":true,"href":"https:\/\/balioenhiria.bilbao.eus\/es\/wp-json\/wp\/v2\/users\/2"}],"replies":[{"embeddable":true,"href":"https:\/\/balioenhiria.bilbao.eus\/es\/wp-json\/wp\/v2\/comments?post=89"}],"version-history":[{"count":4,"href":"https:\/\/balioenhiria.bilbao.eus\/es\/wp-json\/wp\/v2\/pages\/89\/revisions"}],"predecessor-version":[{"id":974,"href":"https:\/\/balioenhiria.bilbao.eus\/es\/wp-json\/wp\/v2\/pages\/89\/revisions\/974"}],"up":[{"embeddable":true,"href":"https:\/\/balioenhiria.bilbao.eus\/es\/wp-json\/wp\/v2\/pages\/17"}],"wp:attachment":[{"href":"https:\/\/balioenhiria.bilbao.eus\/es\/wp-json\/wp\/v2\/media?parent=89"}],"curies":[{"name":"wp","href":"https:\/\/api.w.org\/{rel}","templated":true}]}}