{"id":76,"date":"2017-02-15T18:27:21","date_gmt":"2017-02-15T17:27:21","guid":{"rendered":"http:\/\/balioenhiria.bilbao.eus\/?page_id=76"},"modified":"2020-10-28T16:32:03","modified_gmt":"2020-10-28T15:32:03","slug":"solidaridad","status":"publish","type":"page","link":"https:\/\/balioenhiria.bilbao.eus\/es\/vademecum-de-valores\/solidaridad\/","title":{"rendered":"Solidaridad"},"content":{"rendered":"<p align=\"justify\"><span style=\"color: #0070c0;\"><span style=\"font-family: Arial,serif;\"><span style=\"font-size: x-large;\"><span lang=\"es-ES\"><img loading=\"lazy\" decoding=\"async\" class=\"alignright size-medium wp-image-77\" src=\"http:\/\/balioenhiria.bilbao.eus\/wp-content\/uploads\/2017\/02\/B_solidaridad-282x300.jpg\" alt=\"\" width=\"282\" height=\"300\" srcset=\"https:\/\/balioenhiria.bilbao.eus\/wp-content\/uploads\/2017\/02\/B_solidaridad-282x300.jpg 282w, https:\/\/balioenhiria.bilbao.eus\/wp-content\/uploads\/2017\/02\/B_solidaridad-768x816.jpg 768w, https:\/\/balioenhiria.bilbao.eus\/wp-content\/uploads\/2017\/02\/B_solidaridad-963x1024.jpg 963w, https:\/\/balioenhiria.bilbao.eus\/wp-content\/uploads\/2017\/02\/B_solidaridad-624x663.jpg 624w\" sizes=\"(max-width: 282px) 100vw, 282px\" \/>Definici\u00f3n<\/span><\/span><\/span><\/span><\/p>\n<p align=\"justify\"><span style=\"font-family: Arial,serif; color: #000000;\"><span style=\"font-size: small;\"><span lang=\"es-ES\">Solidaridad es el reconocimiento y la conciencia de una responsabilidad compartida ante situaciones de injusticia que son consecuencia de la forma en que nos relacionamos los seres humanos, buscando revertirlas mediante la implementaci\u00f3n de los derechos humanos. <\/span><\/span><\/span><\/p>\n<p align=\"justify\"><span style=\"font-family: Arial,serif; color: #000000;\"><span style=\"font-size: small;\"><span lang=\"es-ES\">La solidaridad es un mandato que exige a la comunidad pol\u00edtica actuar a favor de individuos o grupos que se encuentran en situaci\u00f3n de debilidad o desventaja, para evitar, mediante la intervenci\u00f3n colectiva, que ocurra un da\u00f1o injustificado o que se perpet\u00fae un da\u00f1o ya presente. <\/span><\/span><\/span><\/p>\n<p align=\"justify\"><span style=\"font-family: Arial,serif; color: #000000;\"><span style=\"font-size: small;\"><span lang=\"es-ES\">La solidaridad se fundamenta en el reconocimiento de la com\u00fan dignidad de todas las personas, de modo que cualquier violaci\u00f3n de esa dignidad afecta al colectivo. Implica un fuerte sentimiento de empat\u00eda fruto del encuentro con quien es tratado como cosa en lugar de como persona. La asunci\u00f3n de responsabilidad frente a esa situaci\u00f3n exige un an\u00e1lisis riguroso de las causas del da\u00f1o y culmina con la acci\u00f3n reparadora de la dignidad de las personas y el trabajo por la transformaci\u00f3n de las causas. <\/span><\/span><\/span><\/p>\n<p align=\"justify\"><span style=\"font-family: Arial,serif; color: #000000;\"><span style=\"font-size: small;\"><span lang=\"es-ES\">La solidaridad entendida como responsabilidad compartida ante la injusticia se caracteriza por: <\/span><\/span><\/span><\/p>\n<ul>\n<li>\n<p align=\"justify\"><span style=\"font-family: Arial,serif; color: #000000;\"><span style=\"font-size: small;\"><span lang=\"es-ES\">Afectar al conjunto de la comunidad pol\u00edtica y no s\u00f3lo a las personas individuales y algunos colectivos especializados: todas las personas respondemos (o no) por la suerte de quienes son perjudicados por nuestras actuaciones y decisiones pol\u00edticas, tanto a escala local como global.<\/span><\/span><\/span><\/p>\n<\/li>\n<li>\n<p align=\"justify\"><span style=\"font-family: Arial,serif; color: #000000;\"><span style=\"font-size: small;\"><span lang=\"es-ES\">Generar un derecho colectivo a la institucionalizaci\u00f3n de una democracia social que ofrezca cauces institucionales para luchar contra la injusticia estructural.<\/span><\/span><\/span><\/p>\n<\/li>\n<li>\n<p align=\"justify\"><span style=\"font-family: Arial,serif;\"><span style=\"font-size: small;\"><span lang=\"es-ES\"><span style=\"color: #000000;\">Reconocer el principio de subsidiariedad para articular la actuaci\u00f3n de las personas, las organizaciones y las instituciones p\u00fablicas salvaguardando la libertad y responsabilidad de la ciudadan\u00eda.<\/span> <\/span><\/span><\/span><\/p>\n<\/li>\n<\/ul>\n<p><span style=\"color: #0070c0;\"><span style=\"font-family: Arial,serif;\"><span style=\"font-size: x-large;\"><span lang=\"es-ES\">Comportamientos asociados<\/span><\/span><\/span><\/span><\/p>\n<p align=\"justify\"><span style=\"font-family: Arial,serif; color: #000000;\"><span style=\"font-size: small;\"><span lang=\"es-ES\">Las implicaciones en los comportamientos de los tres agentes (personas individuales, organizaciones de la sociedad civil e instituciones p\u00fablicas) promotores del valor \u201csolidaridad\u201d son de \u00edndole y magnitud diversa. <\/span><\/span><\/span><\/p>\n<p><span style=\"color: #0070c0;\"><span style=\"font-family: Arial,serif;\"><span style=\"font-size: large;\"><span lang=\"es-ES\">Ciudadan\u00eda<\/span><\/span><\/span><\/span><\/p>\n<p align=\"justify\"><span style=\"font-family: Arial,serif; color: #000000;\"><span style=\"font-size: small;\"><span lang=\"es-ES\">De la ciudadan\u00eda solidaria cabe esperar un sentimiento de empat\u00eda y cercan\u00eda hacia quienes sufren una injusticia. Adem\u00e1s se le supone capacidad de an\u00e1lisis de la situaci\u00f3n injusta, identificando agentes implicados, sus niveles de responsabilidad por acci\u00f3n u omisi\u00f3n, y un posicionamiento al lado de la v\u00edctima. Finalmente, requiere de ella un nivel de implicaci\u00f3n transformadora en funci\u00f3n de las propias disponibilidades sin que \u00e9stas sean excusa para una dejaci\u00f3n de responsabilidad personal.<\/span><\/span><\/span><\/p>\n<p><span style=\"color: #0070c0;\"><span style=\"font-family: Arial,serif;\"><span style=\"font-size: large;\"><span lang=\"es-ES\">Organizaciones sociales<\/span><\/span><\/span><\/span><\/p>\n<p align=\"justify\"><span style=\"font-family: Arial,serif; color: #000000;\"><span style=\"font-size: small;\"><span lang=\"es-ES\">Se espera de ellas que dise\u00f1en el desarrollo de su actividad evitando multiplicar o sostener relaciones sociales injustas. Se les pide la promoci\u00f3n de los derechos humanos tanto hacia dentro como hacia el exterior de la organizaci\u00f3n. Se les atribuye capacidad para encauzar e implementar las acciones correctoras de la injusticia detectada siendo medio de la acci\u00f3n solidaria tanto individual como colectiva, adem\u00e1s de ser conscientes de que su labor y desempe\u00f1o es crucial para tejer una red de relaciones sociales marcadas por la solidaridad. La solidaridad para ser verdadera debe tener una perspectiva universal y no solo local. <\/span><\/span><\/span><\/p>\n<p><span style=\"color: #0070c0;\"><span style=\"font-family: Arial,serif;\"><span style=\"font-size: large;\"><span lang=\"es-ES\">Ayuntamiento<\/span><\/span><\/span><\/span><\/p>\n<p align=\"justify\"><span style=\"font-family: Arial,serif; color: #000000;\"><span style=\"font-size: small;\"><span lang=\"es-ES\">Este es el nivel colectivo y m\u00e1s claramente pol\u00edtico de la solidaridad entendida como responsabilidad compartida. El deber de estas instituciones, sobre todo, ata\u00f1e al dise\u00f1o de pol\u00edticas p\u00fablicas y la elaboraci\u00f3n de legislaci\u00f3n oportuna destinada a minimizar la injusticia estructural tanto en el \u00e1mbito local como en otros niveles, de acuerdo a las competencias que le correspondan. De especial inter\u00e9s aqu\u00ed es el recordar que \u201ctoda persona tiene derecho a que se establezca un orden social e internacional en el que los derechos y libertades proclamados en esta Declaraci\u00f3n se hagan plenamente efectivos\u201d (Art.28 Declaraci\u00f3n Universal de los Derechos Humanos) as\u00ed como la consideraci\u00f3n de la relaci\u00f3n del deber de solidaridad con el principio de subsidiariedad.<\/span><\/span><\/span><\/p>","protected":false},"excerpt":{"rendered":"<p>Definici\u00f3n Solidaridad es el reconocimiento y la conciencia de una responsabilidad compartida ante situaciones de injusticia que son consecuencia de la forma en que nos relacionamos los seres humanos, buscando revertirlas mediante la implementaci\u00f3n de los derechos humanos. La solidaridad es un mandato que exige a la comunidad pol\u00edtica actuar a favor de individuos o [&hellip;]<\/p>\n","protected":false},"author":2,"featured_media":0,"parent":17,"menu_order":0,"comment_status":"closed","ping_status":"closed","template":"","meta":{"footnotes":""},"_links":{"self":[{"href":"https:\/\/balioenhiria.bilbao.eus\/es\/wp-json\/wp\/v2\/pages\/76"}],"collection":[{"href":"https:\/\/balioenhiria.bilbao.eus\/es\/wp-json\/wp\/v2\/pages"}],"about":[{"href":"https:\/\/balioenhiria.bilbao.eus\/es\/wp-json\/wp\/v2\/types\/page"}],"author":[{"embeddable":true,"href":"https:\/\/balioenhiria.bilbao.eus\/es\/wp-json\/wp\/v2\/users\/2"}],"replies":[{"embeddable":true,"href":"https:\/\/balioenhiria.bilbao.eus\/es\/wp-json\/wp\/v2\/comments?post=76"}],"version-history":[{"count":7,"href":"https:\/\/balioenhiria.bilbao.eus\/es\/wp-json\/wp\/v2\/pages\/76\/revisions"}],"predecessor-version":[{"id":971,"href":"https:\/\/balioenhiria.bilbao.eus\/es\/wp-json\/wp\/v2\/pages\/76\/revisions\/971"}],"up":[{"embeddable":true,"href":"https:\/\/balioenhiria.bilbao.eus\/es\/wp-json\/wp\/v2\/pages\/17"}],"wp:attachment":[{"href":"https:\/\/balioenhiria.bilbao.eus\/es\/wp-json\/wp\/v2\/media?parent=76"}],"curies":[{"name":"wp","href":"https:\/\/api.w.org\/{rel}","templated":true}]}}