{"id":63,"date":"2017-02-13T13:20:10","date_gmt":"2017-02-13T12:20:10","guid":{"rendered":"http:\/\/balioenhiria.bilbao.eus\/?page_id=63"},"modified":"2020-10-28T16:25:28","modified_gmt":"2020-10-28T15:25:28","slug":"respeto-a-los-derechos-humanos","status":"publish","type":"page","link":"https:\/\/balioenhiria.bilbao.eus\/es\/vademecum-de-valores\/respeto-a-los-derechos-humanos\/","title":{"rendered":"Respeto a los Derechos Humanos"},"content":{"rendered":"<span style=\"color: #0070c0;\"><span style=\"font-family: Arial,serif;\"><span style=\"font-size: x-large;\"><span lang=\"es-ES\"><img loading=\"lazy\" decoding=\"async\" class=\"size-medium wp-image-73 alignright\" src=\"http:\/\/balioenhiria.bilbao.eus\/wp-content\/uploads\/2017\/02\/B_respeto-282x300.jpg\" alt=\"\" width=\"282\" height=\"300\" srcset=\"https:\/\/balioenhiria.bilbao.eus\/wp-content\/uploads\/2017\/02\/B_respeto-282x300.jpg 282w, https:\/\/balioenhiria.bilbao.eus\/wp-content\/uploads\/2017\/02\/B_respeto-768x816.jpg 768w, https:\/\/balioenhiria.bilbao.eus\/wp-content\/uploads\/2017\/02\/B_respeto-963x1024.jpg 963w, https:\/\/balioenhiria.bilbao.eus\/wp-content\/uploads\/2017\/02\/B_respeto-624x663.jpg 624w\" sizes=\"(max-width: 282px) 100vw, 282px\" \/>Definici\u00f3n<\/span><\/span><\/span><\/span><\/p>\n<p align=\"justify\"><span style=\"color: #000000;\"><span style=\"font-family: Arial,serif;\"><span style=\"font-size: small;\"><span lang=\"es-ES\">Los derechos humanos son aquellos que todas las personas tienen por el mero hecho de existir. Se formulan como normas con un fuerte contenido \u00e9tico, consecuencias pol\u00edticas y garant\u00edas legales recogidas en los ordenamientos jur\u00eddicos nacionales e internacionales. <\/span><\/span><\/span><\/span><\/p>\n<p align=\"justify\"><span style=\"color: #000000;\"><span style=\"font-family: Arial,serif;\"><span style=\"font-size: small;\"><span lang=\"es-ES\">Desde una perspectiva \u00e9tica, los derechos humanos se basan en el reconocimiento de la dignidad de la persona y est\u00e1n encaminados a su defensa. Incluyen tambi\u00e9n las condiciones sociales, econ\u00f3micas y culturales m\u00ednimas para que las personas puedan vivir de acuerdo a esa dignidad. Su reconocimiento es el fruto de un proceso hist\u00f3rico de toma de conciencia del valor de la persona, y la consiguiente necesidad de considerar a cada persona como un fin en s\u00ed misma, evitando convertirla en un medio para la consecuci\u00f3n de otros fines. El significado de la dignidad de la persona se va desplegando en cada momento hist\u00f3rico al reconocer nuevas dimensiones y concreciones. <\/span><\/span><\/span><\/span><\/p>\n<p align=\"justify\"><span style=\"color: #000000;\"><span style=\"font-family: Arial,serif;\"><span style=\"font-size: small;\"><span lang=\"es-ES\">Desde una perspectiva pol\u00edtica, los derechos humanos son una herramienta importante para promover cambios sociales e institucionales. La aceptaci\u00f3n de ese marco normativo hace que toda realidad social y pol\u00edtica se deba subordinar a la defensa de la dignidad humana. Esa l\u00f3gica ha llevado a que se desarrollen normas legales que garantizan los derechos humanos y que en nuestro ordenamiento jur\u00eddico se sit\u00faan en la c\u00faspide de la jerarqu\u00eda legal. <\/span><\/span><\/span><\/span><\/p>\n<p align=\"justify\"><span style=\"color: #000000;\"><span style=\"font-family: Arial,serif;\"><span style=\"font-size: small;\"><span lang=\"es-ES\">Los derechos humanos tienen tres caracter\u00edsticas fundamentales. En primer lugar, los derechos son iguales para todas las personas, ni hay derechos distintos para distintas personas ni hay grados en su reconocimiento. En segundo lugar, son inalienables, las personas no pueden ser despojadas de ellos porque nadie puede dejar de ser humano, incluso si comporta de manera inhumana. En tercer lugar, son universales, porque corresponden a todos los seres humanos en cualquier circunstancia<\/span><\/span><\/span><\/span><span style=\"color: #000000;\"><span style=\"font-family: Arial,serif;\"><span style=\"font-size: medium;\"><span lang=\"es-ES\">. <\/span><\/span><\/span><\/span><\/p>\n<p align=\"justify\"><span style=\"color: #0070c0;\"><span style=\"font-family: Arial,serif;\"><span style=\"font-size: x-large;\"><span lang=\"es-ES\">Comportamientos asociados<\/span><\/span><\/span><\/span><\/p>\n<p align=\"justify\"><span style=\"font-family: Arial,serif; color: #000000;\"><span style=\"font-size: small;\"><span lang=\"es-ES\">La promoci\u00f3n de la dignidad humana tiene las siguientes implicaciones para los comportamientos de las personas individuales, las organizaciones de la sociedad civil y las instituciones p\u00fablicas.<\/span><\/span><\/span><\/p>\n<p align=\"justify\"><span style=\"color: #0070c0;\"><span style=\"font-family: Arial,serif;\"><span style=\"font-size: large;\"><span lang=\"es-ES\">Ciudadan\u00eda<\/span><\/span><\/span><\/span><\/p>\n<p align=\"justify\"><span style=\"color: #000000;\"><span style=\"font-family: Arial,serif;\"><span style=\"font-size: small;\"><span lang=\"es-ES\">Los derechos humanos est\u00e1n en la base del reconocimiento de los derechos de ciudadan\u00eda. En ese sentido, constituyen la garant\u00eda del respeto a la dignidad de cada persona y una plataforma para la realizaci\u00f3n personal. Sin embargo, es importante se\u00f1alar que la promoci\u00f3n de los derechos humanos supone para cada persona la asunci\u00f3n de deberes respecto a los derechos de los dem\u00e1s. Por una parte cada persona es responsable de no hacer nada que limite los derechos humanos de las dem\u00e1s personas. Pero m\u00e1s all\u00e1 de esa protecci\u00f3n \u2018pasiva\u2019, el reconocimiento de los derechos humanos conlleva la obligaci\u00f3n de promover activamente su cumplimiento efectivo para todas las personas. <\/span><\/span><\/span><\/span><\/p>\n<p align=\"justify\"><span style=\"color: #0070c0;\"><span style=\"font-family: Arial,serif;\"><span style=\"font-size: large;\"><span lang=\"es-ES\">Organizaciones sociales <\/span><\/span><\/span><\/span><\/p>\n<p align=\"justify\"><span style=\"color: #000000;\"><span style=\"font-family: Arial,serif;\"><span style=\"font-size: small;\"><span lang=\"es-ES\">Las organizaciones sociales pueden jugar un doble papel en la promoci\u00f3n de los derechos humanos. En primer lugar, son claves para hacer que actores p\u00fablicos y privados respeten los derechos humanos mediante sus actividades de educaci\u00f3n ciudadana, denuncia, acompa\u00f1amiento de grupos vulnerables y presi\u00f3n pol\u00edtica. En segundo lugar, las organizaciones de la sociedad civil, al asumir la perspectiva de grupos ciudadanos espec\u00edficos, son capaces de ampliar el significado hist\u00f3rico de los derechos humanos y sus concreciones sociales y pol\u00edticas. Para ser aut\u00e9nticas defensoras y promotoras de los derechos humanos, las organizaciones sociales necesitan asumir el alcance universal de los derechos humanos y trabajar para su disfrute por todas las personas.<\/span><\/span><\/span><\/span><\/p>\n<p align=\"justify\"><span style=\"color: #0070c0;\"><span style=\"font-family: Arial,serif;\"><span style=\"font-size: large;\"><span lang=\"es-ES\">Ayuntamiento <\/span><\/span><\/span><\/span><\/p>\n<p align=\"justify\"><span style=\"color: #000000;\"><span style=\"font-family: Arial,serif;\"><span style=\"font-size: small;\"><span lang=\"es-ES\">Al Ayuntamiento, como gobierno del municipio, le corresponde, dentro de sus competencias, la garant\u00eda y el fomento de los derechos fundamentales de todas las personas que conviven dentro de su jurisdicci\u00f3n. El ayuntamiento tiene un papel especialmente importante en promover que se den las condiciones socioecon\u00f3micas y culturales necesarias para que todas las personas, independientemente de sus circunstancias, tengan capacidad de vivir de acuerdo a su dignidad.<\/span><\/span><\/span><\/span><\/p>","protected":false},"excerpt":{"rendered":"<p>Definici\u00f3n Los derechos humanos son aquellos que todas las personas tienen por el mero hecho de existir. Se formulan como normas con un fuerte contenido \u00e9tico, consecuencias pol\u00edticas y garant\u00edas legales recogidas en los ordenamientos jur\u00eddicos nacionales e internacionales. Desde una perspectiva \u00e9tica, los derechos humanos se basan en el reconocimiento de la dignidad de [&hellip;]<\/p>\n","protected":false},"author":2,"featured_media":0,"parent":17,"menu_order":0,"comment_status":"closed","ping_status":"closed","template":"","meta":{"footnotes":""},"_links":{"self":[{"href":"https:\/\/balioenhiria.bilbao.eus\/es\/wp-json\/wp\/v2\/pages\/63"}],"collection":[{"href":"https:\/\/balioenhiria.bilbao.eus\/es\/wp-json\/wp\/v2\/pages"}],"about":[{"href":"https:\/\/balioenhiria.bilbao.eus\/es\/wp-json\/wp\/v2\/types\/page"}],"author":[{"embeddable":true,"href":"https:\/\/balioenhiria.bilbao.eus\/es\/wp-json\/wp\/v2\/users\/2"}],"replies":[{"embeddable":true,"href":"https:\/\/balioenhiria.bilbao.eus\/es\/wp-json\/wp\/v2\/comments?post=63"}],"version-history":[{"count":7,"href":"https:\/\/balioenhiria.bilbao.eus\/es\/wp-json\/wp\/v2\/pages\/63\/revisions"}],"predecessor-version":[{"id":969,"href":"https:\/\/balioenhiria.bilbao.eus\/es\/wp-json\/wp\/v2\/pages\/63\/revisions\/969"}],"up":[{"embeddable":true,"href":"https:\/\/balioenhiria.bilbao.eus\/es\/wp-json\/wp\/v2\/pages\/17"}],"wp:attachment":[{"href":"https:\/\/balioenhiria.bilbao.eus\/es\/wp-json\/wp\/v2\/media?parent=63"}],"curies":[{"name":"wp","href":"https:\/\/api.w.org\/{rel}","templated":true}]}}