{"id":403,"date":"2019-02-19T16:05:32","date_gmt":"2019-02-19T15:05:32","guid":{"rendered":"http:\/\/balioenhiria.bilbao.eus\/?page_id=403"},"modified":"2019-02-21T10:20:29","modified_gmt":"2019-02-21T09:20:29","slug":"noticias","status":"publish","type":"page","link":"https:\/\/balioenhiria.bilbao.eus\/es\/noticias\/","title":{"rendered":"Noticias"},"content":{"rendered":"<style>.wp-show-posts-columns#wpsp-413 {margin-left: -2em; }.wp-show-posts-columns#wpsp-413 .wp-show-posts-inner {margin: 0 0 2em 2em; }<\/style><section id=\"wpsp-413\" class=\" wp-show-posts\" style=\"\"><article class=\" wp-show-posts-single wpsp-clearfix post-2047 post type-post status-publish format-standard hentry category-noticias\" itemtype=\"http:\/\/schema.org\/CreativeWork\" itemscope><div class=\"wp-show-posts-inner\" style=\"\">\t\t\t\t\t\t<header class=\"wp-show-posts-entry-header\">\n\t\t\t\t\t\t\t<h2 class=\"wp-show-posts-entry-title\" itemprop=\"headline\"><a href=\"https:\/\/balioenhiria.bilbao.eus\/es\/el-alcalde-entrega-los-vi-premios-bilbao-balioen-hiria-a-la-fundacion-bilbao-basket-a-la-universidad-del-pais-vasco-y-al-ies-luis-brinas-santutxu\/\" rel=\"bookmark\">EL ALCALDE ENTREGA LOS VI PREMIOS BILBAO BALIOEN HIRIA A LA FUNDACI\u00d3N BILBAO BASKET, A LA UNIVERSIDAD DEL PA\u00cdS VASCO Y AL IES LUIS BRI\u00d1AS-SANTUTXU<\/a><\/h2><div class=\"wp-show-posts-entry-meta wp-show-posts-entry-meta-below-title post-meta-inline\"><span class=\"wp-show-posts-posted-on wp-show-posts-meta\">\n\t\t\t\t\t<a href=\"https:\/\/balioenhiria.bilbao.eus\/es\/el-alcalde-entrega-los-vi-premios-bilbao-balioen-hiria-a-la-fundacion-bilbao-basket-a-la-universidad-del-pais-vasco-y-al-ies-luis-brinas-santutxu\/\" title=\"13:43 hrs.\" rel=\"bookmark\"><time class=\"wp-show-posts-entry-date published\" datetime=\"2026-02-19T13:43:42+00:00\" itemprop=\"datePublished\">19\/02\/2026<\/time><time class=\"wp-show-posts-updated\" datetime=\"2026-02-19T15:30:21+00:00\" itemprop=\"dateModified\">19\/02\/2026<\/time><\/a>\n\t\t\t\t<\/span><\/div>\t\t\t\t\t\t<\/header><!-- .entry-header -->\n\t\t\t\t\t\t\t\t\t\t\t<div class=\"wp-show-posts-entry-summary\" itemprop=\"text\">\n\t\t\t\t\t\t\t<p>El proyecto \u201cBihotz Kantxa\u201d de la Fundaci\u00f3n Bilbao Basket ha sido galardonado por trasladar el baloncesto a zonas de mayor vulnerabilidad generando nuevas din\u00e1micas de ocio y acercando el deporte profesional a la calle de manera igualitaria e inclusiva. &nbsp;La iniciativa \u201cAulas de la Experiencia de Bizkaia\u201d de la Universidad&#8230;<\/p>\n\t\t\t\t\t\t<\/div><!-- .entry-summary -->\n\t\t\t\t\t<\/div><!-- wp-show-posts-inner --><div class=\"wpsp-clear\"><\/div><\/article><article class=\" wp-show-posts-single wpsp-clearfix post-2045 post type-post status-publish format-standard hentry category-noticias\" itemtype=\"http:\/\/schema.org\/CreativeWork\" itemscope><div class=\"wp-show-posts-inner\" style=\"\">\t\t\t\t\t\t<header class=\"wp-show-posts-entry-header\">\n\t\t\t\t\t\t\t<h2 class=\"wp-show-posts-entry-title\" itemprop=\"headline\"><a href=\"https:\/\/balioenhiria.bilbao.eus\/es\/iberdrola-y-una-treintena-de-empresas-se-adhieren-a-la-carta-de-valores-de-bilbao\/\" rel=\"bookmark\">IBERDROLA Y UNA TREINTENA DE EMPRESAS SE ADHIEREN A LA CARTA DE VALORES DE BILBAO<\/a><\/h2><div class=\"wp-show-posts-entry-meta wp-show-posts-entry-meta-below-title post-meta-inline\"><span class=\"wp-show-posts-posted-on wp-show-posts-meta\">\n\t\t\t\t\t<a href=\"https:\/\/balioenhiria.bilbao.eus\/es\/iberdrola-y-una-treintena-de-empresas-se-adhieren-a-la-carta-de-valores-de-bilbao\/\" title=\"13:37 hrs.\" rel=\"bookmark\"><time class=\"wp-show-posts-entry-date published\" datetime=\"2026-02-19T13:37:57+00:00\" itemprop=\"datePublished\">19\/02\/2026<\/time><time class=\"wp-show-posts-updated\" datetime=\"2026-02-19T15:28:27+00:00\" itemprop=\"dateModified\">19\/02\/2026<\/time><\/a>\n\t\t\t\t<\/span><\/div>\t\t\t\t\t\t<\/header><!-- .entry-header -->\n\t\t\t\t\t\t\t\t\t\t\t<div class=\"wp-show-posts-entry-summary\" itemprop=\"text\">\n\t\t\t\t\t\t\t<p>El Alcalde de Bilbao, Juan Mari Aburto, y el presidente de Iberdrola, Ignacio Gal\u00e1n, han presidido esta ma\u00f1ana en Torre Iberdrola el acto de compromiso de gran parte del tejido empresarial referente en Bilbao para con los valores que promulga la Carta. Iberdrola y una treintena de empresas de Torre&#8230;<\/p>\n\t\t\t\t\t\t<\/div><!-- .entry-summary -->\n\t\t\t\t\t<\/div><!-- wp-show-posts-inner --><div class=\"wpsp-clear\"><\/div><\/article><article class=\" wp-show-posts-single wpsp-clearfix post-2043 post type-post status-publish format-standard hentry category-noticias\" itemtype=\"http:\/\/schema.org\/CreativeWork\" itemscope><div class=\"wp-show-posts-inner\" style=\"\">\t\t\t\t\t\t<header class=\"wp-show-posts-entry-header\">\n\t\t\t\t\t\t\t<h2 class=\"wp-show-posts-entry-title\" itemprop=\"headline\"><a href=\"https:\/\/balioenhiria.bilbao.eus\/es\/una-treintena-de-empresas-de-b-accelerator-tower-bat-se-adhieren-a-la-carta-de-valores-de-bilbao\/\" rel=\"bookmark\">UNA TREINTENA DE EMPRESAS DE B ACCELERATOR TOWER (BAT) SE ADHIEREN A LA CARTA DE VALORES DE BILBAO<\/a><\/h2><div class=\"wp-show-posts-entry-meta wp-show-posts-entry-meta-below-title post-meta-inline\"><span class=\"wp-show-posts-posted-on wp-show-posts-meta\">\n\t\t\t\t\t<a href=\"https:\/\/balioenhiria.bilbao.eus\/es\/una-treintena-de-empresas-de-b-accelerator-tower-bat-se-adhieren-a-la-carta-de-valores-de-bilbao\/\" title=\"13:17 hrs.\" rel=\"bookmark\"><time class=\"wp-show-posts-entry-date published\" datetime=\"2026-02-19T13:17:19+00:00\" itemprop=\"datePublished\">19\/02\/2026<\/time><time class=\"wp-show-posts-updated\" datetime=\"2026-02-19T15:26:13+00:00\" itemprop=\"dateModified\">19\/02\/2026<\/time><\/a>\n\t\t\t\t<\/span><\/div>\t\t\t\t\t\t<\/header><!-- .entry-header -->\n\t\t\t\t\t\t\t\t\t\t\t<div class=\"wp-show-posts-entry-summary\" itemprop=\"text\">\n\t\t\t\t\t\t\t<p>El Alcalde de Bilbao, Juan Mari Aburto, junto con el director de B Accelerator Tower (BAT), Eriz Sainz, y representantes de las empresas han presidido esta ma\u00f1ana en B Accelerator Tower (BAT) el acto de compromiso de gran parte del tejido empresarial referencial de Bilbao y Bizkaia con los valores&#8230;<\/p>\n\t\t\t\t\t\t<\/div><!-- .entry-summary -->\n\t\t\t\t\t<\/div><!-- wp-show-posts-inner --><div class=\"wpsp-clear\"><\/div><\/article><article class=\" wp-show-posts-single wpsp-clearfix post-2041 post type-post status-publish format-standard hentry category-noticias\" itemtype=\"http:\/\/schema.org\/CreativeWork\" itemscope><div class=\"wp-show-posts-inner\" style=\"\">\t\t\t\t\t\t<header class=\"wp-show-posts-entry-header\">\n\t\t\t\t\t\t\t<h2 class=\"wp-show-posts-entry-title\" itemprop=\"headline\"><a href=\"https:\/\/balioenhiria.bilbao.eus\/es\/los-vii-premios-bilbao-balioen-hiria-son-para-la-asociacion-de-tiempo-libre-izartxo-harrobia-ikastola-y-el-colegio-de-psicologia-de-bizkaia\/\" rel=\"bookmark\">LOS VII PREMIOS BILBAO BALIOEN HIRIA SON PARA LA ASOCIACI\u00d3N DE TIEMPO LIBRE IZARTXO, HARROBIA IKASTOLA Y EL COLEGIO DE PSICOLOG\u00cdA DE BIZKAIA<\/a><\/h2><div class=\"wp-show-posts-entry-meta wp-show-posts-entry-meta-below-title post-meta-inline\"><span class=\"wp-show-posts-posted-on wp-show-posts-meta\">\n\t\t\t\t\t<a href=\"https:\/\/balioenhiria.bilbao.eus\/es\/los-vii-premios-bilbao-balioen-hiria-son-para-la-asociacion-de-tiempo-libre-izartxo-harrobia-ikastola-y-el-colegio-de-psicologia-de-bizkaia\/\" title=\"13:10 hrs.\" rel=\"bookmark\"><time class=\"wp-show-posts-entry-date published\" datetime=\"2026-02-19T13:10:16+00:00\" itemprop=\"datePublished\">19\/02\/2026<\/time><time class=\"wp-show-posts-updated\" datetime=\"2026-02-19T15:22:01+00:00\" itemprop=\"dateModified\">19\/02\/2026<\/time><\/a>\n\t\t\t\t<\/span><\/div>\t\t\t\t\t\t<\/header><!-- .entry-header -->\n\t\t\t\t\t\t\t\t\t\t\t<div class=\"wp-show-posts-entry-summary\" itemprop=\"text\">\n\t\t\t\t\t\t\t<p>Guztira, 74 proiektu aurkeztu dira aurtengo lehiaketara. Proiektu horiek guztiek Bilboko Balioen Agirian jasotako balioak sustatzen dituzte, hala nola bizikidetza, berdintasuna, jasangarritasuna edo sormena.&nbsp; Izartxo Bilbao Madariaga Aisialdi Elkartearen \u00abIbilbide solidarioa\u00bb proiektuak saria jaso du gazteen eta gazteentzako proiektu bat delako, eragin handiko bizipen esperientzien bidez haien garapen integrala eta&#8230;<\/p>\n\t\t\t\t\t\t<\/div><!-- .entry-summary -->\n\t\t\t\t\t<\/div><!-- wp-show-posts-inner --><div class=\"wpsp-clear\"><\/div><\/article><article class=\" wp-show-posts-single wpsp-clearfix post-2032 post type-post status-publish format-standard hentry category-noticias\" itemtype=\"http:\/\/schema.org\/CreativeWork\" itemscope><div class=\"wp-show-posts-inner\" style=\"\">\t\t\t\t\t\t<header class=\"wp-show-posts-entry-header\">\n\t\t\t\t\t\t\t<h2 class=\"wp-show-posts-entry-title\" itemprop=\"headline\"><a href=\"https:\/\/balioenhiria.bilbao.eus\/es\/el-ayuntamiento-de-bilbao-abrira-manana-el-plazo-de-presentacion-de-propuestas-para-la-viii-edicion-de-los-premios-bilbao-balioen-hiria\/\" rel=\"bookmark\">EL AYUNTAMIENTO DE BILBAO ABRIR\u00c1 MA\u00d1ANA EL PLAZO DE PRESENTACI\u00d3N DE PROPUESTAS PARA LA VIII EDICI\u00d3N DE LOS PREMIOS BILBAO BALIOEN HIRIA<\/a><\/h2><div class=\"wp-show-posts-entry-meta wp-show-posts-entry-meta-below-title post-meta-inline\"><span class=\"wp-show-posts-posted-on wp-show-posts-meta\">\n\t\t\t\t\t<a href=\"https:\/\/balioenhiria.bilbao.eus\/es\/el-ayuntamiento-de-bilbao-abrira-manana-el-plazo-de-presentacion-de-propuestas-para-la-viii-edicion-de-los-premios-bilbao-balioen-hiria\/\" title=\"12:59 hrs.\" rel=\"bookmark\"><time class=\"wp-show-posts-entry-date published\" datetime=\"2026-02-19T12:59:36+00:00\" itemprop=\"datePublished\">19\/02\/2026<\/time><time class=\"wp-show-posts-updated\" datetime=\"2026-02-19T14:59:56+00:00\" itemprop=\"dateModified\">19\/02\/2026<\/time><\/a>\n\t\t\t\t<\/span><\/div>\t\t\t\t\t\t<\/header><!-- .entry-header -->\n\t\t\t\t\t\t\t\t\t\t\t<div class=\"wp-show-posts-entry-summary\" itemprop=\"text\">\n\t\t\t\t\t\t\t<p>El plazo finalizar\u00e1 el 20 de marzo y s\u00f3lo podr\u00e1n presentarse a trav\u00e9s del Registro General del Ayuntamiento. Las propuestas pueden ser presentadas por entidades sin \u00e1nimo de lucro, centros educativos de Bilbao, empresas y universidades y deben poner en valor iniciativas relacionadas con la Carta de Valores de Bilbao&#8230;.<\/p>\n\t\t\t\t\t\t<\/div><!-- .entry-summary -->\n\t\t\t\t\t<\/div><!-- wp-show-posts-inner --><div class=\"wpsp-clear\"><\/div><\/article><article class=\" wp-show-posts-single wpsp-clearfix post-1998 post type-post status-publish format-standard has-post-thumbnail hentry category-noticias\" itemtype=\"http:\/\/schema.org\/CreativeWork\" itemscope><div class=\"wp-show-posts-inner\" style=\"\">\t\t<div class=\"wp-show-posts-image  wpsp-image-left \">\n\t\t\t<a href=\"https:\/\/balioenhiria.bilbao.eus\/es\/el-ayuntamiento-abre-hoy-el-plazo-para-presentar-propuestas-a-los-premios-bilbao-balioen-hiria-que-como-novedad-se-abren-a-las-universidades\/\"  title=\"EL AYUNTAMIENTO ABRE HOY EL PLAZO PARA PRESENTAR PROPUESTAS A LOS PREMIOS BILBAO BALIOEN HIRIA QUE COMO NOVEDAD SE ABREN A LAS UNIVERSIDADES\">\t\t\t\t\t<img decoding=\"async\" src=\"https:\/\/balioenhiria.bilbao.eus\/wp-content\/uploads\/2024\/02\/Foto12-100x67.jpg\" alt=\"EL AYUNTAMIENTO ABRE HOY EL PLAZO PARA PRESENTAR PROPUESTAS A LOS PREMIOS BILBAO BALIOEN HIRIA QUE COMO NOVEDAD SE ABREN A LAS UNIVERSIDADES\" itemprop=\"image\" class=\"left\" \/>\n\t\t\t\t<\/a>\t\t<\/div>\n\t\t\t\t\t\t\t\t<header class=\"wp-show-posts-entry-header\">\n\t\t\t\t\t\t\t<h2 class=\"wp-show-posts-entry-title\" itemprop=\"headline\"><a href=\"https:\/\/balioenhiria.bilbao.eus\/es\/el-ayuntamiento-abre-hoy-el-plazo-para-presentar-propuestas-a-los-premios-bilbao-balioen-hiria-que-como-novedad-se-abren-a-las-universidades\/\" rel=\"bookmark\">EL AYUNTAMIENTO ABRE HOY EL PLAZO PARA PRESENTAR PROPUESTAS A LOS PREMIOS BILBAO BALIOEN HIRIA QUE COMO NOVEDAD SE ABREN A LAS UNIVERSIDADES<\/a><\/h2><div class=\"wp-show-posts-entry-meta wp-show-posts-entry-meta-below-title post-meta-inline\"><span class=\"wp-show-posts-posted-on wp-show-posts-meta\">\n\t\t\t\t\t<a href=\"https:\/\/balioenhiria.bilbao.eus\/es\/el-ayuntamiento-abre-hoy-el-plazo-para-presentar-propuestas-a-los-premios-bilbao-balioen-hiria-que-como-novedad-se-abren-a-las-universidades\/\" title=\"10:39 hrs.\" rel=\"bookmark\"><time class=\"wp-show-posts-entry-date published\" datetime=\"2024-01-30T10:39:27+00:00\" itemprop=\"datePublished\">30\/01\/2024<\/time><time class=\"wp-show-posts-updated\" datetime=\"2024-02-01T09:31:19+00:00\" itemprop=\"dateModified\">01\/02\/2024<\/time><\/a>\n\t\t\t\t<\/span><\/div>\t\t\t\t\t\t<\/header><!-- .entry-header -->\n\t\t\t\t\t\t\t\t\t\t\t<div class=\"wp-show-posts-entry-summary\" itemprop=\"text\">\n\t\t\t\t\t\t\t<p>El objetivo de la convocatoria, que alcanza su sexta edici\u00f3n, es el reconocimiento p\u00fablico de iniciativas que fomentan los valores contenidos en la Carta de Valores de Bilbao y que se han ejecutado o est\u00e1n ejecut\u00e1ndose a nivel de barrio, distrito o ciudad. Las propuestas deber\u00e1n enmarcarse en alguna de&#8230;<\/p>\n\t\t\t\t\t\t<\/div><!-- .entry-summary -->\n\t\t\t\t\t<\/div><!-- wp-show-posts-inner --><div class=\"wpsp-clear\"><\/div><\/article><article class=\" wp-show-posts-single wpsp-clearfix post-1896 post type-post status-publish format-standard has-post-thumbnail hentry category-noticias\" itemtype=\"http:\/\/schema.org\/CreativeWork\" itemscope><div class=\"wp-show-posts-inner\" style=\"\">\t\t<div class=\"wp-show-posts-image  wpsp-image-left \">\n\t\t\t<a href=\"https:\/\/balioenhiria.bilbao.eus\/es\/el-alcalde-de-bilbao-juan-mari-aburto-entrega-los-premios-bilbao-balioen-sariak-a-la-asociacion-the-eko-lab-al-centro-escolar-sanchez-marcos-y-a-la-fundacion-bakuva\/\"  title=\"EL ALCALDE DE BILBAO JUAN MARI ABURTO ENTREGA LOS PREMIOS BILBAO BALIOEN SARIAK A LA ASOCIACI\u00d3N THE EKO LAB, AL CENTRO ESCOLAR SANCHEZ MARCOS Y A LA FUNDACI\u00d3N BAKUVA\">\t\t\t\t\t<img decoding=\"async\" src=\"https:\/\/balioenhiria.bilbao.eus\/wp-content\/uploads\/2023\/04\/Foto11-100x55.jpg\" alt=\"EL ALCALDE DE BILBAO JUAN MARI ABURTO ENTREGA LOS PREMIOS BILBAO BALIOEN SARIAK A LA ASOCIACI\u00d3N THE EKO LAB, AL CENTRO ESCOLAR SANCHEZ MARCOS Y A LA FUNDACI\u00d3N BAKUVA\" itemprop=\"image\" class=\"left\" \/>\n\t\t\t\t<\/a>\t\t<\/div>\n\t\t\t\t\t\t\t\t<header class=\"wp-show-posts-entry-header\">\n\t\t\t\t\t\t\t<h2 class=\"wp-show-posts-entry-title\" itemprop=\"headline\"><a href=\"https:\/\/balioenhiria.bilbao.eus\/es\/el-alcalde-de-bilbao-juan-mari-aburto-entrega-los-premios-bilbao-balioen-sariak-a-la-asociacion-the-eko-lab-al-centro-escolar-sanchez-marcos-y-a-la-fundacion-bakuva\/\" rel=\"bookmark\">EL ALCALDE DE BILBAO JUAN MARI ABURTO ENTREGA LOS PREMIOS BILBAO BALIOEN SARIAK A LA ASOCIACI\u00d3N THE EKO LAB, AL CENTRO ESCOLAR SANCHEZ MARCOS Y A LA FUNDACI\u00d3N BAKUVA<\/a><\/h2><div class=\"wp-show-posts-entry-meta wp-show-posts-entry-meta-below-title post-meta-inline\"><span class=\"wp-show-posts-posted-on wp-show-posts-meta\">\n\t\t\t\t\t<a href=\"https:\/\/balioenhiria.bilbao.eus\/es\/el-alcalde-de-bilbao-juan-mari-aburto-entrega-los-premios-bilbao-balioen-sariak-a-la-asociacion-the-eko-lab-al-centro-escolar-sanchez-marcos-y-a-la-fundacion-bakuva\/\" title=\"09:39 hrs.\" rel=\"bookmark\"><time class=\"wp-show-posts-entry-date published\" datetime=\"2023-02-28T09:39:38+00:00\" itemprop=\"datePublished\">28\/02\/2023<\/time><time class=\"wp-show-posts-updated\" datetime=\"2023-04-24T10:05:46+00:00\" itemprop=\"dateModified\">24\/04\/2023<\/time><\/a>\n\t\t\t\t<\/span><\/div>\t\t\t\t\t\t<\/header><!-- .entry-header -->\n\t\t\t\t\t\t\t\t\t\t\t<div class=\"wp-show-posts-entry-summary\" itemprop=\"text\">\n\t\t\t\t\t\t\t<p>\u201cArbotante\/Arbota-arkua\u201d del centro escolar Sanchez Marcos y \u201cLa Bobina\u201d de The Eko Lab son iniciativas intergeneracionales en el \u00e1mbito educativo y de comunidad, respectivamente. El tercero de los premiados es \u201cProyecto David\u201d de Bakuva, un servicio de orientaci\u00f3n personal, acad\u00e9mica y social a las y los j\u00f3venes que participan en&#8230;<\/p>\n\t\t\t\t\t\t<\/div><!-- .entry-summary -->\n\t\t\t\t\t<\/div><!-- wp-show-posts-inner --><div class=\"wpsp-clear\"><\/div><\/article><article class=\" wp-show-posts-single wpsp-clearfix post-1836 post type-post status-publish format-standard has-post-thumbnail hentry category-noticias\" itemtype=\"http:\/\/schema.org\/CreativeWork\" itemscope><div class=\"wp-show-posts-inner\" style=\"\">\t\t<div class=\"wp-show-posts-image  wpsp-image-left \">\n\t\t\t<a href=\"https:\/\/balioenhiria.bilbao.eus\/es\/el-ministerio-de-consumo-premia-al-ayuntamiento-de-bilbao-por-su-programa-integral-de-actividad-fisica-con-personas-mayores\/\"  title=\"EL MINISTERIO DE CONSUMO PREMIA AL AYUNTAMIENTO DE BILBAO POR SU PROGRAMA INTEGRAL DE ACTIVIDAD F\u00cdSICA CON PERSONAS MAYORES\">\t\t\t\t\t<img decoding=\"async\" src=\"https:\/\/balioenhiria.bilbao.eus\/wp-content\/uploads\/2022\/05\/Satellite-4-scaled-100x66.jpg\" alt=\"EL MINISTERIO DE CONSUMO PREMIA AL AYUNTAMIENTO DE BILBAO POR SU PROGRAMA INTEGRAL DE ACTIVIDAD F\u00cdSICA CON PERSONAS MAYORES\" itemprop=\"image\" class=\"left\" \/>\n\t\t\t\t<\/a>\t\t<\/div>\n\t\t\t\t\t\t\t\t<header class=\"wp-show-posts-entry-header\">\n\t\t\t\t\t\t\t<h2 class=\"wp-show-posts-entry-title\" itemprop=\"headline\"><a href=\"https:\/\/balioenhiria.bilbao.eus\/es\/el-ministerio-de-consumo-premia-al-ayuntamiento-de-bilbao-por-su-programa-integral-de-actividad-fisica-con-personas-mayores\/\" rel=\"bookmark\">EL MINISTERIO DE CONSUMO PREMIA AL AYUNTAMIENTO DE BILBAO POR SU PROGRAMA INTEGRAL DE ACTIVIDAD F\u00cdSICA CON PERSONAS MAYORES<\/a><\/h2><div class=\"wp-show-posts-entry-meta wp-show-posts-entry-meta-below-title post-meta-inline\"><span class=\"wp-show-posts-posted-on wp-show-posts-meta\">\n\t\t\t\t\t<a href=\"https:\/\/balioenhiria.bilbao.eus\/es\/el-ministerio-de-consumo-premia-al-ayuntamiento-de-bilbao-por-su-programa-integral-de-actividad-fisica-con-personas-mayores\/\" title=\"16:34 hrs.\" rel=\"bookmark\"><time class=\"wp-show-posts-entry-date published\" datetime=\"2022-05-16T16:34:08+00:00\" itemprop=\"datePublished\">16\/05\/2022<\/time><time class=\"wp-show-posts-updated\" datetime=\"2022-06-29T12:55:49+00:00\" itemprop=\"dateModified\">29\/06\/2022<\/time><\/a>\n\t\t\t\t<\/span><\/div>\t\t\t\t\t\t<\/header><!-- .entry-header -->\n\t\t\t\t\t\t\t\t\t\t\t<div class=\"wp-show-posts-entry-summary\" itemprop=\"text\">\n\t\t\t\t\t\t\t<p>La Agencia Espa\u00f1ola de Seguridad Alimentaria y Nutrici\u00f3n (Aesan) del Ministerio de Consumo ha reconocido al Programa Integral de Actividad F\u00edsica con Personas Mayores, con el Premio Estrategia NAOS a la Promoci\u00f3n de la Pr\u00e1ctica de la Actividad F\u00edsica en el \u00c1mbito Familiar y Comunitario. Mejorar la calidad de la&#8230;<\/p>\n\t\t\t\t\t\t<\/div><!-- .entry-summary -->\n\t\t\t\t\t<\/div><!-- wp-show-posts-inner --><div class=\"wpsp-clear\"><\/div><\/article><article class=\" wp-show-posts-single wpsp-clearfix post-1825 post type-post status-publish format-standard has-post-thumbnail hentry category-noticias\" itemtype=\"http:\/\/schema.org\/CreativeWork\" itemscope><div class=\"wp-show-posts-inner\" style=\"\">\t\t<div class=\"wp-show-posts-image  wpsp-image-left \">\n\t\t\t<a href=\"https:\/\/balioenhiria.bilbao.eus\/es\/el-ayuntamiento-de-bilbao-inicia-una-serie-de-obras-de-mejora-de-accesibilidad-y-alumbrado-en-el-barrio-de-olabeaga\/\"  title=\"EL AYUNTAMIENTO DE BILBAO INICIA UNA SERIE DE OBRAS DE MEJORA DE ACCESIBILIDAD Y ALUMBRADO EN EL BARRIO DE OLABEAGA\">\t\t\t\t\t<img decoding=\"async\" src=\"https:\/\/balioenhiria.bilbao.eus\/wp-content\/uploads\/2022\/05\/Satellite-3-100x56.jpg\" alt=\"EL AYUNTAMIENTO DE BILBAO INICIA UNA SERIE DE OBRAS DE MEJORA DE ACCESIBILIDAD Y ALUMBRADO EN EL BARRIO DE OLABEAGA\" itemprop=\"image\" class=\"left\" \/>\n\t\t\t\t<\/a>\t\t<\/div>\n\t\t\t\t\t\t\t\t<header class=\"wp-show-posts-entry-header\">\n\t\t\t\t\t\t\t<h2 class=\"wp-show-posts-entry-title\" itemprop=\"headline\"><a href=\"https:\/\/balioenhiria.bilbao.eus\/es\/el-ayuntamiento-de-bilbao-inicia-una-serie-de-obras-de-mejora-de-accesibilidad-y-alumbrado-en-el-barrio-de-olabeaga\/\" rel=\"bookmark\">EL AYUNTAMIENTO DE BILBAO INICIA UNA SERIE DE OBRAS DE MEJORA DE ACCESIBILIDAD Y ALUMBRADO EN EL BARRIO DE OLABEAGA<\/a><\/h2><div class=\"wp-show-posts-entry-meta wp-show-posts-entry-meta-below-title post-meta-inline\"><span class=\"wp-show-posts-posted-on wp-show-posts-meta\">\n\t\t\t\t\t<a href=\"https:\/\/balioenhiria.bilbao.eus\/es\/el-ayuntamiento-de-bilbao-inicia-una-serie-de-obras-de-mejora-de-accesibilidad-y-alumbrado-en-el-barrio-de-olabeaga\/\" title=\"15:51 hrs.\" rel=\"bookmark\"><time class=\"wp-show-posts-entry-date published\" datetime=\"2022-05-16T15:51:10+00:00\" itemprop=\"datePublished\">16\/05\/2022<\/time><time class=\"wp-show-posts-updated\" datetime=\"2022-06-29T12:58:54+00:00\" itemprop=\"dateModified\">29\/06\/2022<\/time><\/a>\n\t\t\t\t<\/span><\/div>\t\t\t\t\t\t<\/header><!-- .entry-header -->\n\t\t\t\t\t\t\t\t\t\t\t<div class=\"wp-show-posts-entry-summary\" itemprop=\"text\">\n\t\t\t\t\t\t\t<p>Se contemplan actuaciones en distintas tramadas de escaleras, como las de acceso a la calle Dique, las situadas entre esta v\u00eda y el Camino de la Ventosa, las de Trokabidea, las situadas en Muelle de Olabeaga 36, o las met\u00e1licas en la trasera de Muelle de Olabeaga 22. Tambi\u00e9n se&#8230;<\/p>\n\t\t\t\t\t\t<\/div><!-- .entry-summary -->\n\t\t\t\t\t<\/div><!-- wp-show-posts-inner --><div class=\"wpsp-clear\"><\/div><\/article><article class=\" wp-show-posts-single wpsp-clearfix post-1811 post type-post status-publish format-standard has-post-thumbnail hentry category-noticias\" itemtype=\"http:\/\/schema.org\/CreativeWork\" itemscope><div class=\"wp-show-posts-inner\" style=\"\">\t\t<div class=\"wp-show-posts-image  wpsp-image-left \">\n\t\t\t<a href=\"https:\/\/balioenhiria.bilbao.eus\/es\/bilbao-rechaza-cualquier-tipo-de-discrimacion-contra-las-personas-lgtbiq\/\"  title=\"BILBAO RECHAZA CUALQUIER TIPO DE DISCRIMACI\u00d3N CONTRA LAS PERSONAS LGTBIQ+\">\t\t\t\t\t<img decoding=\"async\" src=\"https:\/\/balioenhiria.bilbao.eus\/wp-content\/uploads\/2022\/05\/Satellite2-2-100x83.jpg\" alt=\"BILBAO RECHAZA CUALQUIER TIPO DE DISCRIMACI\u00d3N CONTRA LAS PERSONAS LGTBIQ+\" itemprop=\"image\" class=\"left\" \/>\n\t\t\t\t<\/a>\t\t<\/div>\n\t\t\t\t\t\t\t\t<header class=\"wp-show-posts-entry-header\">\n\t\t\t\t\t\t\t<h2 class=\"wp-show-posts-entry-title\" itemprop=\"headline\"><a href=\"https:\/\/balioenhiria.bilbao.eus\/es\/bilbao-rechaza-cualquier-tipo-de-discrimacion-contra-las-personas-lgtbiq\/\" rel=\"bookmark\">BILBAO RECHAZA CUALQUIER TIPO DE DISCRIMACI\u00d3N CONTRA LAS PERSONAS LGTBIQ+<\/a><\/h2><div class=\"wp-show-posts-entry-meta wp-show-posts-entry-meta-below-title post-meta-inline\"><span class=\"wp-show-posts-posted-on wp-show-posts-meta\">\n\t\t\t\t\t<a href=\"https:\/\/balioenhiria.bilbao.eus\/es\/bilbao-rechaza-cualquier-tipo-de-discrimacion-contra-las-personas-lgtbiq\/\" title=\"15:35 hrs.\" rel=\"bookmark\"><time class=\"wp-show-posts-entry-date published\" datetime=\"2022-05-16T15:35:34+00:00\" itemprop=\"datePublished\">16\/05\/2022<\/time><time class=\"wp-show-posts-updated\" datetime=\"2022-06-29T12:59:37+00:00\" itemprop=\"dateModified\">29\/06\/2022<\/time><\/a>\n\t\t\t\t<\/span><\/div>\t\t\t\t\t\t<\/header><!-- .entry-header -->\n\t\t\t\t\t\t\t\t\t\t\t<div class=\"wp-show-posts-entry-summary\" itemprop=\"text\">\n\t\t\t\t\t\t\t<p>El Ayuntamiento, en el marco del D\u00eda Internacional contra la Homofobia, la Lesbofobia, la Transfobia, la Bifobia y la Intersexfobia, ha puesto en marcha una nueva campa\u00f1a de sensibilizaci\u00f3n para mostrar el rechazo y denunciar cualquier tipo de discriminaci\u00f3n contra las personas LGTBIQ+. Desde el Consistorio plantean como estrategia la&#8230;<\/p>\n\t\t\t\t\t\t<\/div><!-- .entry-summary -->\n\t\t\t\t\t<\/div><!-- wp-show-posts-inner --><div class=\"wpsp-clear\"><\/div><\/article><\/section><!-- .wp-show-posts --><div class=\"wpsp-load-more\"><span aria-current=\"page\" class=\"page-numbers current\">1<\/span>\n<a class=\"page-numbers\" href=\"https:\/\/balioenhiria.bilbao.eus\/es\/wp-json\/wp\/v2\/pages\/403\/page\/2\/\">2<\/a>\n<span class=\"page-numbers dots\">&hellip;<\/span>\n<a class=\"page-numbers\" href=\"https:\/\/balioenhiria.bilbao.eus\/es\/wp-json\/wp\/v2\/pages\/403\/page\/9\/\">9<\/a>\n<a class=\"next page-numbers\" href=\"https:\/\/balioenhiria.bilbao.eus\/es\/wp-json\/wp\/v2\/pages\/403\/page\/2\/\">Siguiente &rarr;<\/a><\/div>\n","protected":false},"excerpt":{"rendered":"","protected":false},"author":3,"featured_media":0,"parent":0,"menu_order":0,"comment_status":"closed","ping_status":"closed","template":"","meta":{"footnotes":""},"_links":{"self":[{"href":"https:\/\/balioenhiria.bilbao.eus\/es\/wp-json\/wp\/v2\/pages\/403"}],"collection":[{"href":"https:\/\/balioenhiria.bilbao.eus\/es\/wp-json\/wp\/v2\/pages"}],"about":[{"href":"https:\/\/balioenhiria.bilbao.eus\/es\/wp-json\/wp\/v2\/types\/page"}],"author":[{"embeddable":true,"href":"https:\/\/balioenhiria.bilbao.eus\/es\/wp-json\/wp\/v2\/users\/3"}],"replies":[{"embeddable":true,"href":"https:\/\/balioenhiria.bilbao.eus\/es\/wp-json\/wp\/v2\/comments?post=403"}],"version-history":[{"count":9,"href":"https:\/\/balioenhiria.bilbao.eus\/es\/wp-json\/wp\/v2\/pages\/403\/revisions"}],"predecessor-version":[{"id":414,"href":"https:\/\/balioenhiria.bilbao.eus\/es\/wp-json\/wp\/v2\/pages\/403\/revisions\/414"}],"wp:attachment":[{"href":"https:\/\/balioenhiria.bilbao.eus\/es\/wp-json\/wp\/v2\/media?parent=403"}],"curies":[{"name":"wp","href":"https:\/\/api.w.org\/{rel}","templated":true}]}}