{"id":38,"date":"2017-02-10T15:32:33","date_gmt":"2017-02-10T14:32:33","guid":{"rendered":"http:\/\/balioenhiria.bilbao.eus\/?page_id=38"},"modified":"2020-10-20T15:31:27","modified_gmt":"2020-10-20T13:31:27","slug":"inicio","status":"publish","type":"page","link":"https:\/\/balioenhiria.bilbao.eus\/es\/","title":{"rendered":"Inicio"},"content":{"rendered":"<div id=\"pl-38\"  class=\"panel-layout\" ><div id=\"pg-38-0\"  class=\"panel-grid panel-has-style\" ><div class=\"c-slider panel-row-style panel-row-style-for-38-0\" ><div id=\"pgc-38-0-0\"  class=\"panel-grid-cell\" ><div id=\"panel-38-0-0-0\" class=\"so-panel widget widget_metaslider_widget panel-first-child panel-last-child\" data-index=\"0\" ><!-- meta slider -->\n<div style=\"max-width: 2000px;\" class=\"metaslider metaslider-flex metaslider-70 ml-slider c-slider nav-hidden\">\n    \n    <div id=\"metaslider_container_70\">\n        <div id=\"metaslider_70\">\n            <ul class=\"slides\">\n                <li style=\"display: block; width: 100%;\" class=\"slide-71 ms-image\"><img loading=\"lazy\" decoding=\"async\" src=\"http:\/\/balioenhiria.bilbao.eus\/wp-content\/uploads\/2017\/02\/Cabecera2.jpg\" height=\"535\" width=\"2000\" alt=\"\" class=\"slider-70 slide-71\" \/><\/li>\n            <\/ul>\n        <\/div>\n        \n    <\/div>\n    <script type=\"text\/javascript\">\n        var metaslider_70 = function($) {\n            $('#metaslider_70').addClass('flexslider'); \/\/ theme\/plugin conflict avoidance\n            $('#metaslider_70').flexslider({ \n                slideshowSpeed:3000,\n                animation:\"fade\",\n                controlNav:false,\n                directionNav:true,\n                pauseOnHover:true,\n                direction:\"horizontal\",\n                reverse:false,\n                animationSpeed:600,\n                prevText:\"&lt;\",\n                nextText:\"&gt;\",\n                slideshow:true\n            });\n        };\n        var timer_metaslider_70 = function() {\n            var slider = !window.jQuery ? window.setTimeout(timer_metaslider_70, 100) : !jQuery.isReady ? window.setTimeout(timer_metaslider_70, 1) : metaslider_70(window.jQuery);\n        };\n        timer_metaslider_70();\n    <\/script>\n<\/div>\n<!--\/\/ meta slider--><\/div><\/div><\/div><\/div><div id=\"pg-38-1\"  class=\"panel-grid panel-has-style\" ><div class=\"panel-row-style panel-row-style-for-38-1\" ><div id=\"pgc-38-1-0\"  class=\"panel-grid-cell\" >        <div id=\"panel-38-1-0-0\" class=\"so-panel widget widget_smartlib-header-section-widget smartlib-header-section-widget panel-first-child panel-last-child\" data-index=\"1\" ><div class=\"c-news panel-widget-style panel-widget-style-for-38-1-0-0\" >            <header\n                class=\"smartlib-section-header text-left\">\n                <h2 class=\"smartlib-header-small\">Noticias<\/h2>\n                                    <p><\/p>\n                            <\/header>\n        <\/div><\/div>    <\/div><\/div><\/div><div id=\"pg-38-2\"  class=\"panel-grid panel-has-style\" ><div class=\"panel-row-style panel-row-style-for-38-2\" ><div id=\"pgc-38-2-0\"  class=\"panel-grid-cell\" ><div id=\"panel-38-2-0-0\" class=\"so-panel widget widget_smartlib_last_articles_columns_widget smartlib_last_articles_columns_widget panel-first-child\" data-index=\"2\" ><div class=\"o-news panel-widget-style panel-widget-style-for-38-2-0-0\" ><\/h3>\n            \n\n                <ul class=\"smartlib-layout-list smartlib-column-list smartlib-6-columns-list\">\n                    \n                        <li>\n                            <div class=\"panel smartlib-inside-box smartlib-widget\">\n                                \n                                <div class=\"panel-body\">\n                                    <h4><a href=\"https:\/\/balioenhiria.bilbao.eus\/es\/el-alcalde-entrega-los-vi-premios-bilbao-balioen-hiria-a-la-fundacion-bilbao-basket-a-la-universidad-del-pais-vasco-y-al-ies-luis-brinas-santutxu\/\">EL ALCALDE ENTREGA LOS VI PREMIOS BILBAO BALIOEN HIRIA A LA FUNDACI\u00d3N BILBAO BASKET, A LA UNIVERSIDAD DEL PA\u00cdS VASCO Y AL IES LUIS BRI\u00d1AS-SANTUTXU<\/a><\/h4>\n\n                                    <p><p>El proyecto \u201cBihotz Kantxa\u201d de la Fundaci\u00f3n Bilbao Basket ha sido galardonado por trasladar el baloncesto a zonas de mayor vulnerabilidad generando nuevas din\u00e1micas de ocio y acercando el deporte profesional a la calle de manera igualitaria e inclusiva. &nbsp;La iniciativa \u201cAulas de la Experiencia de Bizkaia\u201d de la Universidad del Pa\u00eds Vasco, que este [&hellip;]\n<\/p>\n                                                                    <\/div>\n                            <\/div>\n\n                        <\/li>\n                    \n                        <li>\n                            <div class=\"panel smartlib-inside-box smartlib-widget\">\n                                \n                                <div class=\"panel-body\">\n                                    <h4><a href=\"https:\/\/balioenhiria.bilbao.eus\/es\/iberdrola-y-una-treintena-de-empresas-se-adhieren-a-la-carta-de-valores-de-bilbao\/\">IBERDROLA Y UNA TREINTENA DE EMPRESAS SE ADHIEREN A LA CARTA DE VALORES DE BILBAO<\/a><\/h4>\n\n                                    <p><p>El Alcalde de Bilbao, Juan Mari Aburto, y el presidente de Iberdrola, Ignacio Gal\u00e1n, han presidido esta ma\u00f1ana en Torre Iberdrola el acto de compromiso de gran parte del tejido empresarial referente en Bilbao para con los valores que promulga la Carta. Iberdrola y una treintena de empresas de Torre Iberdrola han materializado esta ma\u00f1ana [&hellip;]\n<\/p>\n                                                                    <\/div>\n                            <\/div>\n\n                        <\/li>\n                    \n                        <li>\n                            <div class=\"panel smartlib-inside-box smartlib-widget\">\n                                \n                                <div class=\"panel-body\">\n                                    <h4><a href=\"https:\/\/balioenhiria.bilbao.eus\/es\/una-treintena-de-empresas-de-b-accelerator-tower-bat-se-adhieren-a-la-carta-de-valores-de-bilbao\/\">UNA TREINTENA DE EMPRESAS DE B ACCELERATOR TOWER (BAT) SE ADHIEREN A LA CARTA DE VALORES DE BILBAO<\/a><\/h4>\n\n                                    <p><p>El Alcalde de Bilbao, Juan Mari Aburto, junto con el director de B Accelerator Tower (BAT), Eriz Sainz, y representantes de las empresas han presidido esta ma\u00f1ana en B Accelerator Tower (BAT) el acto de compromiso de gran parte del tejido empresarial referencial de Bilbao y Bizkaia con los valores que promulga la Carta. GALER\u00cdA [&hellip;]\n<\/p>\n                                                                    <\/div>\n                            <\/div>\n\n                        <\/li>\n                    \n                        <li>\n                            <div class=\"panel smartlib-inside-box smartlib-widget\">\n                                \n                                <div class=\"panel-body\">\n                                    <h4><a href=\"https:\/\/balioenhiria.bilbao.eus\/es\/los-vii-premios-bilbao-balioen-hiria-son-para-la-asociacion-de-tiempo-libre-izartxo-harrobia-ikastola-y-el-colegio-de-psicologia-de-bizkaia\/\">LOS VII PREMIOS BILBAO BALIOEN HIRIA SON PARA LA ASOCIACI\u00d3N DE TIEMPO LIBRE IZARTXO, HARROBIA IKASTOLA Y EL COLEGIO DE PSICOLOG\u00cdA DE BIZKAIA<\/a><\/h4>\n\n                                    <p><p>Guztira, 74 proiektu aurkeztu dira aurtengo lehiaketara. Proiektu horiek guztiek Bilboko Balioen Agirian jasotako balioak sustatzen dituzte, hala nola bizikidetza, berdintasuna, jasangarritasuna edo sormena.&nbsp; Izartxo Bilbao Madariaga Aisialdi Elkartearen \u00abIbilbide solidarioa\u00bb proiektuak saria jaso du gazteen eta gazteentzako proiektu bat delako, eragin handiko bizipen esperientzien bidez haien garapen integrala eta autonomia pertsonala sustatzen dituena.&nbsp; Harrobia [&hellip;]\n<\/p>\n                                                                    <\/div>\n                            <\/div>\n\n                        <\/li>\n                    \n                        <li>\n                            <div class=\"panel smartlib-inside-box smartlib-widget\">\n                                \n                                <div class=\"panel-body\">\n                                    <h4><a href=\"https:\/\/balioenhiria.bilbao.eus\/es\/el-ayuntamiento-de-bilbao-abrira-manana-el-plazo-de-presentacion-de-propuestas-para-la-viii-edicion-de-los-premios-bilbao-balioen-hiria\/\">EL AYUNTAMIENTO DE BILBAO ABRIR\u00c1 MA\u00d1ANA EL PLAZO DE PRESENTACI\u00d3N DE PROPUESTAS PARA LA VIII EDICI\u00d3N DE LOS PREMIOS BILBAO BALIOEN HIRIA<\/a><\/h4>\n\n                                    <p><p>El plazo finalizar\u00e1 el 20 de marzo y s\u00f3lo podr\u00e1n presentarse a trav\u00e9s del Registro General del Ayuntamiento. Las propuestas pueden ser presentadas por entidades sin \u00e1nimo de lucro, centros educativos de Bilbao, empresas y universidades y deben poner en valor iniciativas relacionadas con la Carta de Valores de Bilbao. Como novedad, el Consistorio bilbaino [&hellip;]\n<\/p>\n                                                                    <\/div>\n                            <\/div>\n\n                        <\/li>\n                    \n                        <li>\n                            <div class=\"panel smartlib-inside-box smartlib-widget\">\n                                        <div class=\"smartlib-thumbnail-outer\">\n                                    \n        <a href=\"https:\/\/balioenhiria.bilbao.eus\/es\/el-ayuntamiento-abre-hoy-el-plazo-para-presentar-propuestas-a-los-premios-bilbao-balioen-hiria-que-como-novedad-se-abren-a-las-universidades\/\" aria-hidden=\"true\">\n            <img loading=\"lazy\" decoding=\"async\" width=\"500\" height=\"400\" src=\"https:\/\/balioenhiria.bilbao.eus\/wp-content\/uploads\/2024\/02\/Foto12-500x400.jpg\" class=\"attachment-smartlib-large-thumb size-smartlib-large-thumb wp-post-image\" alt=\"EL AYUNTAMIENTO ABRE HOY EL PLAZO PARA PRESENTAR PROPUESTAS A LOS PREMIOS BILBAO BALIOEN HIRIA QUE COMO NOVEDAD SE ABREN A LAS UNIVERSIDADES\" \/>        <\/a>\n\n            <\/div>\n    \n                                <div class=\"panel-body\">\n                                    <h4><a href=\"https:\/\/balioenhiria.bilbao.eus\/es\/el-ayuntamiento-abre-hoy-el-plazo-para-presentar-propuestas-a-los-premios-bilbao-balioen-hiria-que-como-novedad-se-abren-a-las-universidades\/\">EL AYUNTAMIENTO ABRE HOY EL PLAZO PARA PRESENTAR PROPUESTAS A LOS PREMIOS BILBAO BALIOEN HIRIA QUE COMO NOVEDAD SE ABREN A LAS UNIVERSIDADES<\/a><\/h4>\n\n                                    <p><p>El objetivo de la convocatoria, que alcanza su sexta edici\u00f3n, es el reconocimiento p\u00fablico de iniciativas que fomentan los valores contenidos en la Carta de Valores de Bilbao y que se han ejecutado o est\u00e1n ejecut\u00e1ndose a nivel de barrio, distrito o ciudad. Las propuestas deber\u00e1n enmarcarse en alguna de las 4 categor\u00edas existentes: asociaciones [&hellip;]\n<\/p>\n                                                                    <\/div>\n                            <\/div>\n\n                        <\/li>\n                                    <\/ul>\n\n\n\n            \n\n        <\/div><\/div><div id=\"panel-38-2-0-1\" class=\"so-panel widget widget_text panel-last-child\" data-index=\"3\" ><div class=\"u-vermas panel-widget-style panel-widget-style-for-38-2-0-1\" >\t\t\t<div class=\"textwidget\"><a class=\"u-vermas-link\" href=\"noticias\">Ver todas las noticias<\/a><\/div>\n\t\t<\/div><\/div><\/div><\/div><\/div><div id=\"pg-38-3\"  class=\"panel-grid panel-has-style\" ><div class=\"c-adhesiones siteorigin-panels-stretch panel-row-style panel-row-style-for-38-3\" data-stretch-type=\"full-stretched\" ><div id=\"pgc-38-3-0\"  class=\"panel-grid-cell\" ><div class=\"panel-row-style panel-cell-style panel-cell-style-for-38-3-0\" ><div id=\"panel-38-3-0-0\" class=\"so-panel widget widget_text panel-first-child panel-last-child\" data-index=\"4\" ><div class=\"c-adhesiones panel-widget-style panel-widget-style-for-38-3-0-0\" ><h3 class=\"widget-title\">Adhesiones<\/h3>\t\t\t<div class=\"textwidget\"><p>La Carta de Valores recoge la posibilidad de que vecinas y vecinos as\u00ed como instituciones, empresas y entidades puedan adherirse.<\/p>\n\n                    <p> Dicha adhesi\u00f3n implica asumir el compromiso de mantener, potenciar y promover actitudes y comportamientos acordes al esp\u00edritu y contenido de la presente Carta.<\/p>\n                            \n                    <p>Para formalizar la adhesi\u00f3n se deber\u00e1 cumplimentar este formulario.<\/p> \n\n                    <div class=\"c-btn-wrapper\">\n                        <a class=\"c-btn\" target=\"_blank\" href=\"https:\/\/www.bilbao.eus\/aytoonline\/jsp\/cartavalores\/previa.jsp?idioma=c\" rel=\"noopener\">Formulario de adhesi\u00f3n<\/a>\n                    <\/div><\/div>\n\t\t<\/div><\/div><\/div><\/div><\/div><\/div><\/div>","protected":false},"excerpt":{"rendered":"<p>Ver todas las noticiasAdhesiones La Carta de Valores recoge la posibilidad de que vecinas y vecinos as\u00ed como instituciones, empresas y entidades puedan adherirse. Dicha adhesi\u00f3n implica asumir el compromiso de mantener, potenciar y promover actitudes y comportamientos acordes al esp\u00edritu y contenido de la presente Carta. Para formalizar la adhesi\u00f3n se deber\u00e1 cumplimentar este [&hellip;]<\/p>\n","protected":false},"author":2,"featured_media":0,"parent":0,"menu_order":0,"comment_status":"closed","ping_status":"closed","template":"page-blocks.php","meta":{"footnotes":""},"_links":{"self":[{"href":"https:\/\/balioenhiria.bilbao.eus\/es\/wp-json\/wp\/v2\/pages\/38"}],"collection":[{"href":"https:\/\/balioenhiria.bilbao.eus\/es\/wp-json\/wp\/v2\/pages"}],"about":[{"href":"https:\/\/balioenhiria.bilbao.eus\/es\/wp-json\/wp\/v2\/types\/page"}],"author":[{"embeddable":true,"href":"https:\/\/balioenhiria.bilbao.eus\/es\/wp-json\/wp\/v2\/users\/2"}],"replies":[{"embeddable":true,"href":"https:\/\/balioenhiria.bilbao.eus\/es\/wp-json\/wp\/v2\/comments?post=38"}],"version-history":[{"count":45,"href":"https:\/\/balioenhiria.bilbao.eus\/es\/wp-json\/wp\/v2\/pages\/38\/revisions"}],"predecessor-version":[{"id":944,"href":"https:\/\/balioenhiria.bilbao.eus\/es\/wp-json\/wp\/v2\/pages\/38\/revisions\/944"}],"wp:attachment":[{"href":"https:\/\/balioenhiria.bilbao.eus\/es\/wp-json\/wp\/v2\/media?parent=38"}],"curies":[{"name":"wp","href":"https:\/\/api.w.org\/{rel}","templated":true}]}}