{"id":358,"date":"2023-02-20T11:00:37","date_gmt":"2023-02-20T10:00:37","guid":{"rendered":"http:\/\/balioenhiria.bilbao.eus\/?page_id=358"},"modified":"2023-02-17T09:22:27","modified_gmt":"2023-02-17T08:22:27","slug":"lectura-facil","status":"publish","type":"page","link":"https:\/\/balioenhiria.bilbao.eus\/es\/plan-de-desarrollo-de-la-carta-de-valores\/bbh-agiria-carta\/lectura-facil\/","title":{"rendered":"Lectura f\u00e1cil y materiales accesibles"},"content":{"rendered":"A continuaci\u00f3n se ofrecen cuatro materiales con diferentes medidas de accesibilidad. Puede seleccionar el que m\u00e1s se ajuste a sus necesidades:<\/p>\n<ul>\n<li><a href=\"http:\/\/www.bilbao.eus\/alcaldia\/carta_valores_bilbao_2.pdf\" target=\"_blank\" rel=\"noopener\">Documento en lectura f\u00e1cil y con accesibilidad visual<\/a><\/li>\n<li><a href=\"http:\/\/www.bilbao.eus\/alcaldia\/carta_valores_bilbao.mp3\" target=\"_blank\" rel=\"noopener\">Audio con lectura hablada<\/a><\/li>\n<li><a href=\"http:\/\/www.bilbao.eus\/alcaldia\/lf_carta_valores_bilbao.pdf\" target=\"_blank\" rel=\"noopener noreferrer\">Documento en lectura f\u00e1cil<\/a><\/li>\n<li><a href=\"https:\/\/youtu.be\/vcPLceBNbOA\" target=\"_blank\" rel=\"noopener\">Video con lengua de signos y subt\u00edtulos<\/a><\/li>\n<\/ul>","protected":false},"excerpt":{"rendered":"<p>A continuaci\u00f3n se ofrecen cuatro materiales con diferentes medidas de accesibilidad. Puede seleccionar el que m\u00e1s se ajuste a sus necesidades: Documento en lectura f\u00e1cil y con accesibilidad visual Audio con lectura hablada Documento en lectura f\u00e1cil Video con lengua de signos y subt\u00edtulos<\/p>\n","protected":false},"author":3,"featured_media":0,"parent":277,"menu_order":0,"comment_status":"closed","ping_status":"closed","template":"","meta":{"footnotes":""},"_links":{"self":[{"href":"https:\/\/balioenhiria.bilbao.eus\/es\/wp-json\/wp\/v2\/pages\/358"}],"collection":[{"href":"https:\/\/balioenhiria.bilbao.eus\/es\/wp-json\/wp\/v2\/pages"}],"about":[{"href":"https:\/\/balioenhiria.bilbao.eus\/es\/wp-json\/wp\/v2\/types\/page"}],"author":[{"embeddable":true,"href":"https:\/\/balioenhiria.bilbao.eus\/es\/wp-json\/wp\/v2\/users\/3"}],"replies":[{"embeddable":true,"href":"https:\/\/balioenhiria.bilbao.eus\/es\/wp-json\/wp\/v2\/comments?post=358"}],"version-history":[{"count":15,"href":"https:\/\/balioenhiria.bilbao.eus\/es\/wp-json\/wp\/v2\/pages\/358\/revisions"}],"predecessor-version":[{"id":1877,"href":"https:\/\/balioenhiria.bilbao.eus\/es\/wp-json\/wp\/v2\/pages\/358\/revisions\/1877"}],"up":[{"embeddable":true,"href":"https:\/\/balioenhiria.bilbao.eus\/es\/wp-json\/wp\/v2\/pages\/277"}],"wp:attachment":[{"href":"https:\/\/balioenhiria.bilbao.eus\/es\/wp-json\/wp\/v2\/media?parent=358"}],"curies":[{"name":"wp","href":"https:\/\/api.w.org\/{rel}","templated":true}]}}