{"id":356,"date":"2019-02-13T08:30:45","date_gmt":"2019-02-13T07:30:45","guid":{"rendered":"http:\/\/balioenhiria.bilbao.eus\/?page_id=356"},"modified":"2020-10-20T16:18:14","modified_gmt":"2020-10-20T14:18:14","slug":"otras-lenguas","status":"publish","type":"page","link":"https:\/\/balioenhiria.bilbao.eus\/es\/plan-de-desarrollo-de-la-carta-de-valores\/bbh-agiria-carta\/otras-lenguas\/","title":{"rendered":"Otras lenguas"},"content":{"rendered":"El Ayuntamiento ha traducido la <a href=\"http:\/\/www.bilbao.eus\/alcaldia\/carta_valores_bilbao.pdf\" target=\"_blank\" rel=\"noopener noreferrer\">Carta de Valores de Bilbao<\/a> a ingl\u00e9s, franc\u00e9s, chino, \u00e1rabe, rumano y portugu\u00e9s, con el objetivo de difundir los 17 valores que integran el documento a toda la ciudadan\u00eda. El Consistorio quiere que todas las personas que residen en Bilbao, independientemente de su procedencia o lengua materna, tengan acceso y comprendan el contenido del documento.<\/p>\n<p>Documentos adjuntos:<\/p>\n<ul>\n<li>Carta de Valores en los 6 idiomas:\n<ul>\n<li><a href=\"http:\/\/www.bilbao.eus\/alcaldia\/bilbao_charter_values.pdf\" target=\"_blank\" rel=\"noopener noreferrer\">Ingl\u00e9s<\/a><\/li>\n<li><a href=\"http:\/\/www.bilbao.eus\/alcaldia\/carta_valores_bilbao_ar.pdf\" target=\"_blank\" rel=\"noopener noreferrer\">\u00c1rabe<\/a><\/li>\n<li><a href=\"http:\/\/www.bilbao.eus\/alcaldia\/carta_valores_bilbao_ch.pdf\" target=\"_blank\" rel=\"noopener noreferrer\">Chino<\/a><\/li>\n<li><a href=\"http:\/\/www.bilbao.eus\/alcaldia\/carta_valores_bilbau.pdf\" target=\"_blank\" rel=\"noopener noreferrer\">Portugu\u00e9s<\/a><\/li>\n<li><a href=\"http:\/\/www.bilbao.eus\/alcaldia\/carta_valori_bilbao.pdf\" target=\"_blank\" rel=\"noopener noreferrer\">Rumano<\/a><\/li>\n<li><a href=\"http:\/\/www.bilbao.eus\/alcaldia\/charte_valeurs_bilbao.pdf\" target=\"_blank\" rel=\"noopener noreferrer\">Franc\u00e9s<\/a><\/li>\n<\/ul>\n<\/li>\n<li>Publicaci\u00f3n InfoBilbao &#8211; Carta Valores en 6 idiomas:\n<ul>\n<li><a href=\"http:\/\/www.bilbao.eus\/alcaldia\/infobilbao_bilbao_charter_values.pdf\" target=\"_blank\" rel=\"noopener noreferrer\">Ingl\u00e9s<\/a><\/li>\n<li><a href=\"http:\/\/www.bilbao.eus\/alcaldia\/infobilbao_carta_valores_bilbao_ar.pdf\" target=\"_blank\" rel=\"noopener noreferrer\">\u00c1rabe<\/a><\/li>\n<li><a href=\"http:\/\/www.bilbao.eus\/alcaldia\/infobilbao_carta_valores_bilbao_ch.pdf\" target=\"_blank\" rel=\"noopener noreferrer\">Chino<\/a><\/li>\n<li><a href=\"http:\/\/www.bilbao.eus\/alcaldia\/infobilbao_carta_valores_bilbau.pdf\" target=\"_blank\" rel=\"noopener noreferrer\">Portugu\u00e9s<\/a><\/li>\n<li><a href=\"http:\/\/www.bilbao.eus\/alcaldia\/infobilbao_carta_valori_bilbao.pdf\" target=\"_blank\" rel=\"noopener noreferrer\">Rumano<\/a><\/li>\n<li><a href=\"http:\/\/www.bilbao.eus\/alcaldia\/infobilbao_charte_valeurs_bilbao.pdf\" target=\"_blank\" rel=\"noopener noreferrer\">Franc\u00e9s<\/a><\/li>\n<\/ul>\n<\/li>\n<\/ul>","protected":false},"excerpt":{"rendered":"<p>El Ayuntamiento ha traducido la Carta de Valores de Bilbao a ingl\u00e9s, franc\u00e9s, chino, \u00e1rabe, rumano y portugu\u00e9s, con el objetivo de difundir los 17 valores que integran el documento a toda la ciudadan\u00eda. El Consistorio quiere que todas las personas que residen en Bilbao, independientemente de su procedencia o lengua materna, tengan acceso y [&hellip;]<\/p>\n","protected":false},"author":3,"featured_media":0,"parent":277,"menu_order":0,"comment_status":"closed","ping_status":"closed","template":"","meta":{"footnotes":""},"_links":{"self":[{"href":"https:\/\/balioenhiria.bilbao.eus\/es\/wp-json\/wp\/v2\/pages\/356"}],"collection":[{"href":"https:\/\/balioenhiria.bilbao.eus\/es\/wp-json\/wp\/v2\/pages"}],"about":[{"href":"https:\/\/balioenhiria.bilbao.eus\/es\/wp-json\/wp\/v2\/types\/page"}],"author":[{"embeddable":true,"href":"https:\/\/balioenhiria.bilbao.eus\/es\/wp-json\/wp\/v2\/users\/3"}],"replies":[{"embeddable":true,"href":"https:\/\/balioenhiria.bilbao.eus\/es\/wp-json\/wp\/v2\/comments?post=356"}],"version-history":[{"count":5,"href":"https:\/\/balioenhiria.bilbao.eus\/es\/wp-json\/wp\/v2\/pages\/356\/revisions"}],"predecessor-version":[{"id":950,"href":"https:\/\/balioenhiria.bilbao.eus\/es\/wp-json\/wp\/v2\/pages\/356\/revisions\/950"}],"up":[{"embeddable":true,"href":"https:\/\/balioenhiria.bilbao.eus\/es\/wp-json\/wp\/v2\/pages\/277"}],"wp:attachment":[{"href":"https:\/\/balioenhiria.bilbao.eus\/es\/wp-json\/wp\/v2\/media?parent=356"}],"curies":[{"name":"wp","href":"https:\/\/api.w.org\/{rel}","templated":true}]}}