{"id":279,"date":"2019-01-25T10:09:08","date_gmt":"2019-01-25T09:09:08","guid":{"rendered":"http:\/\/balioenhiria.bilbao.eus\/?page_id=279"},"modified":"2021-11-29T12:15:25","modified_gmt":"2021-11-29T11:15:25","slug":"bbh-sariak-premios","status":"publish","type":"page","link":"https:\/\/balioenhiria.bilbao.eus\/es\/plan-de-desarrollo-de-la-carta-de-valores\/bbh-sariak-premios\/","title":{"rendered":"BBH Sariak. Premios"},"content":{"rendered":"Los \u00abPremios Bilbao Balioen Hiria Sariak\u00bb se enmarcan en el proyecto <a href=\"https:\/\/balioenhiria.bilbao.eus\/es\/\" target=\"_blank\" rel=\"noopener\">Bilbao Balioen Hiria<\/a>, una iniciativa participativa, impulsada por el Ayuntamiento de Bilbao, pero construida y desarrollada, desde un principio, en colaboraci\u00f3n de la ciudadan\u00eda.<\/p>\n<p>Bilbao Balioen Hiria tiene como objetivo que la Villa sea conocida y reconocida no solo por su importante proceso de regeneraci\u00f3n, recuperaci\u00f3n y transformaci\u00f3n econ\u00f3mica y urbana, sino tambi\u00e9n por sus valores. Se trata de crear un espacio de an\u00e1lisis, dialogo, reflexi\u00f3n y trabajo colaborativo entre instituciones, entidades de toda \u00edndole, empresas, medios de comunicaci\u00f3n, grupos pol\u00edticos y ciudadan\u00eda en general.<\/p>\n<p>Estos premios son uno de los tres ejes estrat\u00e9gicos y una de las acciones comprometidas en el\u00a0Plan de Desarrollo de la Carta de Valores, aprobado para promocionar y desarrollar los valores que integran el documento.<\/p>\n<p>El objetivo de este certamen es premiar y reconocer la labor de las entidades que impulsan el contenido de la <a href=\"https:\/\/www.bilbao.eus\/alcaldia\/carta_valores_bilbao.pdf\" target=\"_blank\" rel=\"noopener\">Carta de Valores de Bilbao<\/a>, desarrollando iniciativas que lleven a la pr\u00e1ctica alguno de los 17 valores que recoge este documento.","protected":false},"excerpt":{"rendered":"<p>Los \u00abPremios Bilbao Balioen Hiria Sariak\u00bb se enmarcan en el proyecto Bilbao Balioen Hiria, una iniciativa participativa, impulsada por el Ayuntamiento de Bilbao, pero construida y desarrollada, desde un principio, en colaboraci\u00f3n de la ciudadan\u00eda. Bilbao Balioen Hiria tiene como objetivo que la Villa sea conocida y reconocida no solo por su importante proceso de [&hellip;]<\/p>\n","protected":false},"author":3,"featured_media":0,"parent":240,"menu_order":0,"comment_status":"closed","ping_status":"closed","template":"","meta":{"footnotes":""},"_links":{"self":[{"href":"https:\/\/balioenhiria.bilbao.eus\/es\/wp-json\/wp\/v2\/pages\/279"}],"collection":[{"href":"https:\/\/balioenhiria.bilbao.eus\/es\/wp-json\/wp\/v2\/pages"}],"about":[{"href":"https:\/\/balioenhiria.bilbao.eus\/es\/wp-json\/wp\/v2\/types\/page"}],"author":[{"embeddable":true,"href":"https:\/\/balioenhiria.bilbao.eus\/es\/wp-json\/wp\/v2\/users\/3"}],"replies":[{"embeddable":true,"href":"https:\/\/balioenhiria.bilbao.eus\/es\/wp-json\/wp\/v2\/comments?post=279"}],"version-history":[{"count":10,"href":"https:\/\/balioenhiria.bilbao.eus\/es\/wp-json\/wp\/v2\/pages\/279\/revisions"}],"predecessor-version":[{"id":1529,"href":"https:\/\/balioenhiria.bilbao.eus\/es\/wp-json\/wp\/v2\/pages\/279\/revisions\/1529"}],"up":[{"embeddable":true,"href":"https:\/\/balioenhiria.bilbao.eus\/es\/wp-json\/wp\/v2\/pages\/240"}],"wp:attachment":[{"href":"https:\/\/balioenhiria.bilbao.eus\/es\/wp-json\/wp\/v2\/media?parent=279"}],"curies":[{"name":"wp","href":"https:\/\/api.w.org\/{rel}","templated":true}]}}