{"id":277,"date":"2019-01-25T10:08:33","date_gmt":"2019-01-25T09:08:33","guid":{"rendered":"http:\/\/balioenhiria.bilbao.eus\/?page_id=277"},"modified":"2020-10-20T16:18:54","modified_gmt":"2020-10-20T14:18:54","slug":"bbh-agiria-carta","status":"publish","type":"page","link":"https:\/\/balioenhiria.bilbao.eus\/es\/plan-de-desarrollo-de-la-carta-de-valores\/bbh-agiria-carta\/","title":{"rendered":"BBH Agiria. Carta"},"content":{"rendered":"El objetivo de este eje es poner en valor, difundir y socializar la Carta de Valores de Bilbao. Se promover\u00e1n proyectos centrados en la difusi\u00f3n y la socializaci\u00f3n de la Carta entre la ciudadan\u00eda de la Villa y los agentes sociales, as\u00ed como otros encaminados a compartir las experiencias e iniciativas con otras ciudades del mundo. Las acciones previstas son:<\/p>\n<ul>\n<li>difusi\u00f3n de la Carta de Valores y promoci\u00f3n de la adhesi\u00f3n a la misma en todos los foros y \u00e1mbitos en los que se participe,<\/li>\n<li>vinculaci\u00f3n de la Carta de Valores a los Objetivos de Desarrollo Sostenible establecidos en la Agenda 2030,<\/li>\n<li>adhesi\u00f3n a la Carta Europea de Salvaguarda de los Derechos Humanos,<\/li>\n<li><a href=\"http:\/\/balioenhiria.bilbao.eus\/plan-de-desarrollo-de-la-carta-de-valores\/bbh-agiria-carta\/otras-lenguas\/\">traducci\u00f3n de la carta a las principales lenguas presentes en la ciudad<\/a> para su posterior difusi\u00f3n.<\/li>\n<li>elaboraci\u00f3n de una memoria de cierre del mandato actual en donde se recojan todas las acciones desarrolladas en torno a este Plan de Valores.<\/li>\n<li>integraci\u00f3n del Proyecto Bilbao Balioen Hiria y su Carta de valores en el foro de Ciudades Educadoras.<\/li>\n<\/ul>","protected":false},"excerpt":{"rendered":"<p>El objetivo de este eje es poner en valor, difundir y socializar la Carta de Valores de Bilbao. Se promover\u00e1n proyectos centrados en la difusi\u00f3n y la socializaci\u00f3n de la Carta entre la ciudadan\u00eda de la Villa y los agentes sociales, as\u00ed como otros encaminados a compartir las experiencias e iniciativas con otras ciudades del [&hellip;]<\/p>\n","protected":false},"author":3,"featured_media":0,"parent":240,"menu_order":0,"comment_status":"closed","ping_status":"closed","template":"","meta":{"footnotes":""},"_links":{"self":[{"href":"https:\/\/balioenhiria.bilbao.eus\/es\/wp-json\/wp\/v2\/pages\/277"}],"collection":[{"href":"https:\/\/balioenhiria.bilbao.eus\/es\/wp-json\/wp\/v2\/pages"}],"about":[{"href":"https:\/\/balioenhiria.bilbao.eus\/es\/wp-json\/wp\/v2\/types\/page"}],"author":[{"embeddable":true,"href":"https:\/\/balioenhiria.bilbao.eus\/es\/wp-json\/wp\/v2\/users\/3"}],"replies":[{"embeddable":true,"href":"https:\/\/balioenhiria.bilbao.eus\/es\/wp-json\/wp\/v2\/comments?post=277"}],"version-history":[{"count":9,"href":"https:\/\/balioenhiria.bilbao.eus\/es\/wp-json\/wp\/v2\/pages\/277\/revisions"}],"predecessor-version":[{"id":951,"href":"https:\/\/balioenhiria.bilbao.eus\/es\/wp-json\/wp\/v2\/pages\/277\/revisions\/951"}],"up":[{"embeddable":true,"href":"https:\/\/balioenhiria.bilbao.eus\/es\/wp-json\/wp\/v2\/pages\/240"}],"wp:attachment":[{"href":"https:\/\/balioenhiria.bilbao.eus\/es\/wp-json\/wp\/v2\/media?parent=277"}],"curies":[{"name":"wp","href":"https:\/\/api.w.org\/{rel}","templated":true}]}}