{"id":275,"date":"2019-01-25T10:06:19","date_gmt":"2019-01-25T09:06:19","guid":{"rendered":"http:\/\/balioenhiria.bilbao.eus\/?page_id=275"},"modified":"2020-10-20T16:06:53","modified_gmt":"2020-10-20T14:06:53","slug":"bbh-udala-ayuntamiento","status":"publish","type":"page","link":"https:\/\/balioenhiria.bilbao.eus\/es\/plan-de-desarrollo-de-la-carta-de-valores\/bbh-udala-ayuntamiento\/","title":{"rendered":"BBH Udala. Ayuntamiento"},"content":{"rendered":"Esta l\u00ednea de trabajo engloba todas las acciones que a iniciativa del Consistorio se puedan desarrollar con el objetivo de incorporar los valores de la Carta a actuaciones municipales como eventos, actividades deportivas, planes o proyectos. En los pr\u00f3ximos meses se desarrollar\u00e1n las siguientes acciones:<\/p>\n<ul>\n<li>puesta en marcha de una jornada abierta, orientada al aprendizaje en valores y su conocimiento a trav\u00e9s de personas de reconocido prestigio, referentes en valores.<\/li>\n<li>incorporaci\u00f3n del esp\u00edritu de la Carta de Valores y la ejecuci\u00f3n de proyectos relacionados con estos en los diferentes espacios dirigidos a ni\u00f1os, ni\u00f1as y adolescentes como haurgune, kidegune, gaztegune y otros programas con el objetivo de trabajar y visibilizar estos valores en este colectivo infantil y juvenil.<\/li>\n<li>elaboraci\u00f3n de un programa espec\u00edfico de sensibilizaci\u00f3n y fomento de los valores dirigido a adolescentes a trav\u00e9s de herramientas modernas que consigan captar su atenci\u00f3n.<\/li>\n<li>conservaci\u00f3n y transmisi\u00f3n intergeneracional de valores a trav\u00e9s de personas representativas en cada uno de los barrios y en la ciudad.<\/li>\n<li>reconocimiento, socializaci\u00f3n y visibilizaci\u00f3n de los valores en el deporte en general<\/li>\n<li>y en los eventos deportivos en particular y en otros que se vayan desarrollando en la ciudad como por ejemplo Aste Nagusia.<\/li>\n<li>integraci\u00f3n del esp\u00edritu de la carta de valores en la vida cotidiana de la ciudad, a trav\u00e9s de diferentes planes, entre otros: Plan de Salud, Estrategia Medioambiental, Plan Estrat\u00e9gico del Deporte y otras acciones enmarcadas en Bilbao Gazte, en la planificaci\u00f3n, rehabilitaci\u00f3n y regeneraci\u00f3n urbana, en la protecci\u00f3n del patrimonio arquitect\u00f3nico, urbano y arqueol\u00f3gico o la creaci\u00f3n de espacios p\u00fablicos de encuentro y equipamientos de cercan\u00eda que faciliten una convivencia inclusiva, igualitaria y corresponsable.<\/li>\n<\/ul>","protected":false},"excerpt":{"rendered":"<p>Esta l\u00ednea de trabajo engloba todas las acciones que a iniciativa del Consistorio se puedan desarrollar con el objetivo de incorporar los valores de la Carta a actuaciones municipales como eventos, actividades deportivas, planes o proyectos. En los pr\u00f3ximos meses se desarrollar\u00e1n las siguientes acciones: puesta en marcha de una jornada abierta, orientada al aprendizaje [&hellip;]<\/p>\n","protected":false},"author":3,"featured_media":0,"parent":240,"menu_order":0,"comment_status":"closed","ping_status":"closed","template":"","meta":{"footnotes":""},"_links":{"self":[{"href":"https:\/\/balioenhiria.bilbao.eus\/es\/wp-json\/wp\/v2\/pages\/275"}],"collection":[{"href":"https:\/\/balioenhiria.bilbao.eus\/es\/wp-json\/wp\/v2\/pages"}],"about":[{"href":"https:\/\/balioenhiria.bilbao.eus\/es\/wp-json\/wp\/v2\/types\/page"}],"author":[{"embeddable":true,"href":"https:\/\/balioenhiria.bilbao.eus\/es\/wp-json\/wp\/v2\/users\/3"}],"replies":[{"embeddable":true,"href":"https:\/\/balioenhiria.bilbao.eus\/es\/wp-json\/wp\/v2\/comments?post=275"}],"version-history":[{"count":5,"href":"https:\/\/balioenhiria.bilbao.eus\/es\/wp-json\/wp\/v2\/pages\/275\/revisions"}],"predecessor-version":[{"id":946,"href":"https:\/\/balioenhiria.bilbao.eus\/es\/wp-json\/wp\/v2\/pages\/275\/revisions\/946"}],"up":[{"embeddable":true,"href":"https:\/\/balioenhiria.bilbao.eus\/es\/wp-json\/wp\/v2\/pages\/240"}],"wp:attachment":[{"href":"https:\/\/balioenhiria.bilbao.eus\/es\/wp-json\/wp\/v2\/media?parent=275"}],"curies":[{"name":"wp","href":"https:\/\/api.w.org\/{rel}","templated":true}]}}