{"id":254,"date":"2018-11-20T12:08:18","date_gmt":"2018-11-20T11:08:18","guid":{"rendered":"http:\/\/balioenhiria.bilbao.eus\/?page_id=254"},"modified":"2020-10-20T16:31:52","modified_gmt":"2020-10-20T14:31:52","slug":"adhesiones","status":"publish","type":"page","link":"https:\/\/balioenhiria.bilbao.eus\/es\/adhesiones\/","title":{"rendered":"Adhesiones"},"content":{"rendered":"La Carta de Valores recoge la posibilidad de que vecinas y vecinos as\u00ed como instituciones, empresas y entidades puedan adherirse.<\/p>\n<p>Dicha adhesi\u00f3n implica asumir el compromiso de mantener, potenciar y promover actitudes y comportamientos acordes al esp\u00edritu y contenido de la presente Carta.<\/p>\n<p>Para formalizar la adhesi\u00f3n se deber\u00e1 cumplimentar <a href=\"https:\/\/www.bilbao.eus\/aytoonline\/jsp\/cartavalores\/previa.jsp?idioma=c\" target=\"_blank\" rel=\"noopener noreferrer\">este formulario<\/a>.","protected":false},"excerpt":{"rendered":"<p>La Carta de Valores recoge la posibilidad de que vecinas y vecinos as\u00ed como instituciones, empresas y entidades puedan adherirse. Dicha adhesi\u00f3n implica asumir el compromiso de mantener, potenciar y promover actitudes y comportamientos acordes al esp\u00edritu y contenido de la presente Carta. Para formalizar la adhesi\u00f3n se deber\u00e1 cumplimentar este formulario.<\/p>\n","protected":false},"author":3,"featured_media":0,"parent":0,"menu_order":0,"comment_status":"closed","ping_status":"closed","template":"","meta":{"footnotes":""},"_links":{"self":[{"href":"https:\/\/balioenhiria.bilbao.eus\/es\/wp-json\/wp\/v2\/pages\/254"}],"collection":[{"href":"https:\/\/balioenhiria.bilbao.eus\/es\/wp-json\/wp\/v2\/pages"}],"about":[{"href":"https:\/\/balioenhiria.bilbao.eus\/es\/wp-json\/wp\/v2\/types\/page"}],"author":[{"embeddable":true,"href":"https:\/\/balioenhiria.bilbao.eus\/es\/wp-json\/wp\/v2\/users\/3"}],"replies":[{"embeddable":true,"href":"https:\/\/balioenhiria.bilbao.eus\/es\/wp-json\/wp\/v2\/comments?post=254"}],"version-history":[{"count":3,"href":"https:\/\/balioenhiria.bilbao.eus\/es\/wp-json\/wp\/v2\/pages\/254\/revisions"}],"predecessor-version":[{"id":957,"href":"https:\/\/balioenhiria.bilbao.eus\/es\/wp-json\/wp\/v2\/pages\/254\/revisions\/957"}],"wp:attachment":[{"href":"https:\/\/balioenhiria.bilbao.eus\/es\/wp-json\/wp\/v2\/media?parent=254"}],"curies":[{"name":"wp","href":"https:\/\/api.w.org\/{rel}","templated":true}]}}