{"id":240,"date":"2018-10-25T13:36:35","date_gmt":"2018-10-25T11:36:35","guid":{"rendered":"http:\/\/balioenhiria.bilbao.eus\/?page_id=240"},"modified":"2022-06-15T21:42:20","modified_gmt":"2022-06-15T19:42:20","slug":"plan-de-desarrollo-de-la-carta-de-valores","status":"publish","type":"page","link":"https:\/\/balioenhiria.bilbao.eus\/es\/plan-de-desarrollo-de-la-carta-de-valores\/","title":{"rendered":"Plan de desarrollo"},"content":{"rendered":"La Junta de Gobierno ha aprobado el 25 de julio de 2018 el \u201cPlan de Desarrollo de Valores\u201d, se trata de un documento \u201cdin\u00e1mico y flexible\u201d en el que se se\u00f1alan los 3 ejes estrat\u00e9gicos y las acciones a desarrollar en cada uno de ellos hasta fin de mandato. El objetivo de este Plan es integrar en el d\u00eda a d\u00eda de la ciudadan\u00eda los 17 valores que se recogen en la \u201cCarta de Valores de Bilbao\u201d.<\/p>\n<p>Los tres ejes estrat\u00e9gicos, fruto de la colaboraci\u00f3n y participaci\u00f3n ciudadana, son Bilbao Balioen Hiria: <a href=\"http:\/\/balioenhiria.bilbao.eus\/plan-de-desarrollo-de-la-carta-de-valores\/bbh-udala-ayuntamiento\/\">Udala<\/a>, <a href=\"http:\/\/balioenhiria.bilbao.eus\/plan-de-desarrollo-de-la-carta-de-valores\/bbh-agiria-carta\/\">Agiria<\/a> y <a href=\"http:\/\/balioenhiria.bilbao.eus\/plan-de-desarrollo-de-la-carta-de-valores\/bbh-sariak-premios\/\">Sariak<\/a>. En cada una de estas l\u00edneas se prev\u00e9n una serie de actuaciones prioritarias que se desarrollar\u00e1n en los pr\u00f3ximos meses.<\/p>\n<p><a href=\"http:\/\/www.bilbao.eus\/alcaldia\/plan_desarrollo_valores.pdf\" target=\"_blank\" rel=\"noopener noreferrer\">Plan de Desarrollo de Valores <\/a><br \/>\n<a href=\"http:\/\/www.bilbao.eus\/alcaldia\/plan_desarrollo_valores_resolucion.pdf\" target=\"_blank\" rel=\"noopener noreferrer\">Resoluci\u00f3n de Junta de Gobierno <\/a><br \/>\n<a href=\"http:\/\/www.bilbao.eus\/balioenhiria\/hoja_ruta_2019_2023.pdf\" target=\"_blank\" rel=\"noopener noreferrer\">Hoja de Ruta 2019-2023<\/a><\/p>\n<p>&nbsp;<\/p>\n<h5>Seguimiento del Plan de desarrollo<\/h5>\n<p><a href=\"http:\/\/www.bilbao.eus\/alcaldia\/plan_desarrollo_valores_seguimiento_20181122.pdf\" target=\"_blank\" rel=\"noopener noreferrer\">Seguimiento del Plan de desarrollo de Valores en el Consejo C\u00edvico de la Villa (22-11-2018) <\/a><br \/>\n<a href=\"http:\/\/www.bilbao.eus\/alcaldia\/plan_desarrollo_valores_seguimiento_20200212.pdf\" target=\"_blank\" rel=\"noopener noreferrer\">Seguimiento del Plan de desarrollo de Valores en el Consejo C\u00edvico de la Villa (22-02-2020)<\/a><br \/>","protected":false},"excerpt":{"rendered":"<p>La Junta de Gobierno ha aprobado el 25 de julio de 2018 el \u201cPlan de Desarrollo de Valores\u201d, se trata de un documento \u201cdin\u00e1mico y flexible\u201d en el que se se\u00f1alan los 3 ejes estrat\u00e9gicos y las acciones a desarrollar en cada uno de ellos hasta fin de mandato. El objetivo de este Plan es [&hellip;]<\/p>\n","protected":false},"author":3,"featured_media":0,"parent":0,"menu_order":0,"comment_status":"closed","ping_status":"closed","template":"","meta":{"footnotes":""},"_links":{"self":[{"href":"https:\/\/balioenhiria.bilbao.eus\/es\/wp-json\/wp\/v2\/pages\/240"}],"collection":[{"href":"https:\/\/balioenhiria.bilbao.eus\/es\/wp-json\/wp\/v2\/pages"}],"about":[{"href":"https:\/\/balioenhiria.bilbao.eus\/es\/wp-json\/wp\/v2\/types\/page"}],"author":[{"embeddable":true,"href":"https:\/\/balioenhiria.bilbao.eus\/es\/wp-json\/wp\/v2\/users\/3"}],"replies":[{"embeddable":true,"href":"https:\/\/balioenhiria.bilbao.eus\/es\/wp-json\/wp\/v2\/comments?post=240"}],"version-history":[{"count":27,"href":"https:\/\/balioenhiria.bilbao.eus\/es\/wp-json\/wp\/v2\/pages\/240\/revisions"}],"predecessor-version":[{"id":1858,"href":"https:\/\/balioenhiria.bilbao.eus\/es\/wp-json\/wp\/v2\/pages\/240\/revisions\/1858"}],"wp:attachment":[{"href":"https:\/\/balioenhiria.bilbao.eus\/es\/wp-json\/wp\/v2\/media?parent=240"}],"curies":[{"name":"wp","href":"https:\/\/api.w.org\/{rel}","templated":true}]}}