{"id":211,"date":"2018-05-22T12:41:59","date_gmt":"2018-05-22T10:41:59","guid":{"rendered":"http:\/\/balioenhiria.bilbao.eus\/?page_id=211"},"modified":"2022-06-15T21:24:29","modified_gmt":"2022-06-15T19:24:29","slug":"carta-de-valores-de-bilbao","status":"publish","type":"page","link":"https:\/\/balioenhiria.bilbao.eus\/es\/carta-de-valores-de-bilbao\/","title":{"rendered":"Carta de Valores de Bilbao"},"content":{"rendered":"Bilbao, Ciudad de Valores es un proyecto por el que se ha creado un espacio de an\u00e1lisis, dialogo, reflexi\u00f3n y trabajo colaborativo entre instituciones, entidades sociales, culturales, deportivas, empresas, medios de comunicaci\u00f3n, centros educativos y ciudadan\u00eda para el fomento de un marco de valores compartidos en Bilbao.<\/p>\n<p>Tras un <a href=\"https:\/\/www.bilbao.eus\/cs\/Satellite\/bilbaoparticipativo\/es\/procesos-participativos\/1279177179541\" target=\"_blank\" rel=\"noopener\">proceso de participaci\u00f3n ciudadana<\/a>, el Pleno del Ayuntamiento de Bilbao aprob\u00f3 el 22 de marzo de 2018 la <a href=\"http:\/\/www.bilbao.eus\/alcaldia\/carta_valores_bilbao.pdf\" target=\"_blank\" rel=\"noopener noreferrer\">Carta de Valores de Bilbao<\/a>.<\/p>\n<p>La Carta de Valores de Bilbao recoge los siguientes 17 valores, individuales y colectivos:<\/p>\n<ul>\n<li>Respeto a los Derechos Humanos, justicia social, igualdad entre hombres y mujeres, solidaridad.<\/li>\n<li>Diversidad\/inclusi\u00f3n, compromiso, sostenibilidad medioambiental<\/li>\n<li>Participaci\u00f3n, confianza, creatividad, convivencia, identidad, esfuerzo<\/li>\n<li>Corresponsabilidad, honestidad, ilusi\u00f3n y salud.<\/li>\n<\/ul>\n<p>La Carta de Valores recoge la posibilidad de que vecinas y vecinos as\u00ed como instituciones, empresas y entidades puedan adherirse. Dicha adhesi\u00f3n implica asumir el compromiso de mantener, potenciar y promover actitudes y comportamientos acordes al esp\u00edritu y contenido de la presente Carta.<\/p>\n<p>Para formalizar la adhesi\u00f3n se deber\u00e1 cumplimentar <a href=\"https:\/\/www.bilbao.eus\/aytoonline\/jsp\/cartavalores\/previa.jsp?idioma=c\" target=\"_blank\" rel=\"noopener noreferrer\">este formulario<\/a>","protected":false},"excerpt":{"rendered":"<p>Bilbao, Ciudad de Valores es un proyecto por el que se ha creado un espacio de an\u00e1lisis, dialogo, reflexi\u00f3n y trabajo colaborativo entre instituciones, entidades sociales, culturales, deportivas, empresas, medios de comunicaci\u00f3n, centros educativos y ciudadan\u00eda para el fomento de un marco de valores compartidos en Bilbao. Tras un proceso de participaci\u00f3n ciudadana, el Pleno [&hellip;]<\/p>\n","protected":false},"author":3,"featured_media":0,"parent":0,"menu_order":0,"comment_status":"closed","ping_status":"closed","template":"","meta":{"footnotes":""},"_links":{"self":[{"href":"https:\/\/balioenhiria.bilbao.eus\/es\/wp-json\/wp\/v2\/pages\/211"}],"collection":[{"href":"https:\/\/balioenhiria.bilbao.eus\/es\/wp-json\/wp\/v2\/pages"}],"about":[{"href":"https:\/\/balioenhiria.bilbao.eus\/es\/wp-json\/wp\/v2\/types\/page"}],"author":[{"embeddable":true,"href":"https:\/\/balioenhiria.bilbao.eus\/es\/wp-json\/wp\/v2\/users\/3"}],"replies":[{"embeddable":true,"href":"https:\/\/balioenhiria.bilbao.eus\/es\/wp-json\/wp\/v2\/comments?post=211"}],"version-history":[{"count":13,"href":"https:\/\/balioenhiria.bilbao.eus\/es\/wp-json\/wp\/v2\/pages\/211\/revisions"}],"predecessor-version":[{"id":1854,"href":"https:\/\/balioenhiria.bilbao.eus\/es\/wp-json\/wp\/v2\/pages\/211\/revisions\/1854"}],"wp:attachment":[{"href":"https:\/\/balioenhiria.bilbao.eus\/es\/wp-json\/wp\/v2\/media?parent=211"}],"curies":[{"name":"wp","href":"https:\/\/api.w.org\/{rel}","templated":true}]}}