{"id":17,"date":"2017-02-08T17:24:12","date_gmt":"2017-02-08T16:24:12","guid":{"rendered":"http:\/\/balioenhiria.bilbao.eus\/?page_id=17"},"modified":"2018-06-11T18:10:38","modified_gmt":"2018-06-11T16:10:38","slug":"vademecum-de-valores","status":"publish","type":"page","link":"https:\/\/balioenhiria.bilbao.eus\/es\/vademecum-de-valores\/","title":{"rendered":"Vadem\u00e9cum de valores"},"content":{"rendered":"<div id=\"pl-17\"  class=\"panel-layout\" ><div id=\"pg-17-0\"  class=\"panel-grid panel-no-style\" ><div id=\"pgc-17-0-0\"  class=\"panel-grid-cell\" ><div id=\"panel-17-0-0-0\" class=\"so-panel widget widget_text panel-first-child panel-last-child\" data-index=\"0\" >\t\t\t<div class=\"textwidget\">Para facilitar el an\u00e1lisis, di\u00e1logo y reflexi\u00f3n en torno al estado de salud de los valores en nuestra ciudad y permitir la comparaci\u00f3n con proyectos similares en otros lugares del mundo, hemos ordenado la interminable lista de valores existentes en un <a href=\"http:\/\/balioenhiria.bilbao.eus\/wp-content\/uploads\/2017\/02\/VademecumBilbaoBalioenHiria.pdf\">dec\u00e1logo<\/a>: respeto a los Derechos Humanos, solidaridad, participaci\u00f3n, confianza, creatividad, igualdad entre mujeres y hombres, sostenibilidad medioambiental, compromiso, justicia social y diversidad.\n\nCada valor ha sido definido brevemente con una sencilla finalidad pedag\u00f3gica y did\u00e1ctica, vincul\u00e1ndolos a los comportamientos cotidianos de la ciudadan\u00eda, las entidades sociales y el Ayuntamiento.<\/div>\n\t\t<\/div><\/div><\/div><div id=\"pg-17-1\"  class=\"panel-grid panel-no-style\" ><div id=\"pgc-17-1-0\"  class=\"panel-grid-cell panel-grid-cell-empty\" ><\/div><div id=\"pgc-17-1-1\"  class=\"panel-grid-cell\" ><div id=\"panel-17-1-1-0\" class=\"so-panel widget widget_text panel-first-child panel-last-child\" data-index=\"1\" ><div class=\"panel-widget-style panel-widget-style-for-17-1-1-0\" >\t\t\t<div class=\"textwidget\"><a href=\"http:\/\/balioenhiria.bilbao.eus\/vademecum-de-valores\/respeto-a-los-derechos-humanos\/\"><img loading=\"lazy\" decoding=\"async\" class=\"alignnone wp-image-123 size-medium\" src=\"http:\/\/balioenhiria.bilbao.eus\/wp-content\/uploads\/2017\/02\/Respeto-300x212.jpg\" width=\"300\" height=\"212\" srcset=\"https:\/\/balioenhiria.bilbao.eus\/wp-content\/uploads\/2017\/02\/Respeto-300x212.jpg 300w, https:\/\/balioenhiria.bilbao.eus\/wp-content\/uploads\/2017\/02\/Respeto-768x543.jpg 768w, https:\/\/balioenhiria.bilbao.eus\/wp-content\/uploads\/2017\/02\/Respeto-1024x725.jpg 1024w, https:\/\/balioenhiria.bilbao.eus\/wp-content\/uploads\/2017\/02\/Respeto-624x442.jpg 624w\" sizes=\"(max-width: 300px) 100vw, 300px\" \/><\/a><\/div>\n\t\t<\/div><\/div><\/div><div id=\"pgc-17-1-2\"  class=\"panel-grid-cell\" ><div id=\"panel-17-1-2-0\" class=\"so-panel widget widget_text panel-first-child panel-last-child\" data-index=\"2\" >\t\t\t<div class=\"textwidget\"><a href=\"http:\/\/balioenhiria.bilbao.eus\/vademecum-de-valores\/justicia-social\/\"><img loading=\"lazy\" decoding=\"async\" class=\"alignnone size-medium wp-image-133\" src=\"http:\/\/balioenhiria.bilbao.eus\/wp-content\/uploads\/2017\/02\/Justicia_social-300x212.jpg\" alt=\"\" width=\"300\" height=\"212\" srcset=\"https:\/\/balioenhiria.bilbao.eus\/wp-content\/uploads\/2017\/02\/Justicia_social-300x212.jpg 300w, https:\/\/balioenhiria.bilbao.eus\/wp-content\/uploads\/2017\/02\/Justicia_social-768x543.jpg 768w, https:\/\/balioenhiria.bilbao.eus\/wp-content\/uploads\/2017\/02\/Justicia_social-1024x725.jpg 1024w, https:\/\/balioenhiria.bilbao.eus\/wp-content\/uploads\/2017\/02\/Justicia_social-624x442.jpg 624w\" sizes=\"(max-width: 300px) 100vw, 300px\" \/><\/a><\/div>\n\t\t<\/div><\/div><div id=\"pgc-17-1-3\"  class=\"panel-grid-cell panel-grid-cell-mobile-last\" ><div id=\"panel-17-1-3-0\" class=\"so-panel widget widget_text panel-first-child panel-last-child\" data-index=\"3\" >\t\t\t<div class=\"textwidget\"><a href=\"http:\/\/balioenhiria.bilbao.eus\/vademecum-de-valores\/igualdad-entre-hombres-y-mujeres\/\"><img loading=\"lazy\" decoding=\"async\" src=\"http:\/\/balioenhiria.bilbao.eus\/wp-content\/uploads\/2017\/02\/Igualdad_hombres_mujeres-300x213.jpg\" alt=\"\" width=\"300\" height=\"213\" class=\"alignnone size-medium wp-image-148\" srcset=\"https:\/\/balioenhiria.bilbao.eus\/wp-content\/uploads\/2017\/02\/Igualdad_hombres_mujeres-300x213.jpg 300w, https:\/\/balioenhiria.bilbao.eus\/wp-content\/uploads\/2017\/02\/Igualdad_hombres_mujeres-768x544.jpg 768w, https:\/\/balioenhiria.bilbao.eus\/wp-content\/uploads\/2017\/02\/Igualdad_hombres_mujeres-1024x725.jpg 1024w, https:\/\/balioenhiria.bilbao.eus\/wp-content\/uploads\/2017\/02\/Igualdad_hombres_mujeres-624x442.jpg 624w, https:\/\/balioenhiria.bilbao.eus\/wp-content\/uploads\/2017\/02\/Igualdad_hombres_mujeres-350x250.jpg 350w\" sizes=\"(max-width: 300px) 100vw, 300px\" \/><\/a><\/div>\n\t\t<\/div><\/div><div id=\"pgc-17-1-4\"  class=\"panel-grid-cell panel-grid-cell-empty\" ><\/div><\/div><div id=\"pg-17-2\"  class=\"panel-grid panel-no-style\" ><div id=\"pgc-17-2-0\"  class=\"panel-grid-cell\" ><div id=\"panel-17-2-0-0\" class=\"so-panel widget widget_text panel-first-child panel-last-child\" data-index=\"4\" >\t\t\t<div class=\"textwidget\"><a href=\"http:\/\/balioenhiria.bilbao.eus\/vademecum-de-valores\/diversidad\/\"><img loading=\"lazy\" decoding=\"async\" class=\"alignnone size-medium wp-image-125\" src=\"http:\/\/balioenhiria.bilbao.eus\/wp-content\/uploads\/2017\/02\/Diversidad-300x212.jpg\" alt=\"\" width=\"300\" height=\"212\" srcset=\"https:\/\/balioenhiria.bilbao.eus\/wp-content\/uploads\/2017\/02\/Diversidad-300x212.jpg 300w, https:\/\/balioenhiria.bilbao.eus\/wp-content\/uploads\/2017\/02\/Diversidad-768x543.jpg 768w, https:\/\/balioenhiria.bilbao.eus\/wp-content\/uploads\/2017\/02\/Diversidad-1024x725.jpg 1024w, https:\/\/balioenhiria.bilbao.eus\/wp-content\/uploads\/2017\/02\/Diversidad-624x442.jpg 624w\" sizes=\"(max-width: 300px) 100vw, 300px\" \/><\/a><\/div>\n\t\t<\/div><\/div><div id=\"pgc-17-2-1\"  class=\"panel-grid-cell\" ><div id=\"panel-17-2-1-0\" class=\"so-panel widget widget_text panel-first-child panel-last-child\" data-index=\"5\" >\t\t\t<div class=\"textwidget\"><a href=\"http:\/\/balioenhiria.bilbao.eus\/vademecum-de-valores\/solidaridad\/\"><img loading=\"lazy\" decoding=\"async\" class=\"alignnone size-medium wp-image-127\" src=\"http:\/\/balioenhiria.bilbao.eus\/wp-content\/uploads\/2017\/02\/Solidaridad-300x212.jpg\" alt=\"\" width=\"300\" height=\"212\" srcset=\"https:\/\/balioenhiria.bilbao.eus\/wp-content\/uploads\/2017\/02\/Solidaridad-300x212.jpg 300w, https:\/\/balioenhiria.bilbao.eus\/wp-content\/uploads\/2017\/02\/Solidaridad-768x543.jpg 768w, https:\/\/balioenhiria.bilbao.eus\/wp-content\/uploads\/2017\/02\/Solidaridad-1024x725.jpg 1024w, https:\/\/balioenhiria.bilbao.eus\/wp-content\/uploads\/2017\/02\/Solidaridad-624x442.jpg 624w\" sizes=\"(max-width: 300px) 100vw, 300px\" \/><\/a><\/div>\n\t\t<\/div><\/div><div id=\"pgc-17-2-2\"  class=\"panel-grid-cell\" ><div id=\"panel-17-2-2-0\" class=\"so-panel widget widget_text panel-first-child panel-last-child\" data-index=\"6\" >\t\t\t<div class=\"textwidget\"><center><p style=\"font-size: 22px;  text-transform: uppercase;\">Vadem\u00e9cum de valores<\/p>\n<a href=\"http:\/\/balioenhiria.bilbao.eus\/wp-content\/uploads\/2017\/02\/VademecumBilbaoBalioenHiria.pdf\"><img decoding=\"async\" src=\"http:\/\/balioenhiria.bilbao.eus\/wp-content\/uploads\/2017\/02\/pdfGris.png\" width=\"100px\" \/><\/a><\/center><\/div>\n\t\t<\/div><\/div><div id=\"pgc-17-2-3\"  class=\"panel-grid-cell\" ><div id=\"panel-17-2-3-0\" class=\"so-panel widget widget_text panel-first-child panel-last-child\" data-index=\"7\" >\t\t\t<div class=\"textwidget\"><a href=\"http:\/\/balioenhiria.bilbao.eus\/vademecum-de-valores\/participacion\/\"><img loading=\"lazy\" decoding=\"async\" class=\"alignnone size-medium wp-image-129\" src=\"http:\/\/balioenhiria.bilbao.eus\/wp-content\/uploads\/2017\/02\/Participacion-300x212.jpg\" alt=\"\" width=\"300\" height=\"212\" srcset=\"https:\/\/balioenhiria.bilbao.eus\/wp-content\/uploads\/2017\/02\/Participacion-300x212.jpg 300w, https:\/\/balioenhiria.bilbao.eus\/wp-content\/uploads\/2017\/02\/Participacion-768x543.jpg 768w, https:\/\/balioenhiria.bilbao.eus\/wp-content\/uploads\/2017\/02\/Participacion-1024x725.jpg 1024w, https:\/\/balioenhiria.bilbao.eus\/wp-content\/uploads\/2017\/02\/Participacion-624x442.jpg 624w\" sizes=\"(max-width: 300px) 100vw, 300px\" \/><\/a><\/div>\n\t\t<\/div><\/div><div id=\"pgc-17-2-4\"  class=\"panel-grid-cell\" ><div id=\"panel-17-2-4-0\" class=\"so-panel widget widget_text panel-first-child panel-last-child\" data-index=\"8\" >\t\t\t<div class=\"textwidget\"><a href=\"http:\/\/balioenhiria.bilbao.eus\/vademecum-de-valores\/creatividad\/\"><img loading=\"lazy\" decoding=\"async\" class=\"alignnone size-medium wp-image-131\" src=\"http:\/\/balioenhiria.bilbao.eus\/wp-content\/uploads\/2017\/02\/Creatividad-300x212.jpg\" alt=\"\" width=\"300\" height=\"212\" srcset=\"https:\/\/balioenhiria.bilbao.eus\/wp-content\/uploads\/2017\/02\/Creatividad-300x212.jpg 300w, https:\/\/balioenhiria.bilbao.eus\/wp-content\/uploads\/2017\/02\/Creatividad-768x543.jpg 768w, https:\/\/balioenhiria.bilbao.eus\/wp-content\/uploads\/2017\/02\/Creatividad-1024x725.jpg 1024w, https:\/\/balioenhiria.bilbao.eus\/wp-content\/uploads\/2017\/02\/Creatividad-624x442.jpg 624w\" sizes=\"(max-width: 300px) 100vw, 300px\" \/><\/a><\/div>\n\t\t<\/div><\/div><\/div><div id=\"pg-17-3\"  class=\"panel-grid panel-no-style\" ><div id=\"pgc-17-3-0\"  class=\"panel-grid-cell panel-grid-cell-empty\" ><\/div><div id=\"pgc-17-3-1\"  class=\"panel-grid-cell\" ><div id=\"panel-17-3-1-0\" class=\"so-panel widget widget_text panel-first-child panel-last-child\" data-index=\"9\" >\t\t\t<div class=\"textwidget\"><a href=\"http:\/\/balioenhiria.bilbao.eus\/vademecum-de-valores\/confianza\/\"><img loading=\"lazy\" decoding=\"async\" class=\"alignnone size-medium wp-image-124\" src=\"http:\/\/balioenhiria.bilbao.eus\/wp-content\/uploads\/2017\/02\/Confianza-300x212.jpg\" alt=\"\" width=\"300\" height=\"212\" srcset=\"https:\/\/balioenhiria.bilbao.eus\/wp-content\/uploads\/2017\/02\/Confianza-300x212.jpg 300w, https:\/\/balioenhiria.bilbao.eus\/wp-content\/uploads\/2017\/02\/Confianza-768x543.jpg 768w, https:\/\/balioenhiria.bilbao.eus\/wp-content\/uploads\/2017\/02\/Confianza-1024x725.jpg 1024w, https:\/\/balioenhiria.bilbao.eus\/wp-content\/uploads\/2017\/02\/Confianza-624x442.jpg 624w\" sizes=\"(max-width: 300px) 100vw, 300px\" \/><\/a><\/div>\n\t\t<\/div><\/div><div id=\"pgc-17-3-2\"  class=\"panel-grid-cell\" ><div id=\"panel-17-3-2-0\" class=\"so-panel widget widget_text panel-first-child panel-last-child\" data-index=\"10\" >\t\t\t<div class=\"textwidget\"><a href=\"http:\/\/balioenhiria.bilbao.eus\/vademecum-de-valores\/compromiso\/\"><img loading=\"lazy\" decoding=\"async\" class=\"alignnone size-medium wp-image-132\" src=\"http:\/\/balioenhiria.bilbao.eus\/wp-content\/uploads\/2017\/02\/Compromiso-300x212.jpg\" alt=\"\" width=\"300\" height=\"212\" srcset=\"https:\/\/balioenhiria.bilbao.eus\/wp-content\/uploads\/2017\/02\/Compromiso-300x212.jpg 300w, https:\/\/balioenhiria.bilbao.eus\/wp-content\/uploads\/2017\/02\/Compromiso-768x543.jpg 768w, https:\/\/balioenhiria.bilbao.eus\/wp-content\/uploads\/2017\/02\/Compromiso-1024x725.jpg 1024w, https:\/\/balioenhiria.bilbao.eus\/wp-content\/uploads\/2017\/02\/Compromiso-624x442.jpg 624w\" sizes=\"(max-width: 300px) 100vw, 300px\" \/><\/a><\/div>\n\t\t<\/div><\/div><div id=\"pgc-17-3-3\"  class=\"panel-grid-cell panel-grid-cell-mobile-last\" ><div id=\"panel-17-3-3-0\" class=\"so-panel widget widget_text panel-first-child panel-last-child\" data-index=\"11\" >\t\t\t<div class=\"textwidget\"><a href=\"http:\/\/balioenhiria.bilbao.eus\/vademecum-de-valores\/sostenibilidad-medioambiental\/\"><img loading=\"lazy\" decoding=\"async\" src=\"http:\/\/balioenhiria.bilbao.eus\/wp-content\/uploads\/2017\/02\/Sostenibilidad_medioambiental-300x213.jpg\" alt=\"\" width=\"300\" height=\"213\" class=\"alignnone size-medium wp-image-149\" srcset=\"https:\/\/balioenhiria.bilbao.eus\/wp-content\/uploads\/2017\/02\/Sostenibilidad_medioambiental-300x213.jpg 300w, https:\/\/balioenhiria.bilbao.eus\/wp-content\/uploads\/2017\/02\/Sostenibilidad_medioambiental-768x544.jpg 768w, https:\/\/balioenhiria.bilbao.eus\/wp-content\/uploads\/2017\/02\/Sostenibilidad_medioambiental-1024x725.jpg 1024w, https:\/\/balioenhiria.bilbao.eus\/wp-content\/uploads\/2017\/02\/Sostenibilidad_medioambiental-624x442.jpg 624w, https:\/\/balioenhiria.bilbao.eus\/wp-content\/uploads\/2017\/02\/Sostenibilidad_medioambiental-350x250.jpg 350w\" sizes=\"(max-width: 300px) 100vw, 300px\" \/><\/a><\/div>\n\t\t<\/div><\/div><div id=\"pgc-17-3-4\"  class=\"panel-grid-cell panel-grid-cell-empty\" ><\/div><\/div><div id=\"pg-17-4\"  class=\"panel-grid panel-no-style\" ><div id=\"pgc-17-4-0\"  class=\"panel-grid-cell\" ><div id=\"panel-17-4-0-0\" class=\"so-panel widget widget_text panel-first-child panel-last-child\" data-index=\"12\" >\t\t\t<div class=\"textwidget\">Valores vinculados: alteridad, autonom\u00eda, bien com\u00fan, coherencia, colaboraci\u00f3n, constancia, convivencia, di\u00e1logo, dignidad de la persona, empat\u00eda, esfuerzo, fortaleza, inclusi\u00f3n, innovaci\u00f3n, libertad, pluralismo, reconocimiento, responsabilidad, transformaci\u00f3n, transparencia.<\/div>\n\t\t<\/div><\/div><\/div><\/div>","protected":false},"excerpt":{"rendered":"<p>Para facilitar el an\u00e1lisis, di\u00e1logo y reflexi\u00f3n en torno al estado de salud de los valores en nuestra ciudad y permitir la comparaci\u00f3n con proyectos similares en otros lugares del mundo, hemos ordenado la interminable lista de valores existentes en un dec\u00e1logo: respeto a los Derechos Humanos, solidaridad, participaci\u00f3n, confianza, creatividad, igualdad entre mujeres y [&hellip;]<\/p>\n","protected":false},"author":2,"featured_media":0,"parent":0,"menu_order":0,"comment_status":"closed","ping_status":"closed","template":"","meta":{"footnotes":""},"_links":{"self":[{"href":"https:\/\/balioenhiria.bilbao.eus\/es\/wp-json\/wp\/v2\/pages\/17"}],"collection":[{"href":"https:\/\/balioenhiria.bilbao.eus\/es\/wp-json\/wp\/v2\/pages"}],"about":[{"href":"https:\/\/balioenhiria.bilbao.eus\/es\/wp-json\/wp\/v2\/types\/page"}],"author":[{"embeddable":true,"href":"https:\/\/balioenhiria.bilbao.eus\/es\/wp-json\/wp\/v2\/users\/2"}],"replies":[{"embeddable":true,"href":"https:\/\/balioenhiria.bilbao.eus\/es\/wp-json\/wp\/v2\/comments?post=17"}],"version-history":[{"count":19,"href":"https:\/\/balioenhiria.bilbao.eus\/es\/wp-json\/wp\/v2\/pages\/17\/revisions"}],"predecessor-version":[{"id":166,"href":"https:\/\/balioenhiria.bilbao.eus\/es\/wp-json\/wp\/v2\/pages\/17\/revisions\/166"}],"wp:attachment":[{"href":"https:\/\/balioenhiria.bilbao.eus\/es\/wp-json\/wp\/v2\/media?parent=17"}],"curies":[{"name":"wp","href":"https:\/\/api.w.org\/{rel}","templated":true}]}}