{"id":104,"date":"2017-02-15T18:43:30","date_gmt":"2017-02-15T17:43:30","guid":{"rendered":"http:\/\/balioenhiria.bilbao.eus\/?page_id=104"},"modified":"2020-10-28T17:29:31","modified_gmt":"2020-10-28T16:29:31","slug":"justicia-social","status":"publish","type":"page","link":"https:\/\/balioenhiria.bilbao.eus\/es\/vademecum-de-valores\/justicia-social\/","title":{"rendered":"Justicia social"},"content":{"rendered":"<p align=\"justify\"><span style=\"color: #0070c0;\"><span style=\"font-family: Arial,serif;\"><span style=\"font-size: x-large;\"><span lang=\"es-ES\">Definici\u00f3n<\/span><\/span><\/span><\/span><\/p>\n<p lang=\"es-ES\" align=\"justify\"><span style=\"font-family: Times New Roman,serif;\"><span style=\"font-size: medium;\"><span style=\"color: #000000;\"><span style=\"font-family: Arial,serif;\"><span style=\"font-size: small;\"><img loading=\"lazy\" decoding=\"async\" class=\"alignright size-medium wp-image-105\" src=\"http:\/\/balioenhiria.bilbao.eus\/wp-content\/uploads\/2017\/02\/B_justicia-282x300.jpg\" alt=\"\" width=\"282\" height=\"300\" srcset=\"https:\/\/balioenhiria.bilbao.eus\/wp-content\/uploads\/2017\/02\/B_justicia-282x300.jpg 282w, https:\/\/balioenhiria.bilbao.eus\/wp-content\/uploads\/2017\/02\/B_justicia-768x816.jpg 768w, https:\/\/balioenhiria.bilbao.eus\/wp-content\/uploads\/2017\/02\/B_justicia-963x1024.jpg 963w, https:\/\/balioenhiria.bilbao.eus\/wp-content\/uploads\/2017\/02\/B_justicia-624x663.jpg 624w\" sizes=\"(max-width: 282px) 100vw, 282px\" \/><span style=\"color: #000000;\">La <\/span><\/span><\/span><\/span><span style=\"color: #000000;\"><span style=\"font-family: Arial,serif;\"><span style=\"font-size: small;\">justicia social<\/span><\/span><span style=\"font-family: Arial,serif;\"><span style=\"font-size: small;\">\u00a0<\/span><\/span><span style=\"font-family: Arial,serif;\"><span style=\"font-size: small;\">hace referencia a la necesidad de lograr un<\/span><\/span><span style=\"font-family: Arial,serif;\"><span style=\"font-size: small;\">\u00a0<\/span><\/span><span style=\"font-family: Arial,serif;\"><span style=\"font-size: small;\">reparto equitativo de los bienes sociales, asegurando as\u00ed la dignidad de todas las personas y la cohesi\u00f3n social. <\/span><\/span><span style=\"font-family: Arial,serif;\"><span style=\"font-size: small;\">La justicia social se entiende en una doble direcci\u00f3n. Por un lado se trata de un principio de la vida social que gu\u00eda tanto la acci\u00f3n individual como la acci\u00f3n de las instituciones en una comunidad pol\u00edtica. Por otro lado, es una caracter\u00edstica del modo de ser de las personas, seg\u00fan la cual se act\u00faa desde la convicci\u00f3n de respetar siempre la dignidad de las otras personas. En ambos casos exige como premisa la asunci\u00f3n de la preminencia del bien com\u00fan sobre el inter\u00e9s privado, y se despliega en una triple dimensi\u00f3n: <\/span><\/span><\/span><\/span><\/span><\/p>\n<ul>\n<li>\n<p lang=\"es-ES\" align=\"justify\"><span style=\"font-family: Times New Roman,serif; color: #000000;\"><span style=\"font-size: medium;\"><span style=\"font-family: Arial,serif;\"><span style=\"font-size: small;\">Implica mecanismos efectivos reales y suficientes de redistribuci\u00f3n de la riqueza para garantizar las condiciones materiales m\u00ednimas para que todas las personas puedan ejercer sus libertades b\u00e1sicas<\/span><\/span> <span style=\"font-family: Arial,serif;\"><span style=\"font-size: small;\">(expresadas en los Derechos Humanos).<\/span><\/span><\/span><\/span><\/p>\n<\/li>\n<li>\n<p lang=\"es-ES\" align=\"justify\"><span style=\"font-family: Times New Roman,serif; color: #000000;\"><span style=\"font-size: medium;\"><span style=\"font-family: Arial,serif;\"><span style=\"font-size: small;\">Adem\u00e1s supone din\u00e1micas sociales de reconocimiento de la diferencia desplegando as\u00ed un potencial integrador y reparador de injusticias no materiales que refuerzan los lazos de la comunidad pol\u00edtica.<\/span><\/span><\/span><\/span><\/p>\n<\/li>\n<li>\n<p lang=\"es-ES\" align=\"justify\"><span style=\"font-family: Times New Roman,serif; color: #000000;\"><span style=\"font-size: medium;\"><span style=\"font-family: Arial,serif;\"><span style=\"font-size: small;\">Finalmente, reclama crecientes oportunidades de participaci\u00f3n en los diferentes contextos de la actividad com\u00fan, potenciando as\u00ed tanto el desarrollo individual como el desarrollo de la comunidad pol\u00edtica sobre la base del reconocimiento mutuo de la dignidad com\u00fan.<\/span><\/span><\/span><\/span><\/p>\n<\/li>\n<\/ul>\n<p><span style=\"color: #0070c0;\"><span style=\"font-family: Arial,serif;\"><span style=\"font-size: x-large;\"><span lang=\"es-ES\">Comportamientos asociados <\/span><\/span><\/span><\/span><\/p>\n<p align=\"justify\"><span style=\"font-family: Arial,serif; color: #000000;\"><span style=\"font-size: small;\"><span lang=\"es-ES\">Las implicaciones en los comportamientos de los tres agentes (personas individuales, organizaciones de la sociedad civil e instituciones p\u00fablicas) promotores del valor \u201cjusticia social\u201d se explicitan de modo diverso atendiendo al rol social de cada sujeto. <\/span><\/span><\/span><\/p>\n<p><span style=\"color: #0070c0;\"><span style=\"font-family: Arial,serif;\"><span style=\"font-size: large;\"><span lang=\"es-ES\">Ciudadan\u00eda<\/span><\/span><\/span><\/span><\/p>\n<p align=\"justify\"><span style=\"font-family: Arial,serif; color: #000000;\"><span style=\"font-size: small;\"><span lang=\"es-ES\">De la ciudadan\u00eda justa cabe esperar en primera instancia la madurez que exige la preminencia del inter\u00e9s p\u00fablico sobre el privado, buscando aquellas relaciones que promueven el reconocimiento del otro, de su dignidad y de su capacidad de participaci\u00f3n en igualdad de posiciones. Se espera adem\u00e1s su renuncia a posiciones de privilegio as\u00ed como la conciencia n\u00edtida de saberse interdependiente con respecto a los dem\u00e1s ciudadanos y coautor con ellos del tipo de relaciones de poder que da\u00f1an libertades b\u00e1sicas y sus condiciones materiales o las favorecen.<\/span><\/span><\/span><\/p>\n<p><span style=\"color: #0070c0;\"><span style=\"font-family: Arial,serif;\"><span style=\"font-size: large;\"><span lang=\"es-ES\">Organizaciones sociales<\/span><\/span><\/span><\/span><\/p>\n<p align=\"justify\"><span style=\"font-family: Arial,serif; color: #000000;\"><span style=\"font-size: small;\"><span lang=\"es-ES\">Se espera de ellas la misma conciencia con respecto a la preminencia del bien com\u00fan sobre el inter\u00e9s privado. Se les pide un especial cuidado de los derechos humanos, primordialmente en lo que ata\u00f1e a la garant\u00eda de las condiciones materiales que permiten el ejercicio de las libertades b\u00e1sicas. Se les atribuye la capacidad de implementar acciones correctoras de la desigualdad (tanto material como de reconocimiento) y el cultivo de relaciones sociales colaborativas en las que nunca la ganancia de unos se sostenga sobre la expulsi\u00f3n, la exclusi\u00f3n, la discriminaci\u00f3n o el insuficiente reconocimiento de la dignidad de los dem\u00e1s ciudadanos. Estos comportamientos se piensan tanto en la escala local como en la global.<\/span><\/span><\/span><\/p>\n<p><span style=\"color: #0070c0;\"><span style=\"font-family: Arial,serif;\"><span style=\"font-size: large;\"><span lang=\"es-ES\">Ayuntamiento<\/span><\/span><\/span><\/span><\/p>\n<p align=\"justify\"><span style=\"font-family: Arial,serif; color: #000000;\"><span style=\"font-size: small;\"><span lang=\"es-ES\">Este es el nivel colectivo y m\u00e1s claramente pol\u00edtico de la justicia social como modelo de relaciones entre la ciudadan\u00eda en lo que ata\u00f1e al poder y su ejercicio. El deber de esta instituci\u00f3n ata\u00f1e al dise\u00f1o de pol\u00edticas p\u00fablicas y la elaboraci\u00f3n de legislaci\u00f3n oportuna destinada a minimizar la injusticia estructural en el \u00e1mbito local. Su labor debe adem\u00e1s favorecer din\u00e1micas de reconocimiento social que visibilicen lo invisibilizado, as\u00ed como la promoci\u00f3n de la participaci\u00f3n, procurando el fomento y la preminencia del bien com\u00fan con criterios socialmente discernidos, prestando atenci\u00f3n a los diferentes intereses leg\u00edtimos en un juego equilibrado de desarrollo de los mismos.<\/span><\/span><\/span><\/p>","protected":false},"excerpt":{"rendered":"<p>Definici\u00f3n La justicia social\u00a0hace referencia a la necesidad de lograr un\u00a0reparto equitativo de los bienes sociales, asegurando as\u00ed la dignidad de todas las personas y la cohesi\u00f3n social. La justicia social se entiende en una doble direcci\u00f3n. Por un lado se trata de un principio de la vida social que gu\u00eda tanto la acci\u00f3n individual [&hellip;]<\/p>\n","protected":false},"author":2,"featured_media":0,"parent":17,"menu_order":0,"comment_status":"closed","ping_status":"closed","template":"","meta":{"footnotes":""},"_links":{"self":[{"href":"https:\/\/balioenhiria.bilbao.eus\/es\/wp-json\/wp\/v2\/pages\/104"}],"collection":[{"href":"https:\/\/balioenhiria.bilbao.eus\/es\/wp-json\/wp\/v2\/pages"}],"about":[{"href":"https:\/\/balioenhiria.bilbao.eus\/es\/wp-json\/wp\/v2\/types\/page"}],"author":[{"embeddable":true,"href":"https:\/\/balioenhiria.bilbao.eus\/es\/wp-json\/wp\/v2\/users\/2"}],"replies":[{"embeddable":true,"href":"https:\/\/balioenhiria.bilbao.eus\/es\/wp-json\/wp\/v2\/comments?post=104"}],"version-history":[{"count":4,"href":"https:\/\/balioenhiria.bilbao.eus\/es\/wp-json\/wp\/v2\/pages\/104\/revisions"}],"predecessor-version":[{"id":978,"href":"https:\/\/balioenhiria.bilbao.eus\/es\/wp-json\/wp\/v2\/pages\/104\/revisions\/978"}],"up":[{"embeddable":true,"href":"https:\/\/balioenhiria.bilbao.eus\/es\/wp-json\/wp\/v2\/pages\/17"}],"wp:attachment":[{"href":"https:\/\/balioenhiria.bilbao.eus\/es\/wp-json\/wp\/v2\/media?parent=104"}],"curies":[{"name":"wp","href":"https:\/\/api.w.org\/{rel}","templated":true}]}}