{"id":101,"date":"2017-02-15T18:41:53","date_gmt":"2017-02-15T17:41:53","guid":{"rendered":"http:\/\/balioenhiria.bilbao.eus\/?page_id=101"},"modified":"2020-10-28T17:24:25","modified_gmt":"2020-10-28T16:24:25","slug":"compromiso","status":"publish","type":"page","link":"https:\/\/balioenhiria.bilbao.eus\/es\/vademecum-de-valores\/compromiso\/","title":{"rendered":"Compromiso"},"content":{"rendered":"<span style=\"color: #0070c0;\"><span style=\"font-family: Arial,serif;\"><span style=\"font-size: x-large;\"><span lang=\"es-ES\">Definici\u00f3n<\/span><\/span><\/span><\/span><\/p>\n<p align=\"justify\"><span style=\"font-family: Arial,serif;\"><span style=\"font-size: small;\"><span lang=\"es-ES\"><img loading=\"lazy\" decoding=\"async\" class=\"alignright size-medium wp-image-102\" src=\"http:\/\/balioenhiria.bilbao.eus\/wp-content\/uploads\/2017\/02\/B_compromiso-282x300.jpg\" alt=\"\" width=\"282\" height=\"300\" srcset=\"https:\/\/balioenhiria.bilbao.eus\/wp-content\/uploads\/2017\/02\/B_compromiso-282x300.jpg 282w, https:\/\/balioenhiria.bilbao.eus\/wp-content\/uploads\/2017\/02\/B_compromiso-768x816.jpg 768w, https:\/\/balioenhiria.bilbao.eus\/wp-content\/uploads\/2017\/02\/B_compromiso-963x1024.jpg 963w, https:\/\/balioenhiria.bilbao.eus\/wp-content\/uploads\/2017\/02\/B_compromiso-624x663.jpg 624w\" sizes=\"(max-width: 282px) 100vw, 282px\" \/><span style=\"color: #000000;\">Inicialmente, se entiende por \u00abcompromiso\u00bb la obligaci\u00f3n que se asume o contrae ante otras personas o instituciones. A trav\u00e9s de un gesto, una palabra, un documento, vinculamos nuestra persona a la realizaci\u00f3n o cumplimiento de algo acordado con otros.<\/span><\/span><\/span><\/span><\/p>\n<p align=\"justify\"><span style=\"font-family: Arial,serif; color: #000000;\"><span style=\"font-size: small;\"><span lang=\"es-ES\">Derivado de este significado original, tambi\u00e9n denominamos \u00abcompromiso\u00bb a la actitud, dedicaciones y comportamientos concretos que desarrollamos, precisamente como consecuencia del acto de compromiso, en aras de cumplimentarlo de un modo adecuado y satisfactorio. De esta manera, el compromiso adquirido genera un comportamiento comprometido y \u00e9ste, a su vez, configura internamente a quien lo realiza, convirti\u00e9ndolo en una persona o entidad \u00abcomprometida\u00bb. <\/span><\/span><\/span><\/p>\n<p align=\"justify\"><span style=\"font-family: Arial,serif; color: #000000;\"><span style=\"font-size: small;\"><span lang=\"es-ES\">Cuando el marco de realizaci\u00f3n es la realidad social, ciudadana, hablamos de \u00abcompromiso c\u00edvico\u00bb, entendiendo por tal el conjunto de responsabilidades que tienen, individual y colectivamente, las personas que componen una organizaci\u00f3n social en orden a poner sus capacidades y posibilidades al servicio del bien com\u00fan y de los objetivos colectivos compartidos. <\/span><\/span><\/span><\/p>\n<p align=\"justify\"><span style=\"font-family: Arial,serif;\"><span style=\"font-size: small;\"><span lang=\"es-ES\"><span style=\"color: #000000;\">Podemos decir, anal\u00edticamente, que el compromiso procede b\u00e1sicamente de dos comportamientos tan humanos como son la promesa y la solidaridad. Por un lado, porque las personas somos volubles y porque no podemos predecir totalmente las consecuencias de nuestros actos, intentamos paliar estas deficiencias haciendo promesas, que generan compromiso. Por otro, porque nos sentimos copart\u00edcipes y corresponsables con otros seres humanos, con los que nos identificamos, nos solidarizamos con ellos asumiendo compromisos. En \u00faltima instancia, el compromiso es el modo como las personas generamos confianza en nuestras interacciones sociales.<\/span> <\/span><\/span><\/span><\/p>\n<p align=\"justify\"><span style=\"color: #0070c0;\"><span style=\"font-family: Arial,serif;\"><span style=\"font-size: x-large;\"><span lang=\"es-ES\">Comportamientos asociados<\/span><\/span><\/span><\/span><\/p>\n<p align=\"justify\"><span style=\"font-family: Arial,serif; color: #000000;\"><span style=\"font-size: small;\"><span lang=\"es-ES\">Las implicaciones en los comportamientos de los tres agentes (personas individuales, organizaciones de la sociedad civil e instituciones p\u00fablicas) protagonistas del valor \u00abcompromiso\u00bb son de \u00edndole y magnitud diversa. <\/span><\/span><\/span><\/p>\n<p align=\"justify\"><span style=\"color: #0070c0;\"><span style=\"font-family: Arial,serif;\"><span style=\"font-size: large;\"><span lang=\"es-ES\">Ciudadan\u00eda<\/span><\/span><\/span><\/span><\/p>\n<p align=\"justify\"><span style=\"font-family: Arial,serif; color: #000000;\"><span style=\"font-size: small;\"><span lang=\"es-ES\">El compromiso, desde el punto de vista personal, solo puede surgir cuando superamos el individualismo y la indiferencia hacia los dem\u00e1s y lo colectivo. Adem\u00e1s, demanda responsabilidad y coherencia para asumir su realizaci\u00f3n. Y constancia y fortaleza para superar las dificultades que aparecen en el camino de la realizaci\u00f3n de lo propuesto.<\/span><\/span><\/span><\/p>\n<p align=\"justify\"><span style=\"font-family: Arial,serif; color: #000000;\"><span style=\"font-size: small;\"><span lang=\"es-ES\">Siguiendo una feliz formulaci\u00f3n, podemos decir que el compromiso demanda \u00abhacerse cargo\u00bb (tomar conciencia) de la realidad, \u00abcargar\u00bb (asumir costos) con ella y \u00abencargarse\u00bb (gestionar organizadamente) de la misma.<\/span><\/span><\/span><\/p>\n<p align=\"justify\"><span style=\"color: #0070c0;\"><span style=\"font-family: Arial,serif;\"><span style=\"font-size: large;\"><span lang=\"es-ES\">Organizaciones sociales<\/span><\/span><\/span><\/span><\/p>\n<p align=\"justify\"><span style=\"font-family: Arial,serif; color: #000000;\"><span style=\"font-size: small;\"><span lang=\"es-ES\">Las organizaciones sociales son un cauce adecuado para canalizar y hacer posible el compromiso ciudadano y logran un salto cualitativo de la agregaci\u00f3n y coordinaci\u00f3n de voluntades y esfuerzos individuales.<\/span><\/span><\/span><\/p>\n<p align=\"justify\"><span style=\"font-family: Arial,serif; color: #000000;\"><span style=\"font-size: small;\"><span lang=\"es-ES\">Por otro lado, las organizaciones sociales solo se ubican adecuadamente en el compromiso si asumen la perspectiva del bien com\u00fan, a partir de la prioridad de las personas m\u00e1s desfavorecidas socialmente. De no ser as\u00ed, se quedan en entidades colectivas de autoayuda para sus integrantes, sin compromiso con el exterior.<\/span><\/span><\/span><\/p>\n<p align=\"justify\"><span style=\"font-family: Arial,serif; color: #000000;\"><span style=\"font-size: small;\"><span lang=\"es-ES\">Adem\u00e1s, las entidades sociales han de asumir su insustituible papel de escuelas de compromiso ciudadano, educadoras y forjadoras de personas comprometidas.<\/span><\/span><\/span><\/p>\n<p align=\"justify\"><span style=\"color: #0070c0;\"><span style=\"font-family: Arial,serif;\"><span style=\"font-size: large;\"><span lang=\"es-ES\">Ayuntamiento<\/span><\/span><\/span><\/span><\/p>\n<p align=\"justify\"><span style=\"font-family: Arial,serif; color: #000000;\"><span style=\"font-size: small;\"><span lang=\"es-ES\">El compromiso del entramado institucional municipal demanda de este, para ser adecuadamente realizado, superar la l\u00f3gica partidista que a menudo atenaza a las instituciones p\u00fablicas. El Ayuntamiento ha de cumplir sus compromisos con la ciudadan\u00eda independientemente de la adscripci\u00f3n pol\u00edtica de los beneficiarios, del costo en t\u00e9rminos de apoyo electoral que suponga y siempre contemplando el horizonte de las consecuencias positivas que su cumplimiento reporta en el largo plazo.<\/span><\/span><\/span><\/p>\n<p align=\"justify\"><span style=\"font-family: Arial,serif; color: #000000;\"><span style=\"font-size: small;\"><span lang=\"es-ES\">Adem\u00e1s, desde la instituci\u00f3n del gobierno municipal, es necesaria una pol\u00edtica de transparencia total en lo que a compromisos adquiridos, seguimiento de ejecuci\u00f3n y cumplimiento de los mismos se refiere, permitiendo el control por parte de la ciudadan\u00eda, ante la que y con la que, en \u00faltima instancia, se compromete.<\/span><\/span><\/span><\/p>","protected":false},"excerpt":{"rendered":"<p>Definici\u00f3n Inicialmente, se entiende por \u00abcompromiso\u00bb la obligaci\u00f3n que se asume o contrae ante otras personas o instituciones. A trav\u00e9s de un gesto, una palabra, un documento, vinculamos nuestra persona a la realizaci\u00f3n o cumplimiento de algo acordado con otros. Derivado de este significado original, tambi\u00e9n denominamos \u00abcompromiso\u00bb a la actitud, dedicaciones y comportamientos concretos [&hellip;]<\/p>\n","protected":false},"author":2,"featured_media":0,"parent":17,"menu_order":0,"comment_status":"closed","ping_status":"closed","template":"","meta":{"footnotes":""},"_links":{"self":[{"href":"https:\/\/balioenhiria.bilbao.eus\/es\/wp-json\/wp\/v2\/pages\/101"}],"collection":[{"href":"https:\/\/balioenhiria.bilbao.eus\/es\/wp-json\/wp\/v2\/pages"}],"about":[{"href":"https:\/\/balioenhiria.bilbao.eus\/es\/wp-json\/wp\/v2\/types\/page"}],"author":[{"embeddable":true,"href":"https:\/\/balioenhiria.bilbao.eus\/es\/wp-json\/wp\/v2\/users\/2"}],"replies":[{"embeddable":true,"href":"https:\/\/balioenhiria.bilbao.eus\/es\/wp-json\/wp\/v2\/comments?post=101"}],"version-history":[{"count":2,"href":"https:\/\/balioenhiria.bilbao.eus\/es\/wp-json\/wp\/v2\/pages\/101\/revisions"}],"predecessor-version":[{"id":977,"href":"https:\/\/balioenhiria.bilbao.eus\/es\/wp-json\/wp\/v2\/pages\/101\/revisions\/977"}],"up":[{"embeddable":true,"href":"https:\/\/balioenhiria.bilbao.eus\/es\/wp-json\/wp\/v2\/pages\/17"}],"wp:attachment":[{"href":"https:\/\/balioenhiria.bilbao.eus\/es\/wp-json\/wp\/v2\/media?parent=101"}],"curies":[{"name":"wp","href":"https:\/\/api.w.org\/{rel}","templated":true}]}}