{"id":403,"date":"2019-02-19T16:05:32","date_gmt":"2019-02-19T15:05:32","guid":{"rendered":"http:\/\/balioenhiria.bilbao.eus\/?page_id=403"},"modified":"2019-02-21T10:20:29","modified_gmt":"2019-02-21T09:20:29","slug":"noticias","status":"publish","type":"page","link":"https:\/\/balioenhiria.bilbao.eus\/en\/noticias\/","title":{"rendered":"Noticias"},"content":{"rendered":"<style>.wp-show-posts-columns#wpsp-413 {margin-left: -2em; }.wp-show-posts-columns#wpsp-413 .wp-show-posts-inner {margin: 0 0 2em 2em; }<\/style><section id=\"wpsp-413\" class=\" wp-show-posts\" style=\"\"><article class=\" wp-show-posts-single wpsp-clearfix post-2047 post type-post status-publish format-standard hentry category-noticias\" itemtype=\"http:\/\/schema.org\/CreativeWork\" itemscope><div class=\"wp-show-posts-inner\" style=\"\">\t\t\t\t\t\t<header class=\"wp-show-posts-entry-header\">\n\t\t\t\t\t\t\t<h2 class=\"wp-show-posts-entry-title\" itemprop=\"headline\"><a href=\"https:\/\/balioenhiria.bilbao.eus\/en\/el-alcalde-entrega-los-vi-premios-bilbao-balioen-hiria-a-la-fundacion-bilbao-basket-a-la-universidad-del-pais-vasco-y-al-ies-luis-brinas-santutxu\/\" rel=\"bookmark\">EL ALCALDE ENTREGA LOS VI PREMIOS BILBAO BALIOEN HIRIA A LA FUNDACI\u00d3N BILBAO BASKET, A LA UNIVERSIDAD DEL PA\u00cdS VASCO Y AL IES LUIS BRI\u00d1AS-SANTUTXU<\/a><\/h2><div class=\"wp-show-posts-entry-meta wp-show-posts-entry-meta-below-title post-meta-inline\"><span class=\"wp-show-posts-posted-on wp-show-posts-meta\">\n\t\t\t\t\t<a href=\"https:\/\/balioenhiria.bilbao.eus\/en\/el-alcalde-entrega-los-vi-premios-bilbao-balioen-hiria-a-la-fundacion-bilbao-basket-a-la-universidad-del-pais-vasco-y-al-ies-luis-brinas-santutxu\/\" title=\"01:43 PM\" rel=\"bookmark\"><time class=\"wp-show-posts-entry-date published\" datetime=\"2026-02-19T13:43:42+00:00\" itemprop=\"datePublished\">Thursday February 19th, 2026<\/time><time class=\"wp-show-posts-updated\" datetime=\"2026-02-19T15:30:21+00:00\" itemprop=\"dateModified\">Thursday February 19th, 2026<\/time><\/a>\n\t\t\t\t<\/span><\/div>\t\t\t\t\t\t<\/header><!-- .entry-header -->\n\t\t\t\t\t\t\t\t\t\t\t<div class=\"wp-show-posts-entry-summary\" itemprop=\"text\">\n\t\t\t\t\t\t\t<p>Sorry, this entry is only available in European Spanish and Basque.<\/p>\n\t\t\t\t\t\t<\/div><!-- .entry-summary -->\n\t\t\t\t\t<\/div><!-- wp-show-posts-inner --><div class=\"wpsp-clear\"><\/div><\/article><article class=\" wp-show-posts-single wpsp-clearfix post-2045 post type-post status-publish format-standard hentry category-noticias\" itemtype=\"http:\/\/schema.org\/CreativeWork\" itemscope><div class=\"wp-show-posts-inner\" style=\"\">\t\t\t\t\t\t<header class=\"wp-show-posts-entry-header\">\n\t\t\t\t\t\t\t<h2 class=\"wp-show-posts-entry-title\" itemprop=\"headline\"><a href=\"https:\/\/balioenhiria.bilbao.eus\/en\/iberdrola-y-una-treintena-de-empresas-se-adhieren-a-la-carta-de-valores-de-bilbao\/\" rel=\"bookmark\">IBERDROLA Y UNA TREINTENA DE EMPRESAS SE ADHIEREN A LA CARTA DE VALORES DE BILBAO<\/a><\/h2><div class=\"wp-show-posts-entry-meta wp-show-posts-entry-meta-below-title post-meta-inline\"><span class=\"wp-show-posts-posted-on wp-show-posts-meta\">\n\t\t\t\t\t<a href=\"https:\/\/balioenhiria.bilbao.eus\/en\/iberdrola-y-una-treintena-de-empresas-se-adhieren-a-la-carta-de-valores-de-bilbao\/\" title=\"01:37 PM\" rel=\"bookmark\"><time class=\"wp-show-posts-entry-date published\" datetime=\"2026-02-19T13:37:57+00:00\" itemprop=\"datePublished\">Thursday February 19th, 2026<\/time><time class=\"wp-show-posts-updated\" datetime=\"2026-02-19T15:28:27+00:00\" itemprop=\"dateModified\">Thursday February 19th, 2026<\/time><\/a>\n\t\t\t\t<\/span><\/div>\t\t\t\t\t\t<\/header><!-- .entry-header -->\n\t\t\t\t\t\t\t\t\t\t\t<div class=\"wp-show-posts-entry-summary\" itemprop=\"text\">\n\t\t\t\t\t\t\t<p>Sorry, this entry is only available in European Spanish and Basque.<\/p>\n\t\t\t\t\t\t<\/div><!-- .entry-summary -->\n\t\t\t\t\t<\/div><!-- wp-show-posts-inner --><div class=\"wpsp-clear\"><\/div><\/article><article class=\" wp-show-posts-single wpsp-clearfix post-2043 post type-post status-publish format-standard hentry category-noticias\" itemtype=\"http:\/\/schema.org\/CreativeWork\" itemscope><div class=\"wp-show-posts-inner\" style=\"\">\t\t\t\t\t\t<header class=\"wp-show-posts-entry-header\">\n\t\t\t\t\t\t\t<h2 class=\"wp-show-posts-entry-title\" itemprop=\"headline\"><a href=\"https:\/\/balioenhiria.bilbao.eus\/en\/una-treintena-de-empresas-de-b-accelerator-tower-bat-se-adhieren-a-la-carta-de-valores-de-bilbao\/\" rel=\"bookmark\">UNA TREINTENA DE EMPRESAS DE B ACCELERATOR TOWER (BAT) SE ADHIEREN A LA CARTA DE VALORES DE BILBAO<\/a><\/h2><div class=\"wp-show-posts-entry-meta wp-show-posts-entry-meta-below-title post-meta-inline\"><span class=\"wp-show-posts-posted-on wp-show-posts-meta\">\n\t\t\t\t\t<a href=\"https:\/\/balioenhiria.bilbao.eus\/en\/una-treintena-de-empresas-de-b-accelerator-tower-bat-se-adhieren-a-la-carta-de-valores-de-bilbao\/\" title=\"01:17 PM\" rel=\"bookmark\"><time class=\"wp-show-posts-entry-date published\" datetime=\"2026-02-19T13:17:19+00:00\" itemprop=\"datePublished\">Thursday February 19th, 2026<\/time><time class=\"wp-show-posts-updated\" datetime=\"2026-02-19T15:26:13+00:00\" itemprop=\"dateModified\">Thursday February 19th, 2026<\/time><\/a>\n\t\t\t\t<\/span><\/div>\t\t\t\t\t\t<\/header><!-- .entry-header -->\n\t\t\t\t\t\t\t\t\t\t\t<div class=\"wp-show-posts-entry-summary\" itemprop=\"text\">\n\t\t\t\t\t\t\t<p>Sorry, this entry is only available in European Spanish and Basque.<\/p>\n\t\t\t\t\t\t<\/div><!-- .entry-summary -->\n\t\t\t\t\t<\/div><!-- wp-show-posts-inner --><div class=\"wpsp-clear\"><\/div><\/article><article class=\" wp-show-posts-single wpsp-clearfix post-2041 post type-post status-publish format-standard hentry category-noticias\" itemtype=\"http:\/\/schema.org\/CreativeWork\" itemscope><div class=\"wp-show-posts-inner\" style=\"\">\t\t\t\t\t\t<header class=\"wp-show-posts-entry-header\">\n\t\t\t\t\t\t\t<h2 class=\"wp-show-posts-entry-title\" itemprop=\"headline\"><a href=\"https:\/\/balioenhiria.bilbao.eus\/en\/los-vii-premios-bilbao-balioen-hiria-son-para-la-asociacion-de-tiempo-libre-izartxo-harrobia-ikastola-y-el-colegio-de-psicologia-de-bizkaia\/\" rel=\"bookmark\">LOS VII PREMIOS BILBAO BALIOEN HIRIA SON PARA LA ASOCIACI\u00d3N DE TIEMPO LIBRE IZARTXO, HARROBIA IKASTOLA Y EL COLEGIO DE PSICOLOG\u00cdA DE BIZKAIA<\/a><\/h2><div class=\"wp-show-posts-entry-meta wp-show-posts-entry-meta-below-title post-meta-inline\"><span class=\"wp-show-posts-posted-on wp-show-posts-meta\">\n\t\t\t\t\t<a href=\"https:\/\/balioenhiria.bilbao.eus\/en\/los-vii-premios-bilbao-balioen-hiria-son-para-la-asociacion-de-tiempo-libre-izartxo-harrobia-ikastola-y-el-colegio-de-psicologia-de-bizkaia\/\" title=\"01:10 PM\" rel=\"bookmark\"><time class=\"wp-show-posts-entry-date published\" datetime=\"2026-02-19T13:10:16+00:00\" itemprop=\"datePublished\">Thursday February 19th, 2026<\/time><time class=\"wp-show-posts-updated\" datetime=\"2026-02-19T15:22:01+00:00\" itemprop=\"dateModified\">Thursday February 19th, 2026<\/time><\/a>\n\t\t\t\t<\/span><\/div>\t\t\t\t\t\t<\/header><!-- .entry-header -->\n\t\t\t\t\t\t\t\t\t\t\t<div class=\"wp-show-posts-entry-summary\" itemprop=\"text\">\n\t\t\t\t\t\t\t<p>Sorry, this entry is only available in European Spanish and Basque.<\/p>\n\t\t\t\t\t\t<\/div><!-- .entry-summary -->\n\t\t\t\t\t<\/div><!-- wp-show-posts-inner --><div class=\"wpsp-clear\"><\/div><\/article><article class=\" wp-show-posts-single wpsp-clearfix post-2032 post type-post status-publish format-standard hentry category-noticias\" itemtype=\"http:\/\/schema.org\/CreativeWork\" itemscope><div class=\"wp-show-posts-inner\" style=\"\">\t\t\t\t\t\t<header class=\"wp-show-posts-entry-header\">\n\t\t\t\t\t\t\t<h2 class=\"wp-show-posts-entry-title\" itemprop=\"headline\"><a href=\"https:\/\/balioenhiria.bilbao.eus\/en\/el-ayuntamiento-de-bilbao-abrira-manana-el-plazo-de-presentacion-de-propuestas-para-la-viii-edicion-de-los-premios-bilbao-balioen-hiria\/\" rel=\"bookmark\">EL AYUNTAMIENTO DE BILBAO ABRIR\u00c1 MA\u00d1ANA EL PLAZO DE PRESENTACI\u00d3N DE PROPUESTAS PARA LA VIII EDICI\u00d3N DE LOS PREMIOS BILBAO BALIOEN HIRIA<\/a><\/h2><div class=\"wp-show-posts-entry-meta wp-show-posts-entry-meta-below-title post-meta-inline\"><span class=\"wp-show-posts-posted-on wp-show-posts-meta\">\n\t\t\t\t\t<a href=\"https:\/\/balioenhiria.bilbao.eus\/en\/el-ayuntamiento-de-bilbao-abrira-manana-el-plazo-de-presentacion-de-propuestas-para-la-viii-edicion-de-los-premios-bilbao-balioen-hiria\/\" title=\"12:59 PM\" rel=\"bookmark\"><time class=\"wp-show-posts-entry-date published\" datetime=\"2026-02-19T12:59:36+00:00\" itemprop=\"datePublished\">Thursday February 19th, 2026<\/time><time class=\"wp-show-posts-updated\" datetime=\"2026-02-19T14:59:56+00:00\" itemprop=\"dateModified\">Thursday February 19th, 2026<\/time><\/a>\n\t\t\t\t<\/span><\/div>\t\t\t\t\t\t<\/header><!-- .entry-header -->\n\t\t\t\t\t\t\t\t\t\t\t<div class=\"wp-show-posts-entry-summary\" itemprop=\"text\">\n\t\t\t\t\t\t\t<p>Sorry, this entry is only available in European Spanish and Basque.<\/p>\n\t\t\t\t\t\t<\/div><!-- .entry-summary -->\n\t\t\t\t\t<\/div><!-- wp-show-posts-inner --><div class=\"wpsp-clear\"><\/div><\/article><article class=\" wp-show-posts-single wpsp-clearfix post-1998 post type-post status-publish format-standard has-post-thumbnail hentry category-noticias\" itemtype=\"http:\/\/schema.org\/CreativeWork\" itemscope><div class=\"wp-show-posts-inner\" style=\"\">\t\t<div class=\"wp-show-posts-image  wpsp-image-left \">\n\t\t\t<a href=\"https:\/\/balioenhiria.bilbao.eus\/en\/el-ayuntamiento-abre-hoy-el-plazo-para-presentar-propuestas-a-los-premios-bilbao-balioen-hiria-que-como-novedad-se-abren-a-las-universidades\/\"  title=\"EL AYUNTAMIENTO ABRE HOY EL PLAZO PARA PRESENTAR PROPUESTAS A LOS PREMIOS BILBAO BALIOEN HIRIA QUE COMO NOVEDAD SE ABREN A LAS UNIVERSIDADES\">\t\t\t\t\t<img decoding=\"async\" src=\"https:\/\/balioenhiria.bilbao.eus\/wp-content\/uploads\/2024\/02\/Foto12-100x67.jpg\" alt=\"EL AYUNTAMIENTO ABRE HOY EL PLAZO PARA PRESENTAR PROPUESTAS A LOS PREMIOS BILBAO BALIOEN HIRIA QUE COMO NOVEDAD SE ABREN A LAS UNIVERSIDADES\" itemprop=\"image\" class=\"left\" \/>\n\t\t\t\t<\/a>\t\t<\/div>\n\t\t\t\t\t\t\t\t<header class=\"wp-show-posts-entry-header\">\n\t\t\t\t\t\t\t<h2 class=\"wp-show-posts-entry-title\" itemprop=\"headline\"><a href=\"https:\/\/balioenhiria.bilbao.eus\/en\/el-ayuntamiento-abre-hoy-el-plazo-para-presentar-propuestas-a-los-premios-bilbao-balioen-hiria-que-como-novedad-se-abren-a-las-universidades\/\" rel=\"bookmark\">EL AYUNTAMIENTO ABRE HOY EL PLAZO PARA PRESENTAR PROPUESTAS A LOS PREMIOS BILBAO BALIOEN HIRIA QUE COMO NOVEDAD SE ABREN A LAS UNIVERSIDADES<\/a><\/h2><div class=\"wp-show-posts-entry-meta wp-show-posts-entry-meta-below-title post-meta-inline\"><span class=\"wp-show-posts-posted-on wp-show-posts-meta\">\n\t\t\t\t\t<a href=\"https:\/\/balioenhiria.bilbao.eus\/en\/el-ayuntamiento-abre-hoy-el-plazo-para-presentar-propuestas-a-los-premios-bilbao-balioen-hiria-que-como-novedad-se-abren-a-las-universidades\/\" title=\"10:39 AM\" rel=\"bookmark\"><time class=\"wp-show-posts-entry-date published\" datetime=\"2024-01-30T10:39:27+00:00\" itemprop=\"datePublished\">Tuesday January 30th, 2024<\/time><time class=\"wp-show-posts-updated\" datetime=\"2024-02-01T09:31:19+00:00\" itemprop=\"dateModified\">Thursday February  1st, 2024<\/time><\/a>\n\t\t\t\t<\/span><\/div>\t\t\t\t\t\t<\/header><!-- .entry-header -->\n\t\t\t\t\t\t\t\t\t\t\t<div class=\"wp-show-posts-entry-summary\" itemprop=\"text\">\n\t\t\t\t\t\t\t<p>Sorry, this entry is only available in European Spanish and Basque.<\/p>\n\t\t\t\t\t\t<\/div><!-- .entry-summary -->\n\t\t\t\t\t<\/div><!-- wp-show-posts-inner --><div class=\"wpsp-clear\"><\/div><\/article><article class=\" wp-show-posts-single wpsp-clearfix post-1896 post type-post status-publish format-standard has-post-thumbnail hentry category-noticias\" itemtype=\"http:\/\/schema.org\/CreativeWork\" itemscope><div class=\"wp-show-posts-inner\" style=\"\">\t\t<div class=\"wp-show-posts-image  wpsp-image-left \">\n\t\t\t<a href=\"https:\/\/balioenhiria.bilbao.eus\/en\/el-alcalde-de-bilbao-juan-mari-aburto-entrega-los-premios-bilbao-balioen-sariak-a-la-asociacion-the-eko-lab-al-centro-escolar-sanchez-marcos-y-a-la-fundacion-bakuva\/\"  title=\"EL ALCALDE DE BILBAO JUAN MARI ABURTO ENTREGA LOS PREMIOS BILBAO BALIOEN SARIAK A LA ASOCIACI\u00d3N THE EKO LAB, AL CENTRO ESCOLAR SANCHEZ MARCOS Y A LA FUNDACI\u00d3N BAKUVA\">\t\t\t\t\t<img decoding=\"async\" src=\"https:\/\/balioenhiria.bilbao.eus\/wp-content\/uploads\/2023\/04\/Foto11-100x55.jpg\" alt=\"EL ALCALDE DE BILBAO JUAN MARI ABURTO ENTREGA LOS PREMIOS BILBAO BALIOEN SARIAK A LA ASOCIACI\u00d3N THE EKO LAB, AL CENTRO ESCOLAR SANCHEZ MARCOS Y A LA FUNDACI\u00d3N BAKUVA\" itemprop=\"image\" class=\"left\" \/>\n\t\t\t\t<\/a>\t\t<\/div>\n\t\t\t\t\t\t\t\t<header class=\"wp-show-posts-entry-header\">\n\t\t\t\t\t\t\t<h2 class=\"wp-show-posts-entry-title\" itemprop=\"headline\"><a href=\"https:\/\/balioenhiria.bilbao.eus\/en\/el-alcalde-de-bilbao-juan-mari-aburto-entrega-los-premios-bilbao-balioen-sariak-a-la-asociacion-the-eko-lab-al-centro-escolar-sanchez-marcos-y-a-la-fundacion-bakuva\/\" rel=\"bookmark\">EL ALCALDE DE BILBAO JUAN MARI ABURTO ENTREGA LOS PREMIOS BILBAO BALIOEN SARIAK A LA ASOCIACI\u00d3N THE EKO LAB, AL CENTRO ESCOLAR SANCHEZ MARCOS Y A LA FUNDACI\u00d3N BAKUVA<\/a><\/h2><div class=\"wp-show-posts-entry-meta wp-show-posts-entry-meta-below-title post-meta-inline\"><span class=\"wp-show-posts-posted-on wp-show-posts-meta\">\n\t\t\t\t\t<a href=\"https:\/\/balioenhiria.bilbao.eus\/en\/el-alcalde-de-bilbao-juan-mari-aburto-entrega-los-premios-bilbao-balioen-sariak-a-la-asociacion-the-eko-lab-al-centro-escolar-sanchez-marcos-y-a-la-fundacion-bakuva\/\" title=\"09:39 AM\" rel=\"bookmark\"><time class=\"wp-show-posts-entry-date published\" datetime=\"2023-02-28T09:39:38+00:00\" itemprop=\"datePublished\">Tuesday February 28th, 2023<\/time><time class=\"wp-show-posts-updated\" datetime=\"2023-04-24T10:05:46+00:00\" itemprop=\"dateModified\">Monday April 24th, 2023<\/time><\/a>\n\t\t\t\t<\/span><\/div>\t\t\t\t\t\t<\/header><!-- .entry-header -->\n\t\t\t\t\t\t\t\t\t\t\t<div class=\"wp-show-posts-entry-summary\" itemprop=\"text\">\n\t\t\t\t\t\t\t<p>Sorry, this entry is only available in European Spanish and Basque.<\/p>\n\t\t\t\t\t\t<\/div><!-- .entry-summary -->\n\t\t\t\t\t<\/div><!-- wp-show-posts-inner --><div class=\"wpsp-clear\"><\/div><\/article><article class=\" wp-show-posts-single wpsp-clearfix post-1836 post type-post status-publish format-standard has-post-thumbnail hentry category-noticias\" itemtype=\"http:\/\/schema.org\/CreativeWork\" itemscope><div class=\"wp-show-posts-inner\" style=\"\">\t\t<div class=\"wp-show-posts-image  wpsp-image-left \">\n\t\t\t<a href=\"https:\/\/balioenhiria.bilbao.eus\/en\/el-ministerio-de-consumo-premia-al-ayuntamiento-de-bilbao-por-su-programa-integral-de-actividad-fisica-con-personas-mayores\/\"  title=\"EL MINISTERIO DE CONSUMO PREMIA AL AYUNTAMIENTO DE BILBAO POR SU PROGRAMA INTEGRAL DE ACTIVIDAD F\u00cdSICA CON PERSONAS MAYORES\">\t\t\t\t\t<img decoding=\"async\" src=\"https:\/\/balioenhiria.bilbao.eus\/wp-content\/uploads\/2022\/05\/Satellite-4-scaled-100x66.jpg\" alt=\"EL MINISTERIO DE CONSUMO PREMIA AL AYUNTAMIENTO DE BILBAO POR SU PROGRAMA INTEGRAL DE ACTIVIDAD F\u00cdSICA CON PERSONAS MAYORES\" itemprop=\"image\" class=\"left\" \/>\n\t\t\t\t<\/a>\t\t<\/div>\n\t\t\t\t\t\t\t\t<header class=\"wp-show-posts-entry-header\">\n\t\t\t\t\t\t\t<h2 class=\"wp-show-posts-entry-title\" itemprop=\"headline\"><a href=\"https:\/\/balioenhiria.bilbao.eus\/en\/el-ministerio-de-consumo-premia-al-ayuntamiento-de-bilbao-por-su-programa-integral-de-actividad-fisica-con-personas-mayores\/\" rel=\"bookmark\">EL MINISTERIO DE CONSUMO PREMIA AL AYUNTAMIENTO DE BILBAO POR SU PROGRAMA INTEGRAL DE ACTIVIDAD F\u00cdSICA CON PERSONAS MAYORES<\/a><\/h2><div class=\"wp-show-posts-entry-meta wp-show-posts-entry-meta-below-title post-meta-inline\"><span class=\"wp-show-posts-posted-on wp-show-posts-meta\">\n\t\t\t\t\t<a href=\"https:\/\/balioenhiria.bilbao.eus\/en\/el-ministerio-de-consumo-premia-al-ayuntamiento-de-bilbao-por-su-programa-integral-de-actividad-fisica-con-personas-mayores\/\" title=\"04:34 PM\" rel=\"bookmark\"><time class=\"wp-show-posts-entry-date published\" datetime=\"2022-05-16T16:34:08+00:00\" itemprop=\"datePublished\">Monday May 16th, 2022<\/time><time class=\"wp-show-posts-updated\" datetime=\"2022-06-29T12:55:49+00:00\" itemprop=\"dateModified\">Wednesday June 29th, 2022<\/time><\/a>\n\t\t\t\t<\/span><\/div>\t\t\t\t\t\t<\/header><!-- .entry-header -->\n\t\t\t\t\t\t\t\t\t\t\t<div class=\"wp-show-posts-entry-summary\" itemprop=\"text\">\n\t\t\t\t\t\t\t<p>Sorry, this entry is only available in European Spanish and Basque.<\/p>\n\t\t\t\t\t\t<\/div><!-- .entry-summary -->\n\t\t\t\t\t<\/div><!-- wp-show-posts-inner --><div class=\"wpsp-clear\"><\/div><\/article><article class=\" wp-show-posts-single wpsp-clearfix post-1825 post type-post status-publish format-standard has-post-thumbnail hentry category-noticias\" itemtype=\"http:\/\/schema.org\/CreativeWork\" itemscope><div class=\"wp-show-posts-inner\" style=\"\">\t\t<div class=\"wp-show-posts-image  wpsp-image-left \">\n\t\t\t<a href=\"https:\/\/balioenhiria.bilbao.eus\/en\/el-ayuntamiento-de-bilbao-inicia-una-serie-de-obras-de-mejora-de-accesibilidad-y-alumbrado-en-el-barrio-de-olabeaga\/\"  title=\"EL AYUNTAMIENTO DE BILBAO INICIA UNA SERIE DE OBRAS DE MEJORA DE ACCESIBILIDAD Y ALUMBRADO EN EL BARRIO DE OLABEAGA\">\t\t\t\t\t<img decoding=\"async\" src=\"https:\/\/balioenhiria.bilbao.eus\/wp-content\/uploads\/2022\/05\/Satellite-3-100x56.jpg\" alt=\"EL AYUNTAMIENTO DE BILBAO INICIA UNA SERIE DE OBRAS DE MEJORA DE ACCESIBILIDAD Y ALUMBRADO EN EL BARRIO DE OLABEAGA\" itemprop=\"image\" class=\"left\" \/>\n\t\t\t\t<\/a>\t\t<\/div>\n\t\t\t\t\t\t\t\t<header class=\"wp-show-posts-entry-header\">\n\t\t\t\t\t\t\t<h2 class=\"wp-show-posts-entry-title\" itemprop=\"headline\"><a href=\"https:\/\/balioenhiria.bilbao.eus\/en\/el-ayuntamiento-de-bilbao-inicia-una-serie-de-obras-de-mejora-de-accesibilidad-y-alumbrado-en-el-barrio-de-olabeaga\/\" rel=\"bookmark\">EL AYUNTAMIENTO DE BILBAO INICIA UNA SERIE DE OBRAS DE MEJORA DE ACCESIBILIDAD Y ALUMBRADO EN EL BARRIO DE OLABEAGA<\/a><\/h2><div class=\"wp-show-posts-entry-meta wp-show-posts-entry-meta-below-title post-meta-inline\"><span class=\"wp-show-posts-posted-on wp-show-posts-meta\">\n\t\t\t\t\t<a href=\"https:\/\/balioenhiria.bilbao.eus\/en\/el-ayuntamiento-de-bilbao-inicia-una-serie-de-obras-de-mejora-de-accesibilidad-y-alumbrado-en-el-barrio-de-olabeaga\/\" title=\"03:51 PM\" rel=\"bookmark\"><time class=\"wp-show-posts-entry-date published\" datetime=\"2022-05-16T15:51:10+00:00\" itemprop=\"datePublished\">Monday May 16th, 2022<\/time><time class=\"wp-show-posts-updated\" datetime=\"2022-06-29T12:58:54+00:00\" itemprop=\"dateModified\">Wednesday June 29th, 2022<\/time><\/a>\n\t\t\t\t<\/span><\/div>\t\t\t\t\t\t<\/header><!-- .entry-header -->\n\t\t\t\t\t\t\t\t\t\t\t<div class=\"wp-show-posts-entry-summary\" itemprop=\"text\">\n\t\t\t\t\t\t\t<p>Sorry, this entry is only available in European Spanish and Basque.<\/p>\n\t\t\t\t\t\t<\/div><!-- .entry-summary -->\n\t\t\t\t\t<\/div><!-- wp-show-posts-inner --><div class=\"wpsp-clear\"><\/div><\/article><article class=\" wp-show-posts-single wpsp-clearfix post-1811 post type-post status-publish format-standard has-post-thumbnail hentry category-noticias\" itemtype=\"http:\/\/schema.org\/CreativeWork\" itemscope><div class=\"wp-show-posts-inner\" style=\"\">\t\t<div class=\"wp-show-posts-image  wpsp-image-left \">\n\t\t\t<a href=\"https:\/\/balioenhiria.bilbao.eus\/en\/bilbao-rechaza-cualquier-tipo-de-discrimacion-contra-las-personas-lgtbiq\/\"  title=\"BILBAO RECHAZA CUALQUIER TIPO DE DISCRIMACI\u00d3N CONTRA LAS PERSONAS LGTBIQ+\">\t\t\t\t\t<img decoding=\"async\" src=\"https:\/\/balioenhiria.bilbao.eus\/wp-content\/uploads\/2022\/05\/Satellite2-2-100x83.jpg\" alt=\"BILBAO RECHAZA CUALQUIER TIPO DE DISCRIMACI\u00d3N CONTRA LAS PERSONAS LGTBIQ+\" itemprop=\"image\" class=\"left\" \/>\n\t\t\t\t<\/a>\t\t<\/div>\n\t\t\t\t\t\t\t\t<header class=\"wp-show-posts-entry-header\">\n\t\t\t\t\t\t\t<h2 class=\"wp-show-posts-entry-title\" itemprop=\"headline\"><a href=\"https:\/\/balioenhiria.bilbao.eus\/en\/bilbao-rechaza-cualquier-tipo-de-discrimacion-contra-las-personas-lgtbiq\/\" rel=\"bookmark\">BILBAO RECHAZA CUALQUIER TIPO DE DISCRIMACI\u00d3N CONTRA LAS PERSONAS LGTBIQ+<\/a><\/h2><div class=\"wp-show-posts-entry-meta wp-show-posts-entry-meta-below-title post-meta-inline\"><span class=\"wp-show-posts-posted-on wp-show-posts-meta\">\n\t\t\t\t\t<a href=\"https:\/\/balioenhiria.bilbao.eus\/en\/bilbao-rechaza-cualquier-tipo-de-discrimacion-contra-las-personas-lgtbiq\/\" title=\"03:35 PM\" rel=\"bookmark\"><time class=\"wp-show-posts-entry-date published\" datetime=\"2022-05-16T15:35:34+00:00\" itemprop=\"datePublished\">Monday May 16th, 2022<\/time><time class=\"wp-show-posts-updated\" datetime=\"2022-06-29T12:59:37+00:00\" itemprop=\"dateModified\">Wednesday June 29th, 2022<\/time><\/a>\n\t\t\t\t<\/span><\/div>\t\t\t\t\t\t<\/header><!-- .entry-header -->\n\t\t\t\t\t\t\t\t\t\t\t<div class=\"wp-show-posts-entry-summary\" itemprop=\"text\">\n\t\t\t\t\t\t\t<p>Sorry, this entry is only available in European Spanish and Basque.<\/p>\n\t\t\t\t\t\t<\/div><!-- .entry-summary -->\n\t\t\t\t\t<\/div><!-- wp-show-posts-inner --><div class=\"wpsp-clear\"><\/div><\/article><\/section><!-- .wp-show-posts --><div class=\"wpsp-load-more\"><span aria-current=\"page\" class=\"page-numbers current\">1<\/span>\n<a class=\"page-numbers\" href=\"https:\/\/balioenhiria.bilbao.eus\/en\/wp-json\/wp\/v2\/pages\/403\/page\/2\/\">2<\/a>\n<span class=\"page-numbers dots\">&hellip;<\/span>\n<a class=\"page-numbers\" href=\"https:\/\/balioenhiria.bilbao.eus\/en\/wp-json\/wp\/v2\/pages\/403\/page\/9\/\">9<\/a>\n<a class=\"next page-numbers\" href=\"https:\/\/balioenhiria.bilbao.eus\/en\/wp-json\/wp\/v2\/pages\/403\/page\/2\/\">Next &rarr;<\/a><\/div>\n","protected":false},"excerpt":{"rendered":"","protected":false},"author":3,"featured_media":0,"parent":0,"menu_order":0,"comment_status":"closed","ping_status":"closed","template":"","meta":{"footnotes":""},"_links":{"self":[{"href":"https:\/\/balioenhiria.bilbao.eus\/en\/wp-json\/wp\/v2\/pages\/403"}],"collection":[{"href":"https:\/\/balioenhiria.bilbao.eus\/en\/wp-json\/wp\/v2\/pages"}],"about":[{"href":"https:\/\/balioenhiria.bilbao.eus\/en\/wp-json\/wp\/v2\/types\/page"}],"author":[{"embeddable":true,"href":"https:\/\/balioenhiria.bilbao.eus\/en\/wp-json\/wp\/v2\/users\/3"}],"replies":[{"embeddable":true,"href":"https:\/\/balioenhiria.bilbao.eus\/en\/wp-json\/wp\/v2\/comments?post=403"}],"version-history":[{"count":9,"href":"https:\/\/balioenhiria.bilbao.eus\/en\/wp-json\/wp\/v2\/pages\/403\/revisions"}],"predecessor-version":[{"id":414,"href":"https:\/\/balioenhiria.bilbao.eus\/en\/wp-json\/wp\/v2\/pages\/403\/revisions\/414"}],"wp:attachment":[{"href":"https:\/\/balioenhiria.bilbao.eus\/en\/wp-json\/wp\/v2\/media?parent=403"}],"curies":[{"name":"wp","href":"https:\/\/api.w.org\/{rel}","templated":true}]}}